{"id":3609,"date":"2014-11-12T11:51:14","date_gmt":"2014-11-12T10:51:14","guid":{"rendered":"http:\/\/localhost\/iwansimonis\/obchod\/nezerazene\/gabriels-utierka-na-cistenie-sukna-mantinelov\/"},"modified":"2015-04-13T07:03:52","modified_gmt":"2015-04-13T07:03:52","slug":"gabriels-utierka-na-cistenie-sukna-mantinelov","status":"publish","type":"product","link":"https:\/\/www.billiard-pro.cz\/sk\/obchod\/biliardova-sukna-simonis\/cistice-a-kartace-sk\/gabriels-utierka-na-cistenie-sukna-mantinelov\/","title":{"rendered":"Gabriels utierka na \u010distenie s\u00fakna mantinelov"},"content":{"rendered":"<p><strong>Gabriels utierka na \u010distenie s\u00fakna\u00a0<img loading=\"lazy\" decoding=\"async\" class=\"size-thumbnail wp-image-5038 alignright\" src=\"https:\/\/www.billiard-pro.cz\/wp-content\/uploads\/2014\/08\/logo-gabriels.jpg\" alt=\"logo-gabriels\" width=\"150\" height=\"49\" data-id=\"2608\" \/><\/strong><\/p>\n<ul>\n<li>Ve\u013emi ob\u013e\u00faben\u00e1 a praktick\u00e1 utierka na \u010distenie biliardov\u00e9ho s\u00fakna<\/li>\n<li>Vhodn\u00e9 najm\u00e4 na \u010distenie s\u00fakna mantinelov u biliardov\u00e9ho stola<\/li>\n<li>\u0160etrn\u00e1 k s\u00faknu a ob\u013e\u00faben\u00e1 pre efektivitu \u010distenia<\/li>\n<li>Ob\u013e\u00faben\u00e1 u profesion\u00e1lnych hr\u00e1\u010dov<\/li>\n<\/ul>\n<p><strong style=\"line-height: 1.5em;\">K dispoz\u00edcii k nahliadnutiu a priamemu n\u00e1kupu v na\u0161ej vzorkovni:<\/strong><\/p>\n<p>BC \u0158ipsk\u00e1, \u0158ipsk\u00e1 24, Praha 3<\/p>\n<p><strong>Materi\u00e1l:<\/strong>\u00a0jemn\u00e9 a \u0161etrn\u00e9 mikrovl\u00e1kno<\/p>\n<p><strong>V\u00fdrobca:<\/strong>\u00a0Gabriels, Holandsko<\/p>\n<p><strong>Dostupnos\u0165 tovaru:<\/strong>\u00a0skladom s dodan\u00edm do 3 pracovn\u00fdch dn\u00ed<\/p>\n","protected":false},"excerpt":{"rendered":"<p>Gabriels utierka na \u010distenie s\u00fakna\u00a0 Ve\u013emi ob\u013e\u00faben\u00e1 a praktick\u00e1 utierka na \u010distenie biliardov\u00e9ho s\u00fakna Vhodn\u00e9 najm\u00e4 na \u010distenie s\u00fakna mantinelov u biliardov\u00e9ho stola \u0160etrn\u00e1 k s\u00faknu a ob\u013e\u00faben\u00e1 pre efektivitu \u010distenia Ob\u013e\u00faben\u00e1 u profesion\u00e1lnych hr\u00e1\u010dov K dispoz\u00edcii k nahliadnutiu a priamemu n\u00e1kupu v na\u0161ej vzorkovni: BC \u0158ipsk\u00e1, \u0158ipsk\u00e1 24, Praha 3 Materi\u00e1l:\u00a0jemn\u00e9 a \u0161etrn\u00e9 mikrovl\u00e1kno [&hellip;]<\/p>\n","protected":false},"featured_media":2744,"comment_status":"closed","ping_status":"closed","template":"","meta":[],"product_brand":[],"product_cat":[382],"product_tag":[],"class_list":{"0":"post-3609","1":"product","2":"type-product","3":"status-publish","4":"has-post-thumbnail","6":"product_cat-cistice-a-kartace-sk","8":"first","9":"instock","10":"shipping-taxable","11":"purchasable","12":"product-type-simple"},"_links":{"self":[{"href":"https:\/\/www.billiard-pro.cz\/sk\/wp-json\/wp\/v2\/product\/3609","targetHints":{"allow":["GET"]}}],"collection":[{"href":"https:\/\/www.billiard-pro.cz\/sk\/wp-json\/wp\/v2\/product"}],"about":[{"href":"https:\/\/www.billiard-pro.cz\/sk\/wp-json\/wp\/v2\/types\/product"}],"replies":[{"embeddable":true,"href":"https:\/\/www.billiard-pro.cz\/sk\/wp-json\/wp\/v2\/comments?post=3609"}],"wp:featuredmedia":[{"embeddable":true,"href":"https:\/\/www.billiard-pro.cz\/sk\/wp-json\/wp\/v2\/media\/2744"}],"wp:attachment":[{"href":"https:\/\/www.billiard-pro.cz\/sk\/wp-json\/wp\/v2\/media?parent=3609"}],"wp:term":[{"taxonomy":"product_brand","embeddable":true,"href":"https:\/\/www.billiard-pro.cz\/sk\/wp-json\/wp\/v2\/product_brand?post=3609"},{"taxonomy":"product_cat","embeddable":true,"href":"https:\/\/www.billiard-pro.cz\/sk\/wp-json\/wp\/v2\/product_cat?post=3609"},{"taxonomy":"product_tag","embeddable":true,"href":"https:\/\/www.billiard-pro.cz\/sk\/wp-json\/wp\/v2\/product_tag?post=3609"}],"curies":[{"name":"wp","href":"https:\/\/api.w.org\/{rel}","templated":true}]}}