{"id":3615,"date":"2014-11-17T10:10:05","date_gmt":"2014-11-17T09:10:05","guid":{"rendered":"http:\/\/localhost\/iwansimonis\/obchod\/nezerazene\/biliardove-tago-detske-classic-flames-cf-01-123-cm-modre-5-16x18-pool-dvojdielne\/"},"modified":"2015-05-16T09:27:36","modified_gmt":"2015-05-16T09:27:36","slug":"biliardove-tago-detske-classic-flames-cf-01-123-cm-modre-5-16x18-pool-dvojdielne","status":"publish","type":"product","link":"https:\/\/www.billiard-pro.cz\/sk\/obchod\/billiardove-potreby\/taga-sk\/taga-pool-sk\/biliardove-tago-detske-classic-flames-cf-01-123-cm-modre-5-16x18-pool-dvojdielne\/","title":{"rendered":"Biliardov\u00e9 t\u00e1go detsk\u00e9 Classic Flames CF-01 123 cm modr\u00e9 5 \/ 16&#215;18 -pool &#8211; dvojdielne"},"content":{"rendered":"<p><strong>Biliardov\u00e9 t\u00e1go detsk\u00e9 Classic Flames CF-01, \u00a0123 cm modr\u00e9 5 \/ 16&#215;18 -pool &#8211; dvojdielne<\/strong><\/p>\n<ul>\n<li>Vhodn\u00e9 pre deti a ml\u00e1de\u017e s d\u013a\u017ekou 123 cm<img decoding=\"async\" class=\"alignright\" src=\"https:\/\/www.dynamic-billard.com\/assets\/Uploads\/ManufacturerImages\/_resampled\/SetRatioSize10050-LogoClassic.jpg\" alt=\"Classic\" \/><\/li>\n<li>Vynikaj\u00faci pomer kvality a ceny<\/li>\n<li>Vr\u0161ok vyroben\u00fd z v\u00fdberov\u00e9ho kanadskej javora najvy\u0161\u0161ej kvality<\/li>\n<li>Kovov\u00fd z\u00e1vit 5 \/ 16&#215;18<\/li>\n<li>D\u013a\u017eka t\u00e1ga 123 cm<\/li>\n<li>Ko\u017ea 13 mm<\/li>\n<li>Omot\u00e1vka z \u013eanu<img loading=\"lazy\" decoding=\"async\" class=\"size-thumbnail wp-image-5152 alignright\" src=\"https:\/\/www.billiard-pro.cz\/wp-content\/uploads\/2014\/11\/20.110.57.4a.jpg\" alt=\"20.110.57.4a\" width=\"150\" height=\"150\" data-id=\"2760\" \/><\/li>\n<\/ul>\n<p><strong>K dispoz\u00edcii k nahliadnutiu a priamemu n\u00e1kupu v na\u0161ej vzorkovni:<\/strong> BC \u0158ipsk\u00e1, \u0158ipsk\u00e1 24, Praha 3 <strong>Materi\u00e1l:<\/strong>\u00a0moren\u00fd kanadsk\u00fd javor <strong>V\u00fdrobca:<\/strong>\u00a0Classic Cues &#8211; import Dynamic-Billard, DE <strong>Dostupnos\u0165 tovaru<\/strong>: skladom s dodan\u00edm do 3 pracovn\u00fdch dn\u00ed<\/p>\n","protected":false},"excerpt":{"rendered":"<p>Biliardov\u00e9 t\u00e1go detsk\u00e9 Classic Flames CF-01, \u00a0123 cm modr\u00e9 5 \/ 16&#215;18 -pool &#8211; dvojdielne Vhodn\u00e9 pre deti a ml\u00e1de\u017e s d\u013a\u017ekou 123 cm Vynikaj\u00faci pomer kvality a ceny Vr\u0161ok vyroben\u00fd z v\u00fdberov\u00e9ho kanadskej javora najvy\u0161\u0161ej kvality Kovov\u00fd z\u00e1vit 5 \/ 16&#215;18 D\u013a\u017eka t\u00e1ga 123 cm Ko\u017ea 13 mm Omot\u00e1vka z \u013eanu K dispoz\u00edcii k [&hellip;]<\/p>\n","protected":false},"featured_media":5150,"comment_status":"open","ping_status":"closed","template":"","meta":[],"product_brand":[],"product_cat":[253,331],"product_tag":[],"class_list":{"0":"post-3615","1":"product","2":"type-product","3":"status-publish","4":"has-post-thumbnail","6":"product_cat-taga-sk","7":"product_cat-taga-pool-sk","9":"first","10":"outofstock","11":"shipping-taxable","12":"purchasable","13":"product-type-simple"},"_links":{"self":[{"href":"https:\/\/www.billiard-pro.cz\/sk\/wp-json\/wp\/v2\/product\/3615","targetHints":{"allow":["GET"]}}],"collection":[{"href":"https:\/\/www.billiard-pro.cz\/sk\/wp-json\/wp\/v2\/product"}],"about":[{"href":"https:\/\/www.billiard-pro.cz\/sk\/wp-json\/wp\/v2\/types\/product"}],"replies":[{"embeddable":true,"href":"https:\/\/www.billiard-pro.cz\/sk\/wp-json\/wp\/v2\/comments?post=3615"}],"wp:featuredmedia":[{"embeddable":true,"href":"https:\/\/www.billiard-pro.cz\/sk\/wp-json\/wp\/v2\/media\/5150"}],"wp:attachment":[{"href":"https:\/\/www.billiard-pro.cz\/sk\/wp-json\/wp\/v2\/media?parent=3615"}],"wp:term":[{"taxonomy":"product_brand","embeddable":true,"href":"https:\/\/www.billiard-pro.cz\/sk\/wp-json\/wp\/v2\/product_brand?post=3615"},{"taxonomy":"product_cat","embeddable":true,"href":"https:\/\/www.billiard-pro.cz\/sk\/wp-json\/wp\/v2\/product_cat?post=3615"},{"taxonomy":"product_tag","embeddable":true,"href":"https:\/\/www.billiard-pro.cz\/sk\/wp-json\/wp\/v2\/product_tag?post=3615"}],"curies":[{"name":"wp","href":"https:\/\/api.w.org\/{rel}","templated":true}]}}