{"id":3647,"date":"2014-12-03T18:23:57","date_gmt":"2014-12-03T17:23:57","guid":{"rendered":"http:\/\/localhost\/iwansimonis\/obchod\/nezerazene\/gulecnikove-tago-karambolove-buffalo-elan-no-3\/"},"modified":"2022-02-13T07:33:05","modified_gmt":"2022-02-13T06:33:05","slug":"gulecnikove-tago-karambolove-buffalo-elan-no-3","status":"publish","type":"product","link":"https:\/\/www.billiard-pro.cz\/sk\/obchod\/billiardove-potreby\/taga-sk\/taga-karambol-sk\/gulecnikove-tago-karambolove-buffalo-elan-no-3\/","title":{"rendered":"Gule\u010dn\u00edkov\u00e9 t\u00e1go karambolov\u00e9 Buffalo Elan No: 3"},"content":{"rendered":"<p><strong>KARAMBOLOV\u00c9 T\u00c1GO <strong>\u00a0BUFFALO ELAN No: 3<img decoding=\"async\" class=\"alignright\" src=\"https:\/\/www.billiard-pro.cz\/wp-content\/uploads\/2014\/06\/buffalo.png\" alt=\"buffalo\" \/><\/strong><\/strong><\/p>\n<p>&nbsp;<\/p>\n<ul>\n<li>Atrakt\u00edvne hnedo\u010dierne t\u00e1go radu Buffalo ELAN<\/li>\n<li>V\u00fdrazne a dokonale remeselne zapracovan\u00e9 prvky z \u010dierneho ebenu a javorov\u00e9 dyhy<\/li>\n<li>Vr\u0161ok z v\u00fdberov\u00e9ho kanadskej javora najvy\u0161\u0161ej kvality<\/li>\n<li>Spodn\u00e1 \u010das\u0165 v \u010diernej a hnedej farbe<\/li>\n<li>Vrchn\u00e1 \u010das\u0165 pr\u00edrodn\u00e1 a hned\u00e1 farba<\/li>\n<li><strong>Kostice Buffalo PC -priemer 11 mm<\/strong><\/li>\n<li><strong>Ko\u017ea Everest multivrstv\u00e1 11 mm<\/strong><\/li>\n<li><strong>V\u00e1ha t\u00e1ga 470-490 gr<\/strong><\/li>\n<li>\u00a0<strong>D\u013a\u017eka\u00a0t\u00e1ga 140 cm (spodok 72 cm, \u0161pi\u010dka 68 cm)<\/strong><\/li>\n<li>Nastavite\u013en\u00fd vyva\u017eovac\u00ed a predl\u017eovac\u00ed syst\u00e9m<\/li>\n<li>Z\u00e1vit dreven\u00fd &#8211; Buffalo Single Wooden System<\/li>\n<li>Redukovan\u00fd hluk pri hre t\u00e1gom<\/li>\n<li><strong>V cene polstrovan\u00e9 zamatov\u00e9 m\u00e4kk\u00e9 p\u00fazdro s logom Buffalo &#8211; temne modr\u00e9<\/strong><\/li>\n<li><strong>Puzdro uzatv\u00e1rate\u013en\u00e9 na such\u00fd zips<\/strong><\/li>\n<li><strong>V cene je tie\u017e plastov\u00fd chr\u00e1ni\u010d \u0161pi\u010dky t\u00e1ga s logom Buffalo (\u010dierny)<\/strong><\/li>\n<li><strong>V cene s\u00fa chr\u00e1ni\u010de z\u00e1vitu<\/strong><\/li>\n<li><strong>V cene gumov\u00fd n\u00e1razn\u00edk na spodku t\u00e1ga tzv. Rubber bumper<\/strong><\/li>\n<li><strong>K dispoz\u00edcii k nahliadnutiu a priamemu n\u00e1kupu v na\u0161ej vzorkovni:<\/strong><\/li>\n<\/ul>\n<p>BC \u0158ipsk\u00e1, \u0158ipsk\u00e1 24, Praha 3<\/p>\n<p><strong>Materi\u00e1l:<\/strong>\u00a0kanadsk\u00fd javor (AA kvalita) lakovan\u00fd, vysok\u00fd lesk a UV ochrana<\/p>\n<p><strong>V\u00fdrobca:<\/strong>\u00a0Buffalo, Holandsko<\/p>\n<p><strong>Dostupnos\u0165 tovaru:<\/strong>\u00a0skladom<\/p>\n","protected":false},"excerpt":{"rendered":"<p>KARAMBOLOV\u00c9 T\u00c1GO \u00a0BUFFALO ELAN No: 3 &nbsp; Atrakt\u00edvne hnedo\u010dierne t\u00e1go radu Buffalo ELAN V\u00fdrazne a dokonale remeselne zapracovan\u00e9 prvky z \u010dierneho ebenu a javorov\u00e9 dyhy Vr\u0161ok z v\u00fdberov\u00e9ho kanadskej javora najvy\u0161\u0161ej kvality Spodn\u00e1 \u010das\u0165 v \u010diernej a hnedej farbe Vrchn\u00e1 \u010das\u0165 pr\u00edrodn\u00e1 a hned\u00e1 farba Kostice Buffalo PC -priemer 11 mm Ko\u017ea Everest multivrstv\u00e1 11 [&hellip;]<\/p>\n","protected":false},"featured_media":5216,"comment_status":"open","ping_status":"closed","template":"","meta":[],"product_brand":[],"product_cat":[253,333],"product_tag":[],"class_list":{"0":"post-3647","1":"product","2":"type-product","3":"status-publish","4":"has-post-thumbnail","6":"product_cat-taga-sk","7":"product_cat-taga-karambol-sk","9":"first","10":"outofstock","11":"shipping-taxable","12":"purchasable","13":"product-type-simple"},"_links":{"self":[{"href":"https:\/\/www.billiard-pro.cz\/sk\/wp-json\/wp\/v2\/product\/3647","targetHints":{"allow":["GET"]}}],"collection":[{"href":"https:\/\/www.billiard-pro.cz\/sk\/wp-json\/wp\/v2\/product"}],"about":[{"href":"https:\/\/www.billiard-pro.cz\/sk\/wp-json\/wp\/v2\/types\/product"}],"replies":[{"embeddable":true,"href":"https:\/\/www.billiard-pro.cz\/sk\/wp-json\/wp\/v2\/comments?post=3647"}],"wp:featuredmedia":[{"embeddable":true,"href":"https:\/\/www.billiard-pro.cz\/sk\/wp-json\/wp\/v2\/media\/5216"}],"wp:attachment":[{"href":"https:\/\/www.billiard-pro.cz\/sk\/wp-json\/wp\/v2\/media?parent=3647"}],"wp:term":[{"taxonomy":"product_brand","embeddable":true,"href":"https:\/\/www.billiard-pro.cz\/sk\/wp-json\/wp\/v2\/product_brand?post=3647"},{"taxonomy":"product_cat","embeddable":true,"href":"https:\/\/www.billiard-pro.cz\/sk\/wp-json\/wp\/v2\/product_cat?post=3647"},{"taxonomy":"product_tag","embeddable":true,"href":"https:\/\/www.billiard-pro.cz\/sk\/wp-json\/wp\/v2\/product_tag?post=3647"}],"curies":[{"name":"wp","href":"https:\/\/api.w.org\/{rel}","templated":true}]}}