{"id":3657,"date":"2014-12-06T15:04:46","date_gmt":"2014-12-06T14:04:46","guid":{"rendered":"http:\/\/localhost\/iwansimonis\/obchod\/nezerazene\/kryci-ochranny-potah-na-biliardovy-stol-9ft-pool\/"},"modified":"2019-10-29T11:47:10","modified_gmt":"2019-10-29T10:47:10","slug":"kryci-ochranny-potah-na-biliardovy-stol-9ft-pool","status":"publish","type":"product","link":"https:\/\/www.billiard-pro.cz\/sk\/obchod\/biliardove-stoly\/ochranny-potah-stola\/kryci-ochranny-potah-na-biliardovy-stol-9ft-pool\/","title":{"rendered":"Kryc\u00ed ochrann\u00fd po\u0165ah na biliardov\u00fd st\u00f4l 9ft pool"},"content":{"rendered":"<p><strong>Kryc\u00ed ochrann\u00fd po\u0165ah na biliardov\u00fd st\u00f4l 9ft pool s elastick\u00fdm lemom<img loading=\"lazy\" decoding=\"async\" class=\"size-full wp-image-4872 alignright\" src=\"https:\/\/www.billiard-pro.cz\/wp-content\/uploads\/2014\/06\/buffalo.png\" alt=\"buffalo\" width=\"66\" height=\"17\" data-id=\"2412\" \/><\/strong><\/p>\n<ul>\n<li>Ochrann\u00fd po\u0165ah doplnen\u00fd v rohoch o elastick\u00fa gumu, ktor\u00e1 po\u0165ah stiahne na\u00a0st\u00f4l<\/li>\n<li>Po\u0165ah je ur\u010den\u00fd pre poolbiliard 9ft<\/li>\n<li>Rozmer po\u0165ahu 280 x 170 cm<\/li>\n<li>Chr\u00e1ni s\u00fakno aj st\u00f4l pred prachom, rozliat\u00edm tekut\u00edn, slne\u010dn\u00fdm svitom a &#8222;vy\u0161isovan\u00edm&#8220; dreva stola<\/li>\n<li>Predl\u017euje \u017eivotnos\u0165 s\u00fakna aj stola<\/li>\n<\/ul>\n<p><strong>Materi\u00e1l:<\/strong>\u00a0extr\u00e9mne odoln\u00e9 a tenk\u00e9 PVC- farba zelen\u00e1- yellowgreen<\/p>\n<p><strong>V\u00fdrobca:<\/strong>\u00a0Buffalo, Holandsko<\/p>\n<p><strong>Dostupnos\u0165 tovaru:<\/strong>\u00a0skladom<\/p>\n<p>&nbsp;<\/p>\n","protected":false},"excerpt":{"rendered":"<p>Kryc\u00ed ochrann\u00fd po\u0165ah na biliardov\u00fd st\u00f4l 9ft pool s elastick\u00fdm lemom Ochrann\u00fd po\u0165ah doplnen\u00fd v rohoch o elastick\u00fa gumu, ktor\u00e1 po\u0165ah stiahne na\u00a0st\u00f4l Po\u0165ah je ur\u010den\u00fd pre poolbiliard 9ft Rozmer po\u0165ahu 280 x 170 cm Chr\u00e1ni s\u00fakno aj st\u00f4l pred prachom, rozliat\u00edm tekut\u00edn, slne\u010dn\u00fdm svitom a &#8222;vy\u0161isovan\u00edm&#8220; dreva stola Predl\u017euje \u017eivotnos\u0165 s\u00fakna aj stola Materi\u00e1l:\u00a0extr\u00e9mne [&hellip;]<\/p>\n","protected":false},"featured_media":5228,"comment_status":"closed","ping_status":"closed","template":"","meta":[],"product_brand":[],"product_cat":[339,359],"product_tag":[],"class_list":{"0":"post-3657","1":"product","2":"type-product","3":"status-publish","4":"has-post-thumbnail","6":"product_cat-biliardove-stoly","7":"product_cat-ochranny-potah-stola","9":"first","10":"instock","11":"shipping-taxable","12":"purchasable","13":"product-type-simple"},"_links":{"self":[{"href":"https:\/\/www.billiard-pro.cz\/sk\/wp-json\/wp\/v2\/product\/3657","targetHints":{"allow":["GET"]}}],"collection":[{"href":"https:\/\/www.billiard-pro.cz\/sk\/wp-json\/wp\/v2\/product"}],"about":[{"href":"https:\/\/www.billiard-pro.cz\/sk\/wp-json\/wp\/v2\/types\/product"}],"replies":[{"embeddable":true,"href":"https:\/\/www.billiard-pro.cz\/sk\/wp-json\/wp\/v2\/comments?post=3657"}],"wp:featuredmedia":[{"embeddable":true,"href":"https:\/\/www.billiard-pro.cz\/sk\/wp-json\/wp\/v2\/media\/5228"}],"wp:attachment":[{"href":"https:\/\/www.billiard-pro.cz\/sk\/wp-json\/wp\/v2\/media?parent=3657"}],"wp:term":[{"taxonomy":"product_brand","embeddable":true,"href":"https:\/\/www.billiard-pro.cz\/sk\/wp-json\/wp\/v2\/product_brand?post=3657"},{"taxonomy":"product_cat","embeddable":true,"href":"https:\/\/www.billiard-pro.cz\/sk\/wp-json\/wp\/v2\/product_cat?post=3657"},{"taxonomy":"product_tag","embeddable":true,"href":"https:\/\/www.billiard-pro.cz\/sk\/wp-json\/wp\/v2\/product_tag?post=3657"}],"curies":[{"name":"wp","href":"https:\/\/api.w.org\/{rel}","templated":true}]}}