{"id":3659,"date":"2014-12-06T16:33:48","date_gmt":"2014-12-06T15:33:48","guid":{"rendered":"http:\/\/localhost\/iwansimonis\/obchod\/nezerazene\/podnos-na-16-poolovych-guli-572-mm-zn-buffalo\/"},"modified":"2014-12-06T16:33:48","modified_gmt":"2014-12-06T16:33:48","slug":"podnos-na-16-poolovych-guli-572-mm-zn-buffalo","status":"publish","type":"product","link":"https:\/\/www.billiard-pro.cz\/sk\/obchod\/biliardove-gule-aramith\/podnosy-na-gule\/podnos-na-16-poolovych-guli-572-mm-zn-buffalo\/","title":{"rendered":"Podnos na 16 poolov\u00fdch gul\u00ed 57,2 mm zn. Buffalo"},"content":{"rendered":"<p><strong>Podnos na 16 poolov\u00fdch gul\u00ed 57,2 mm zn. Buffalo<img loading=\"lazy\" decoding=\"async\" class=\"size-full wp-image-4872 alignright\" alt=\"buffalo\" src=\"https:\/\/www.billiard-pro.cz\/wp-content\/uploads\/2014\/06\/buffalo.png\" width=\"66\" height=\"17\" data-id=\"2412\" \/><\/strong><\/p>\n<p>POOL BALL TRAY (57.2MM)<\/p>\n<ul>\n<li>Odoln\u00fd plast<\/li>\n<li>Nosi\u010d 16 gul\u00ed o \u0161tandardnom priemere 57,2 mm<\/li>\n<li>Ide\u00e1lne pre skladovanie<\/li>\n<li>Dobr\u00fd pomer kvality a ceny<\/li>\n<li>Tento tvarovan\u00fd plastov\u00fd z\u00e1sobn\u00edk pojme 16 gul\u00ed<\/li>\n<li>Ide\u00e1lne pre ukladanie a pren\u00e1\u0161anie gu\u013e\u00ed<\/li>\n<\/ul>\n<p><strong style=\"line-height: 1.5em;\">Materi\u00e1l:<\/strong><span style=\"line-height: 1.5em;\">\u00a0tvrden\u00fd plast extr\u00e9mne odoln\u00fd<\/span><\/p>\n<p><strong>V\u00fdrobca:<\/strong>\u00a0Buffalo, Holandsko<\/p>\n<p><strong>Dostupnos\u0165 tovaru:<\/strong>\u00a0skladom s dodan\u00edm do 3 pracovn\u00fdch dn\u00ed<\/p>\n<p><strong>Cena za 1 kus.<\/strong><\/p>\n<p>Produkt \u010d\u00edslo: 4040.000<\/p>\n","protected":false},"excerpt":{"rendered":"<p>Podnos na 16 poolov\u00fdch gul\u00ed 57,2 mm zn. Buffalo POOL BALL TRAY (57.2MM) Odoln\u00fd plast Nosi\u010d 16 gul\u00ed o \u0161tandardnom priemere 57,2 mm Ide\u00e1lne pre skladovanie Dobr\u00fd pomer kvality a ceny Tento tvarovan\u00fd plastov\u00fd z\u00e1sobn\u00edk pojme 16 gul\u00ed Ide\u00e1lne pre ukladanie a pren\u00e1\u0161anie gu\u013e\u00ed Materi\u00e1l:\u00a0tvrden\u00fd plast extr\u00e9mne odoln\u00fd V\u00fdrobca:\u00a0Buffalo, Holandsko Dostupnos\u0165 tovaru:\u00a0skladom s dodan\u00edm do [&hellip;]<\/p>\n","protected":false},"featured_media":2861,"comment_status":"closed","ping_status":"closed","template":"","meta":[],"product_brand":[],"product_cat":[277,361],"product_tag":[],"class_list":{"0":"post-3659","1":"product","2":"type-product","3":"status-publish","4":"has-post-thumbnail","6":"product_cat-biliardove-gule-aramith","7":"product_cat-podnosy-na-gule","9":"first","10":"instock","11":"shipping-taxable","12":"purchasable","13":"product-type-simple"},"_links":{"self":[{"href":"https:\/\/www.billiard-pro.cz\/sk\/wp-json\/wp\/v2\/product\/3659","targetHints":{"allow":["GET"]}}],"collection":[{"href":"https:\/\/www.billiard-pro.cz\/sk\/wp-json\/wp\/v2\/product"}],"about":[{"href":"https:\/\/www.billiard-pro.cz\/sk\/wp-json\/wp\/v2\/types\/product"}],"replies":[{"embeddable":true,"href":"https:\/\/www.billiard-pro.cz\/sk\/wp-json\/wp\/v2\/comments?post=3659"}],"wp:featuredmedia":[{"embeddable":true,"href":"https:\/\/www.billiard-pro.cz\/sk\/wp-json\/wp\/v2\/media\/2861"}],"wp:attachment":[{"href":"https:\/\/www.billiard-pro.cz\/sk\/wp-json\/wp\/v2\/media?parent=3659"}],"wp:term":[{"taxonomy":"product_brand","embeddable":true,"href":"https:\/\/www.billiard-pro.cz\/sk\/wp-json\/wp\/v2\/product_brand?post=3659"},{"taxonomy":"product_cat","embeddable":true,"href":"https:\/\/www.billiard-pro.cz\/sk\/wp-json\/wp\/v2\/product_cat?post=3659"},{"taxonomy":"product_tag","embeddable":true,"href":"https:\/\/www.billiard-pro.cz\/sk\/wp-json\/wp\/v2\/product_tag?post=3659"}],"curies":[{"name":"wp","href":"https:\/\/api.w.org\/{rel}","templated":true}]}}