{"id":3663,"date":"2015-01-15T12:23:28","date_gmt":"2015-01-15T11:23:28","guid":{"rendered":"http:\/\/localhost\/iwansimonis\/obchod\/nezerazene\/gulecnikove-tago-karambolove-triton-s2-no-2\/"},"modified":"2015-01-15T12:23:28","modified_gmt":"2015-01-15T12:23:28","slug":"gulecnikove-tago-karambolove-triton-s2-no-2","status":"publish","type":"product","link":"https:\/\/www.billiard-pro.cz\/sk\/obchod\/billiardove-potreby\/taga-sk\/taga-karambol-sk\/gulecnikove-tago-karambolove-triton-s2-no-2\/","title":{"rendered":"Gule\u010dn\u00edkov\u00e9 t\u00e1go karambolov\u00e9 Triton S2 No: 2"},"content":{"rendered":"<p><strong>KARAMBOLOV\u00c9 T\u00c1GO TRITON S2 NO.1 HN\u011aD\u00c9\/PR\u00cdRODNE<img loading=\"lazy\" decoding=\"async\" class=\"alignright\" alt=\"buffalo\" src=\"https:\/\/www.billiard-pro.cz\/wp-content\/uploads\/2014\/06\/buffalo.png\" width=\"66\" height=\"17\" data-id=\"2412\" \/><\/strong><\/p>\n<ul>\n<li>Jednoduch\u00e9, ale \u0161t\u00fdlov\u00e9 dvojdielne t\u00e1go<\/li>\n<li>Vr\u0161ok z v\u00fdberov\u00e9ho kanadsk\u00e9ho javora najvy\u0161\u0161ej kvality<\/li>\n<li>Vybaven\u00fd zosilnenou javorovou \u0161pi\u010dkou, ktor\u00e1 d\u00e1va t\u00e1gu zvl\u00e1\u0161tnu silu<\/li>\n<li>Spodn\u00e1 \u010das\u0165 v \u010diernej a hnedej farbe s modr\u00fdmi ornamentami<\/li>\n<li>Vrchn\u00e1 \u010das\u0165 pr\u00edrodn\u00e1 farba<\/li>\n<li>Bez omot\u00e1vky<\/li>\n<li>Kostice Buffalo PC-priemer 12 mm<\/li>\n<li>Ko\u017ea Brown 12 mm<\/li>\n<li>V\u00e1ha t\u00e1ga 510-530 g<\/li>\n<li>Nastavite\u013en\u00fd vyva\u017eovac\u00ed syst\u00e9m<\/li>\n<li>Z\u00e1vit dreven\u00fd<\/li>\n<li>Z\u00e1slepka gumov\u00e1<\/li>\n<li>D\u013a\u017eka t\u00e1ga 142 cm<\/li>\n<li>Hodiaci sa puzdro nap\u0159\u00edklad :\u00a0<a title=\"Pouzdro na t\u00e1go Laperti Cue Bag Black 1B-1S \u2013 obal \u010dern\u00fd\" href=\"https:\/\/www.billiard-pro.cz\/obchod\/kulecnikove-potreby\/laperti-cue-bag-black-1b-1s-pouzdro-na-tago\/\">Laperti Cue Bag Black 1B-1S<\/a><a title=\"Pouzdro na t\u00e1go Laperti De Luxe Cue Bag Black 1B-2S \u2013 obal \u010dern\u00fd\" href=\"https:\/\/www.billiard-pro.cz\/obchod\/kulecnikove-potreby\/laperti-de-luxe-cue-bag-black-1b-2s-obal-na-tago\/\"><br \/>\n<\/a><\/li>\n<\/ul>\n<p><strong>K dispoz\u00edcii k nahliadnutiu a priamemu n\u00e1kupu v na\u0161ej vzorkovni:<\/strong><\/p>\n<p>BC \u0158ipsk\u00e1, \u0158ipsk\u00e1 24, Praha 3<\/p>\n<p><strong>Materi\u00e1l:<\/strong>\u00a0kanadsk\u00fd javor (AA kvalita) lakovan\u00fd, vysok\u00fd lesk a UV ochrana<\/p>\n<p><strong>V\u00fdrobca:<\/strong>\u00a0TRITON\/Buffalo &#8211; item No: 5581.022<\/p>\n<p><strong>Dostupnos\u0165 tovaru:<\/strong>\u00a0skladom s dodan\u00edm do 3 pracovn\u00fdch dn\u00ed<\/p>\n","protected":false},"excerpt":{"rendered":"<p>KARAMBOLOV\u00c9 T\u00c1GO TRITON S2 NO.1 HN\u011aD\u00c9\/PR\u00cdRODNE Jednoduch\u00e9, ale \u0161t\u00fdlov\u00e9 dvojdielne t\u00e1go Vr\u0161ok z v\u00fdberov\u00e9ho kanadsk\u00e9ho javora najvy\u0161\u0161ej kvality Vybaven\u00fd zosilnenou javorovou \u0161pi\u010dkou, ktor\u00e1 d\u00e1va t\u00e1gu zvl\u00e1\u0161tnu silu Spodn\u00e1 \u010das\u0165 v \u010diernej a hnedej farbe s modr\u00fdmi ornamentami Vrchn\u00e1 \u010das\u0165 pr\u00edrodn\u00e1 farba Bez omot\u00e1vky Kostice Buffalo PC-priemer 12 mm Ko\u017ea Brown 12 mm V\u00e1ha t\u00e1ga 510-530 [&hellip;]<\/p>\n","protected":false},"featured_media":5252,"comment_status":"open","ping_status":"closed","template":"","meta":[],"product_brand":[],"product_cat":[253,333],"product_tag":[],"class_list":{"0":"post-3663","1":"product","2":"type-product","3":"status-publish","4":"has-post-thumbnail","6":"product_cat-taga-sk","7":"product_cat-taga-karambol-sk","9":"first","10":"instock","11":"shipping-taxable","12":"purchasable","13":"product-type-simple"},"_links":{"self":[{"href":"https:\/\/www.billiard-pro.cz\/sk\/wp-json\/wp\/v2\/product\/3663","targetHints":{"allow":["GET"]}}],"collection":[{"href":"https:\/\/www.billiard-pro.cz\/sk\/wp-json\/wp\/v2\/product"}],"about":[{"href":"https:\/\/www.billiard-pro.cz\/sk\/wp-json\/wp\/v2\/types\/product"}],"replies":[{"embeddable":true,"href":"https:\/\/www.billiard-pro.cz\/sk\/wp-json\/wp\/v2\/comments?post=3663"}],"wp:featuredmedia":[{"embeddable":true,"href":"https:\/\/www.billiard-pro.cz\/sk\/wp-json\/wp\/v2\/media\/5252"}],"wp:attachment":[{"href":"https:\/\/www.billiard-pro.cz\/sk\/wp-json\/wp\/v2\/media?parent=3663"}],"wp:term":[{"taxonomy":"product_brand","embeddable":true,"href":"https:\/\/www.billiard-pro.cz\/sk\/wp-json\/wp\/v2\/product_brand?post=3663"},{"taxonomy":"product_cat","embeddable":true,"href":"https:\/\/www.billiard-pro.cz\/sk\/wp-json\/wp\/v2\/product_cat?post=3663"},{"taxonomy":"product_tag","embeddable":true,"href":"https:\/\/www.billiard-pro.cz\/sk\/wp-json\/wp\/v2\/product_tag?post=3663"}],"curies":[{"name":"wp","href":"https:\/\/api.w.org\/{rel}","templated":true}]}}