{"id":3677,"date":"2015-01-16T13:42:52","date_gmt":"2015-01-16T12:42:52","guid":{"rendered":"http:\/\/localhost\/iwansimonis\/obchod\/nezerazene\/gula-nahradna-super-aramith-pro-572-mm-biela-logo\/"},"modified":"2015-05-16T09:24:12","modified_gmt":"2015-05-16T09:24:12","slug":"gula-nahradna-super-aramith-pro-572-mm-biela-logo","status":"publish","type":"product","link":"https:\/\/www.billiard-pro.cz\/sk\/obchod\/biliardove-gule-aramith\/pool-sk-3\/gula-nahradna-super-aramith-pro-572-mm-biela-logo\/","title":{"rendered":"Gu\u013ea n\u00e1hradna Super Aramith Pro 57,2 mm biela + logo"},"content":{"rendered":"<p><strong>Gu\u013ea Super Aramith Pro 57,2 mm biela s \u010diervenym Aramith logom<img decoding=\"async\" class=\"alignright\" src=\"https:\/\/www.billiard-pro.cz\/wp-content\/uploads\/2013\/09\/aramith-logo.jpg\" alt=\"Aramith\" \/><\/strong><\/p>\n<ul>\n<li>N\u00e1hradna biela gu\u013ea 57,2 mm zo sady <a title=\"Kule\u010dn\u00edkov\u00e9  koule POOL Super Aramith Pro, 57,2 mm\" href=\"https:\/\/www.billiard-pro.cz\/obchod\/koule-aramith\/pool-super-aramith-pro-572-mm\/\">Super Aramith Pro 57,2 mm<\/a>\u00a0<a title=\"Karambolov\u00e9  koule  Aramith Premier , 61,5 mm, 4 koule v sad\u011b\" href=\"https:\/\/www.billiard-pro.cz\/obchod\/koule-aramith\/karambol-koule-aramith-2\/karambol-aramith-615-mm-4-koule-v-sade\/\"><br \/> <\/a><\/li>\n<li>Biela gu\u013ea zn\u00e1ma po celom svete pre svoje v\u00fdrazn\u00e9 Aramith logo, symbol, ktor\u00fd znamen\u00e1 kvalitu biliardov\u00e9 hry!<\/li>\n<li>Aramith Unik\u00e1tny Fenolov\u00e1 \u017eivica<\/li>\n<li>Vysok\u00e1 odolnos\u0165<\/li>\n<li>Dokonal\u00e9 okr\u00fahle vybalancovan\u00e9<\/li>\n<li>Pred\u013a\u017een\u00e1 \u017eivotnos\u0165<\/li>\n<li>Predl\u017euje \u017eivotnos\u0165 s\u00fakna<\/li>\n<li>Vysok\u00e9 \u0161tandardy kvality<\/li>\n<li>V\u00fdhodn\u00fd pomer kvality a \u00a0ceny<\/li>\n<li>N\u00e1hradn\u00e9 gule s\u00fa vyroben\u00e9 z unik\u00e1tnej fenolovej \u017eivice<\/li>\n<li>Navrhnut\u00e9 v laborat\u00f3ri\u00e1ch Aramith<\/li>\n<li>Zni\u017euje obrus \u00a0a opotrebenie s\u00fakna<\/li>\n<li>Testy ukazuj\u00fa, \u017ee Aramith fenolove gule s\u00fa viac ako 50x odolnej\u0161ie ne\u017e polyesterove gule<\/li>\n<li>Aramith gule s\u00fa tie\u017e dvakr\u00e1t odolnej\u0161ie proti po\u0161kriabaniu!<\/li>\n<\/ul>\n<p>Na \u010distenie gul\u00ed ARAMITH pou\u017eite\u00a0<a title=\"\u010cisti\u010d kule\u010dn\u00edkov\u00fdch koul\u00ed Aramith  ball cleaner \u2013 1 lahev \u2013 250 ml\" href=\"https:\/\/www.billiard-pro.cz\/obchod\/koule-aramith\/aramith-ball-cleaner-roztok-na-cisteni-kouli-1-lahev-250-ml\/\">ARAMITH Cleaner<\/a>\u00a0&#8211; Zna\u010dkov\u00fd \u010distiaci roztok !<\/p>\n<p><strong>V\u00fdrobca:<\/strong>\u00a0SALUC \/ ARAMITH, Belgicko<\/p>\n<p><strong>Dostupnos\u0165 tovaru:<\/strong>\u00a0skladom s dodan\u00edm 3 pracovn\u00fdch dn\u00ed<\/p>\n","protected":false},"excerpt":{"rendered":"<p>Gu\u013ea Super Aramith Pro 57,2 mm biela s \u010diervenym Aramith logom N\u00e1hradna biela gu\u013ea 57,2 mm zo sady Super Aramith Pro 57,2 mm\u00a0 Biela gu\u013ea zn\u00e1ma po celom svete pre svoje v\u00fdrazn\u00e9 Aramith logo, symbol, ktor\u00fd znamen\u00e1 kvalitu biliardov\u00e9 hry! Aramith Unik\u00e1tny Fenolov\u00e1 \u017eivica Vysok\u00e1 odolnos\u0165 Dokonal\u00e9 okr\u00fahle vybalancovan\u00e9 Pred\u013a\u017een\u00e1 \u017eivotnos\u0165 Predl\u017euje \u017eivotnos\u0165 s\u00fakna Vysok\u00e9 [&hellip;]<\/p>\n","protected":false},"featured_media":5266,"comment_status":"closed","ping_status":"closed","template":"","meta":[],"product_brand":[],"product_cat":[277,390],"product_tag":[],"class_list":{"0":"post-3677","1":"product","2":"type-product","3":"status-publish","4":"has-post-thumbnail","6":"product_cat-biliardove-gule-aramith","7":"product_cat-pool-sk-3","9":"first","10":"instock","11":"shipping-taxable","12":"purchasable","13":"product-type-simple"},"_links":{"self":[{"href":"https:\/\/www.billiard-pro.cz\/sk\/wp-json\/wp\/v2\/product\/3677","targetHints":{"allow":["GET"]}}],"collection":[{"href":"https:\/\/www.billiard-pro.cz\/sk\/wp-json\/wp\/v2\/product"}],"about":[{"href":"https:\/\/www.billiard-pro.cz\/sk\/wp-json\/wp\/v2\/types\/product"}],"replies":[{"embeddable":true,"href":"https:\/\/www.billiard-pro.cz\/sk\/wp-json\/wp\/v2\/comments?post=3677"}],"wp:featuredmedia":[{"embeddable":true,"href":"https:\/\/www.billiard-pro.cz\/sk\/wp-json\/wp\/v2\/media\/5266"}],"wp:attachment":[{"href":"https:\/\/www.billiard-pro.cz\/sk\/wp-json\/wp\/v2\/media?parent=3677"}],"wp:term":[{"taxonomy":"product_brand","embeddable":true,"href":"https:\/\/www.billiard-pro.cz\/sk\/wp-json\/wp\/v2\/product_brand?post=3677"},{"taxonomy":"product_cat","embeddable":true,"href":"https:\/\/www.billiard-pro.cz\/sk\/wp-json\/wp\/v2\/product_cat?post=3677"},{"taxonomy":"product_tag","embeddable":true,"href":"https:\/\/www.billiard-pro.cz\/sk\/wp-json\/wp\/v2\/product_tag?post=3677"}],"curies":[{"name":"wp","href":"https:\/\/api.w.org\/{rel}","templated":true}]}}