{"id":3681,"date":"2015-01-16T15:21:59","date_gmt":"2015-01-16T14:21:59","guid":{"rendered":"http:\/\/localhost\/iwansimonis\/obchod\/nezerazene\/kosik-vrecko-buffalo-nahradny\/"},"modified":"2020-04-23T15:09:57","modified_gmt":"2020-04-23T13:09:57","slug":"kosik-vrecko-buffalo-nahradny","status":"publish","type":"product","link":"https:\/\/www.billiard-pro.cz\/sk\/obchod\/biliardove-stoly\/kapsy-kosiky-sk-2\/kosik-vrecko-buffalo-nahradny\/","title":{"rendered":"Ko\u0161\u00edk &#8211; vrecko  Buffalo n\u00e1hradny"},"content":{"rendered":"<p><strong>Ko\u0161\u00edk Buffalo n\u00e1hradny<\/strong><\/p>\n<p><strong>Vinyl Webbed Drop Pocket Buffalo<\/strong><\/p>\n<ul>\n<li>Odoln\u00fd Vinyl (PVC) Materi\u00e1l<\/li>\n<li>Spider Web Design<\/li>\n<li>Hod\u00ed sa pre v\u00e4\u010d\u0161inu druhov biliardov s v\u00fdnimkou Brusnwick biliardov<\/li>\n<li><strong>H\u013abka 24 cm; \u0160\u00edrka 12,5 cm; D\u013a\u017eka 13,5 cm<\/strong><\/li>\n<li>Ak h\u013ead\u00e1te jednoduch\u00fa sadu vreciek, ur\u010den\u00fa k \u013eahkej in\u0161tal\u00e1cii, potom tieto vinylov\u00e9 vreck\u00e1 s\u00fa ide\u00e1lne pre v\u00e1\u0161 st\u00f4l.<\/li>\n<li>Tieto n\u00e1hradn\u00e9 vreck\u00e1 s\u00fa vyroben\u00e9 z ve\u013emi poddajn\u00e9ho materi\u00e1lu a m\u00f4\u017eu by\u0165 tvarovan\u00e9 tak, aby vyhovovaly v\u00e4\u010d\u0161ine be\u017en\u00fdch biliardov\u00fdch stolov.<\/li>\n<\/ul>\n<p><strong>Materi\u00e1l:<\/strong> ve\u013emi poddajn\u00fd PVC materi\u00e1l extr\u00e9mne odoln\u00fd<\/p>\n<p><strong>V\u00fdrobca:<\/strong> Buffalo, Holandsko<\/p>\n<p><strong>Dostupnos\u0165 tovaru:<\/strong> skladom 3 ks<\/p>\n<p>Cena za 1 ks.<\/p>\n<p>&nbsp;<\/p>\n","protected":false},"excerpt":{"rendered":"<p>Ko\u0161\u00edk Buffalo n\u00e1hradny Vinyl Webbed Drop Pocket Buffalo Odoln\u00fd Vinyl (PVC) Materi\u00e1l Spider Web Design Hod\u00ed sa pre v\u00e4\u010d\u0161inu druhov biliardov s v\u00fdnimkou Brusnwick biliardov H\u013abka 24 cm; \u0160\u00edrka 12,5 cm; D\u013a\u017eka 13,5 cm Ak h\u013ead\u00e1te jednoduch\u00fa sadu vreciek, ur\u010den\u00fa k \u013eahkej in\u0161tal\u00e1cii, potom tieto vinylov\u00e9 vreck\u00e1 s\u00fa ide\u00e1lne pre v\u00e1\u0161 st\u00f4l. Tieto n\u00e1hradn\u00e9 vreck\u00e1 [&hellip;]<\/p>\n","protected":false},"featured_media":5270,"comment_status":"closed","ping_status":"closed","template":"","meta":[],"product_brand":[],"product_cat":[339,373],"product_tag":[],"class_list":{"0":"post-3681","1":"product","2":"type-product","3":"status-publish","4":"has-post-thumbnail","6":"product_cat-biliardove-stoly","7":"product_cat-kapsy-kosiky-sk-2","9":"first","10":"instock","11":"shipping-taxable","12":"purchasable","13":"product-type-simple"},"_links":{"self":[{"href":"https:\/\/www.billiard-pro.cz\/sk\/wp-json\/wp\/v2\/product\/3681","targetHints":{"allow":["GET"]}}],"collection":[{"href":"https:\/\/www.billiard-pro.cz\/sk\/wp-json\/wp\/v2\/product"}],"about":[{"href":"https:\/\/www.billiard-pro.cz\/sk\/wp-json\/wp\/v2\/types\/product"}],"replies":[{"embeddable":true,"href":"https:\/\/www.billiard-pro.cz\/sk\/wp-json\/wp\/v2\/comments?post=3681"}],"wp:featuredmedia":[{"embeddable":true,"href":"https:\/\/www.billiard-pro.cz\/sk\/wp-json\/wp\/v2\/media\/5270"}],"wp:attachment":[{"href":"https:\/\/www.billiard-pro.cz\/sk\/wp-json\/wp\/v2\/media?parent=3681"}],"wp:term":[{"taxonomy":"product_brand","embeddable":true,"href":"https:\/\/www.billiard-pro.cz\/sk\/wp-json\/wp\/v2\/product_brand?post=3681"},{"taxonomy":"product_cat","embeddable":true,"href":"https:\/\/www.billiard-pro.cz\/sk\/wp-json\/wp\/v2\/product_cat?post=3681"},{"taxonomy":"product_tag","embeddable":true,"href":"https:\/\/www.billiard-pro.cz\/sk\/wp-json\/wp\/v2\/product_tag?post=3681"}],"curies":[{"name":"wp","href":"https:\/\/api.w.org\/{rel}","templated":true}]}}