{"id":3685,"date":"2015-01-26T15:31:53","date_gmt":"2015-01-26T14:31:53","guid":{"rendered":"http:\/\/localhost\/iwansimonis\/obchod\/nezerazene\/podpera-na-tago-buffalo-plast-biela-mostik-nizky\/"},"modified":"2015-01-26T15:31:53","modified_gmt":"2015-01-26T15:31:53","slug":"podpera-na-tago-buffalo-plast-biela-mostik-nizky","status":"publish","type":"product","link":"https:\/\/www.billiard-pro.cz\/sk\/obchod\/billiardove-potreby\/taga-prislusenstvo-2\/podpery-na-tago-2\/podpera-na-tago-buffalo-plast-biela-mostik-nizky\/","title":{"rendered":"Podpera na t\u00e1go Buffalo plast biela &#8211; most\u00edk n\u00edzky"},"content":{"rendered":"<p><strong>Podpera &#8211; most\u00edk na t\u00e1go Spider Buffalo<img loading=\"lazy\" decoding=\"async\" class=\"alignright\" alt=\"buffalo\" src=\"https:\/\/www.billiard-pro.cz\/wp-content\/uploads\/2014\/06\/buffalo.png\" width=\"66\" height=\"17\" data-id=\"2412\" \/><\/strong><\/p>\n<ul>\n<li>Kvalitn\u00fd nylonov\u00fd most\u00edk pre t\u00e1go- n\u00edzky<\/li>\n<li>Hod\u00ed sa na v\u0161etky druhy biliardov\u00fdch hier &#8211; pool, karambol aj snooker<\/li>\n<li>Vynikaj\u00faca pom\u00f4cka pre vzdialenej\u0161ie strky<\/li>\n<li>3 poz\u00edcie t\u00e1ga<\/li>\n<li>Podpera Spider sa nasadzuje na r\u00f4zne d\u013a\u017eky n\u00e1stavcov (145 cm, 216 cm, 246 cm)<\/li>\n<li>V\u00fd\u0161ka: 8 cm<\/li>\n<li>\u0160\u00edrka: 8 cm<\/li>\n<li>Dobr\u00fd pomer kvality a ceny<\/li>\n<li>Materi\u00e1l: nylon \/ plast<\/li>\n<\/ul>\n<p><strong>V\u00fdrobca:<\/strong>\u00a0Buffalo, Holandsko<\/p>\n<p><strong>Dostupnos\u0165 tovaru:<\/strong>\u00a0skladom s dodan\u00edm do 3 pracovn\u00fdch dn\u00ed<\/p>\n<p>Cena za 1 ks.<\/p>\n<p>Produkt \u010d\u00edslo: 4101.000<\/p>\n","protected":false},"excerpt":{"rendered":"<p>Podpera &#8211; most\u00edk na t\u00e1go Spider Buffalo Kvalitn\u00fd nylonov\u00fd most\u00edk pre t\u00e1go- n\u00edzky Hod\u00ed sa na v\u0161etky druhy biliardov\u00fdch hier &#8211; pool, karambol aj snooker Vynikaj\u00faca pom\u00f4cka pre vzdialenej\u0161ie strky 3 poz\u00edcie t\u00e1ga Podpera Spider sa nasadzuje na r\u00f4zne d\u013a\u017eky n\u00e1stavcov (145 cm, 216 cm, 246 cm) V\u00fd\u0161ka: 8 cm \u0160\u00edrka: 8 cm Dobr\u00fd pomer [&hellip;]<\/p>\n","protected":false},"featured_media":2930,"comment_status":"open","ping_status":"closed","template":"","meta":[],"product_brand":[],"product_cat":[251,363,273],"product_tag":[],"class_list":{"0":"post-3685","1":"product","2":"type-product","3":"status-publish","4":"has-post-thumbnail","6":"product_cat-billiardove-potreby","7":"product_cat-podpery-na-tago-2","8":"product_cat-taga-prislusenstvo-2","10":"first","11":"instock","12":"shipping-taxable","13":"purchasable","14":"product-type-simple"},"_links":{"self":[{"href":"https:\/\/www.billiard-pro.cz\/sk\/wp-json\/wp\/v2\/product\/3685","targetHints":{"allow":["GET"]}}],"collection":[{"href":"https:\/\/www.billiard-pro.cz\/sk\/wp-json\/wp\/v2\/product"}],"about":[{"href":"https:\/\/www.billiard-pro.cz\/sk\/wp-json\/wp\/v2\/types\/product"}],"replies":[{"embeddable":true,"href":"https:\/\/www.billiard-pro.cz\/sk\/wp-json\/wp\/v2\/comments?post=3685"}],"wp:featuredmedia":[{"embeddable":true,"href":"https:\/\/www.billiard-pro.cz\/sk\/wp-json\/wp\/v2\/media\/2930"}],"wp:attachment":[{"href":"https:\/\/www.billiard-pro.cz\/sk\/wp-json\/wp\/v2\/media?parent=3685"}],"wp:term":[{"taxonomy":"product_brand","embeddable":true,"href":"https:\/\/www.billiard-pro.cz\/sk\/wp-json\/wp\/v2\/product_brand?post=3685"},{"taxonomy":"product_cat","embeddable":true,"href":"https:\/\/www.billiard-pro.cz\/sk\/wp-json\/wp\/v2\/product_cat?post=3685"},{"taxonomy":"product_tag","embeddable":true,"href":"https:\/\/www.billiard-pro.cz\/sk\/wp-json\/wp\/v2\/product_tag?post=3685"}],"curies":[{"name":"wp","href":"https:\/\/api.w.org\/{rel}","templated":true}]}}