{"id":3687,"date":"2015-01-26T15:59:44","date_gmt":"2015-01-26T15:59:44","guid":{"rendered":"http:\/\/localhost\/iwansimonis\/obchod\/nezerazene\/podpera-na-tago-nasazovacie-bufalo-mostik-cierny\/"},"modified":"2016-04-22T09:11:38","modified_gmt":"2016-04-22T07:11:38","slug":"podpera-na-tago-nasazovacie-bufalo-mostik-cierny","status":"publish","type":"product","link":"https:\/\/www.billiard-pro.cz\/sk\/obchod\/billiardove-potreby\/taga-prislusenstvo-2\/podpery-na-tago-2\/podpera-na-tago-nasazovacie-bufalo-mostik-cierny\/","title":{"rendered":"Podpera na t\u00e1go nasazovacie Buffalo &#8211; most\u00edk \u010dierny"},"content":{"rendered":"<p><strong>Black Spinal Rest Head<img decoding=\"async\" class=\"alignright\" src=\"https:\/\/www.billiard-pro.cz\/wp-content\/uploads\/2014\/06\/buffalo.png\" alt=\"buffalo\" \/><\/strong><\/p>\n<ul>\n<li>Nasadzovacie podpera (most\u00edk) pre podporu biliardov\u00fdch t\u00e1g<\/li>\n<li>Podpera sa neskrutkuje, ale iba nasadzuje (napr. na in\u00e9 t\u00e1go)<\/li>\n<li>V\u010faka gumov\u00e9mu sv\u011brac\u00edmu kr\u00fa\u017eku perfektne dr\u017e\u00ed<\/li>\n<li>Jednoduch\u00e1 a r\u00fdchla mont\u00e1\u017e a demont\u00e1\u017e<\/li>\n<li>Podperu m\u00f4\u017eete nat\u00e1\u010da\u0165 a vyu\u017e\u00edva\u0165 ve\u013ek\u00e9 mno\u017estvo r\u00f4znych v\u00fd\u0161ok<\/li>\n<li>Rozmer: 4 x 2,5 cm<\/li>\n<\/ul>\n<p><strong> Materi\u00e1l:<\/strong> Tvrden\u00fd plast<\/p>\n<p><strong>V\u00fdrobca:<\/strong> Buffalo, Holandsko<\/p>\n<p><strong>Dostupnos\u0165 tovaru:<\/strong> skladom s dodan\u00edm do 3 pracovn\u00fdch dn\u00ed<\/p>\n<p>Cena za 1 ks.<\/p>\n<p>&nbsp;<\/p>\n","protected":false},"excerpt":{"rendered":"<p>Black Spinal Rest Head Nasadzovacie podpera (most\u00edk) pre podporu biliardov\u00fdch t\u00e1g Podpera sa neskrutkuje, ale iba nasadzuje (napr. na in\u00e9 t\u00e1go) V\u010faka gumov\u00e9mu sv\u011brac\u00edmu kr\u00fa\u017eku perfektne dr\u017e\u00ed Jednoduch\u00e1 a r\u00fdchla mont\u00e1\u017e a demont\u00e1\u017e Podperu m\u00f4\u017eete nat\u00e1\u010da\u0165 a vyu\u017e\u00edva\u0165 ve\u013ek\u00e9 mno\u017estvo r\u00f4znych v\u00fd\u0161ok Rozmer: 4 x 2,5 cm Materi\u00e1l: Tvrden\u00fd plast V\u00fdrobca: Buffalo, Holandsko Dostupnos\u0165 tovaru: [&hellip;]<\/p>\n","protected":false},"featured_media":5282,"comment_status":"open","ping_status":"closed","template":"","meta":[],"product_brand":[],"product_cat":[251,363,273],"product_tag":[],"class_list":{"0":"post-3687","1":"product","2":"type-product","3":"status-publish","4":"has-post-thumbnail","6":"product_cat-billiardove-potreby","7":"product_cat-podpery-na-tago-2","8":"product_cat-taga-prislusenstvo-2","10":"first","11":"instock","12":"shipping-taxable","13":"purchasable","14":"product-type-simple"},"_links":{"self":[{"href":"https:\/\/www.billiard-pro.cz\/sk\/wp-json\/wp\/v2\/product\/3687","targetHints":{"allow":["GET"]}}],"collection":[{"href":"https:\/\/www.billiard-pro.cz\/sk\/wp-json\/wp\/v2\/product"}],"about":[{"href":"https:\/\/www.billiard-pro.cz\/sk\/wp-json\/wp\/v2\/types\/product"}],"replies":[{"embeddable":true,"href":"https:\/\/www.billiard-pro.cz\/sk\/wp-json\/wp\/v2\/comments?post=3687"}],"wp:featuredmedia":[{"embeddable":true,"href":"https:\/\/www.billiard-pro.cz\/sk\/wp-json\/wp\/v2\/media\/5282"}],"wp:attachment":[{"href":"https:\/\/www.billiard-pro.cz\/sk\/wp-json\/wp\/v2\/media?parent=3687"}],"wp:term":[{"taxonomy":"product_brand","embeddable":true,"href":"https:\/\/www.billiard-pro.cz\/sk\/wp-json\/wp\/v2\/product_brand?post=3687"},{"taxonomy":"product_cat","embeddable":true,"href":"https:\/\/www.billiard-pro.cz\/sk\/wp-json\/wp\/v2\/product_cat?post=3687"},{"taxonomy":"product_tag","embeddable":true,"href":"https:\/\/www.billiard-pro.cz\/sk\/wp-json\/wp\/v2\/product_tag?post=3687"}],"curies":[{"name":"wp","href":"https:\/\/api.w.org\/{rel}","templated":true}]}}