{"id":3689,"date":"2015-01-26T16:33:28","date_gmt":"2015-01-26T16:33:28","guid":{"rendered":"http:\/\/localhost\/iwansimonis\/obchod\/nezerazene\/gumova-narazacie-ochrana-biliardoveho-taga-univerzalna\/"},"modified":"2015-01-26T16:33:28","modified_gmt":"2015-01-26T16:33:28","slug":"gumova-narazacie-ochrana-biliardoveho-taga-univerzalna","status":"publish","type":"product","link":"https:\/\/www.billiard-pro.cz\/sk\/obchod\/billiardove-potreby\/taga-prislusenstvo-2\/ochrana-taga-sk\/gumova-narazacie-ochrana-biliardoveho-taga-univerzalna\/","title":{"rendered":"Gumov\u00e1 nar\u00e1\u017eacie ochrana biliardov\u00e9ho t\u00e1ga univerz\u00e1lna"},"content":{"rendered":"<p><strong>Gumov\u00e1 nar\u00e1\u017eacie ochrana biliardov\u00e9ho t\u00e1ga<img decoding=\"async\" class=\"alignright\" alt=\"buffalo\" src=\"https:\/\/www.billiard-pro.cz\/wp-content\/uploads\/2014\/06\/buffalo.png\" \/><\/strong><\/p>\n<ul>\n<li>Gumov\u00e1 nar\u00e1\u017eacie ochrana biliardov\u00e9ho t\u00e1ga<\/li>\n<li><strong>Univerz\u00e1lna &#8211; pou\u017eite\u013en\u00e1 na v\u0161etky druhy t\u00e1g &#8211; pool, karambol &#8230;<\/strong><\/li>\n<li>Ochrann\u00e1 guma (hubka) na spodok t\u00e1ga<\/li>\n<li>Celkov\u00e1 v\u00fd\u0161ka 35 mm a celkov\u00fd priemer 27 mm<\/li>\n<li>Nar\u00e1\u017eacie \u010das\u0165 je vysok\u00e1 21 mm a m\u00e1 priemer 18 mm<\/li>\n<li>Chr\u00e1ni biliardov\u00e9 t\u00e1ga pred \u00fadermi o zem<\/li>\n<\/ul>\n<p><strong>Materi\u00e1l:<\/strong>\u00a0 guma<\/p>\n<p><strong>V\u00fdrobca:<\/strong>\u00a0Buffalo, Holandsko<\/p>\n<p><strong>Dostupnos\u0165 tovaru:<\/strong>\u00a0skladom s dodan\u00edm do 3 pracovn\u00fdch dn\u00ed<\/p>\n<p>Cena za 1 ks.<\/p>\n<p>Produkt \u010d\u00edslo: 5914.000<\/p>\n","protected":false},"excerpt":{"rendered":"<p>Gumov\u00e1 nar\u00e1\u017eacie ochrana biliardov\u00e9ho t\u00e1ga Gumov\u00e1 nar\u00e1\u017eacie ochrana biliardov\u00e9ho t\u00e1ga Univerz\u00e1lna &#8211; pou\u017eite\u013en\u00e1 na v\u0161etky druhy t\u00e1g &#8211; pool, karambol &#8230; Ochrann\u00e1 guma (hubka) na spodok t\u00e1ga Celkov\u00e1 v\u00fd\u0161ka 35 mm a celkov\u00fd priemer 27 mm Nar\u00e1\u017eacie \u010das\u0165 je vysok\u00e1 21 mm a m\u00e1 priemer 18 mm Chr\u00e1ni biliardov\u00e9 t\u00e1ga pred \u00fadermi o zem Materi\u00e1l:\u00a0 [&hellip;]<\/p>\n","protected":false},"featured_media":5284,"comment_status":"open","ping_status":"closed","template":"","meta":[],"product_brand":[],"product_cat":[251,377,273],"product_tag":[],"class_list":{"0":"post-3689","1":"product","2":"type-product","3":"status-publish","4":"has-post-thumbnail","6":"product_cat-billiardove-potreby","7":"product_cat-ochrana-taga-sk","8":"product_cat-taga-prislusenstvo-2","10":"first","11":"instock","12":"shipping-taxable","13":"purchasable","14":"product-type-simple"},"_links":{"self":[{"href":"https:\/\/www.billiard-pro.cz\/sk\/wp-json\/wp\/v2\/product\/3689","targetHints":{"allow":["GET"]}}],"collection":[{"href":"https:\/\/www.billiard-pro.cz\/sk\/wp-json\/wp\/v2\/product"}],"about":[{"href":"https:\/\/www.billiard-pro.cz\/sk\/wp-json\/wp\/v2\/types\/product"}],"replies":[{"embeddable":true,"href":"https:\/\/www.billiard-pro.cz\/sk\/wp-json\/wp\/v2\/comments?post=3689"}],"wp:featuredmedia":[{"embeddable":true,"href":"https:\/\/www.billiard-pro.cz\/sk\/wp-json\/wp\/v2\/media\/5284"}],"wp:attachment":[{"href":"https:\/\/www.billiard-pro.cz\/sk\/wp-json\/wp\/v2\/media?parent=3689"}],"wp:term":[{"taxonomy":"product_brand","embeddable":true,"href":"https:\/\/www.billiard-pro.cz\/sk\/wp-json\/wp\/v2\/product_brand?post=3689"},{"taxonomy":"product_cat","embeddable":true,"href":"https:\/\/www.billiard-pro.cz\/sk\/wp-json\/wp\/v2\/product_cat?post=3689"},{"taxonomy":"product_tag","embeddable":true,"href":"https:\/\/www.billiard-pro.cz\/sk\/wp-json\/wp\/v2\/product_tag?post=3689"}],"curies":[{"name":"wp","href":"https:\/\/api.w.org\/{rel}","templated":true}]}}