{"id":3691,"date":"2015-01-28T10:24:07","date_gmt":"2015-01-28T09:24:07","guid":{"rendered":"http:\/\/localhost\/iwansimonis\/obchod\/nezerazene\/pool-aramith-us-tournament-aramith-pro-cup-tv-572-mm\/"},"modified":"2016-05-16T11:24:08","modified_gmt":"2016-05-16T09:24:08","slug":"pool-aramith-us-tournament-aramith-pro-cup-tv-572-mm","status":"publish","type":"product","link":"https:\/\/www.billiard-pro.cz\/sk\/obchod\/biliardove-gule-aramith\/pool-sk-3\/pool-aramith-us-tournament-aramith-pro-cup-tv-572-mm\/","title":{"rendered":"Biliardov\u00e9 gule pool Aramith US Tournament Pro Cup TV 57,2 mm"},"content":{"rendered":"<p><strong>Biliardov\u00e9 gule Aramith US Tournament Pro Cup TV 57,2 mm<img decoding=\"async\" class=\"alignright\" src=\"https:\/\/www.billiard-pro.cz\/wp-content\/uploads\/2013\/09\/aramith-logo.jpg\" alt=\"Aramith\" \/><\/strong><\/p>\n<ul>\n<li>Nov\u00e1 technol\u00f3gia materi\u00e1lu DuramithTM Technology (4.gener\u00e1cia \u017eiv\u00edc)<\/li>\n<li>Duramith technol\u00f3gia zvy\u0161uje \u017eivotnos\u0165 gu\u013e\u00ed a\u017e o 50%<img loading=\"lazy\" decoding=\"async\" class=\"size-full wp-image-5290 alignright\" src=\"https:\/\/www.billiard-pro.cz\/wp-content\/uploads\/2015\/01\/novinkaLogo-300x181.jpg\" alt=\"novinkaLogo-300x181\" width=\"300\" height=\"181\" data-id=\"2950\" \/><\/li>\n<li>Najvy\u0161\u0161ia rada fenolovej \u017eivice<\/li>\n<li>Profesion\u00e1lne turnajov\u00e9 gule najvy\u0161\u0161ej kvality<\/li>\n<li>Extr\u00e9mne zv\u00fd\u0161en\u00fd lesk<\/li>\n<li>Tvrden\u00fd keramick\u00fd povrch s ve\u013emi vysokou hustotou<\/li>\n<li>Extra odoln\u00fd hladk\u00fd povrch minimalizuj\u00faci opotrebenie s\u00fakna<\/li>\n<li>Biela gu\u013ea s \u010derven\u00fdmi zna\u010dkami &#8222;Lienka&#8220;<\/li>\n<li>Sada 16 gul\u00ed o priemere 57,2 mm<\/li>\n<li>Dobr\u00e1 vidite\u013enos\u0165 gul\u00ed pre TV z\u00e1znamy<\/li>\n<li><strong>\u010eal\u0161ie v\u00fdhody Aramith gu\u013e\u00ed:<\/strong><\/li>\n<li>Presn\u00e1 kalibr\u00e1cia ka\u017edej gule pre maxim\u00e1lnu konzistenciu v r\u00e1mci sady<\/li>\n<li>V\u00fdhodn\u00e9 sady pou\u017e\u00edvan\u00e9 po celom svete v turnajoch a majstrovstv\u00e1ch pre ich nekompromisn\u00fa kvalitu<\/li>\n<li>Sp\u013a\u0148a v\u0161etky krit\u00e9ri\u00e1:<\/li>\n<li>hustota, vyv\u00e1\u017eenos\u0165, priemer, zaoblenie, farba, lesk, tvrdos\u0165, hmotnos\u0165<\/li>\n<\/ul>\n<p>Na \u010distenie gul\u00ed pou\u017eite\u00a0<a title=\"\u010cisti\u010d koul\u00ed Aramith ball cleaner \u2013 roztok na \u010di\u0161t\u011bn\u00ed kule\u010dn\u00edkov\u00fdch koul\u00ed 1 lahev \u2013 250 ml\" href=\"https:\/\/www.billiard-pro.cz\/obchod\/koule-aramith\/aramith-ball-cleaner-roztok-na-cisteni-kouli-1-lahev-250-ml\/\">ARAMITH Cleaner<\/a>\u00a0&#8211; zna\u010dkov\u00fd \u010distiaci roztok na \u00fadr\u017ebu gu\u013e\u00ed<\/p>\n<p><strong>V\u00fdrobca:<\/strong>\u00a0Saluc S.A.. \/ ARAMITH, Belgicko<\/p>\n<p><strong>Dostupnos\u0165 tovaru:<\/strong>\u00a0skladom s dodan\u00edm do 3 pracovn\u00fdch dn\u00ed<\/p>\n","protected":false},"excerpt":{"rendered":"<p>Biliardov\u00e9 gule Aramith US Tournament Pro Cup TV 57,2 mm Nov\u00e1 technol\u00f3gia materi\u00e1lu DuramithTM Technology (4.gener\u00e1cia \u017eiv\u00edc) Duramith technol\u00f3gia zvy\u0161uje \u017eivotnos\u0165 gu\u013e\u00ed a\u017e o 50% Najvy\u0161\u0161ia rada fenolovej \u017eivice Profesion\u00e1lne turnajov\u00e9 gule najvy\u0161\u0161ej kvality Extr\u00e9mne zv\u00fd\u0161en\u00fd lesk Tvrden\u00fd keramick\u00fd povrch s ve\u013emi vysokou hustotou Extra odoln\u00fd hladk\u00fd povrch minimalizuj\u00faci opotrebenie s\u00fakna Biela gu\u013ea s \u010derven\u00fdmi [&hellip;]<\/p>\n","protected":false},"featured_media":5288,"comment_status":"open","ping_status":"closed","template":"","meta":[],"product_brand":[],"product_cat":[390],"product_tag":[],"class_list":{"0":"post-3691","1":"product","2":"type-product","3":"status-publish","4":"has-post-thumbnail","6":"product_cat-pool-sk-3","8":"first","9":"instock","10":"shipping-taxable","11":"purchasable","12":"product-type-simple"},"_links":{"self":[{"href":"https:\/\/www.billiard-pro.cz\/sk\/wp-json\/wp\/v2\/product\/3691","targetHints":{"allow":["GET"]}}],"collection":[{"href":"https:\/\/www.billiard-pro.cz\/sk\/wp-json\/wp\/v2\/product"}],"about":[{"href":"https:\/\/www.billiard-pro.cz\/sk\/wp-json\/wp\/v2\/types\/product"}],"replies":[{"embeddable":true,"href":"https:\/\/www.billiard-pro.cz\/sk\/wp-json\/wp\/v2\/comments?post=3691"}],"wp:featuredmedia":[{"embeddable":true,"href":"https:\/\/www.billiard-pro.cz\/sk\/wp-json\/wp\/v2\/media\/5288"}],"wp:attachment":[{"href":"https:\/\/www.billiard-pro.cz\/sk\/wp-json\/wp\/v2\/media?parent=3691"}],"wp:term":[{"taxonomy":"product_brand","embeddable":true,"href":"https:\/\/www.billiard-pro.cz\/sk\/wp-json\/wp\/v2\/product_brand?post=3691"},{"taxonomy":"product_cat","embeddable":true,"href":"https:\/\/www.billiard-pro.cz\/sk\/wp-json\/wp\/v2\/product_cat?post=3691"},{"taxonomy":"product_tag","embeddable":true,"href":"https:\/\/www.billiard-pro.cz\/sk\/wp-json\/wp\/v2\/product_tag?post=3691"}],"curies":[{"name":"wp","href":"https:\/\/api.w.org\/{rel}","templated":true}]}}