{"id":3703,"date":"2015-01-29T17:25:25","date_gmt":"2015-01-29T17:25:25","guid":{"rendered":"http:\/\/localhost\/iwansimonis\/obchod\/nezerazene\/javorova-spice-vrsok-buffalo-na-karambolova-taga-12-mm71cm\/"},"modified":"2017-03-17T12:33:59","modified_gmt":"2017-03-17T11:33:59","slug":"javorova-spice-vrsok-buffalo-na-karambolova-taga-12-mm71cm","status":"publish","type":"product","link":"https:\/\/www.billiard-pro.cz\/sk\/obchod\/billiardove-potreby\/taga-sk\/taga-karambol-sk\/karambolove-vrsky-spice-sk\/javorova-spice-vrsok-buffalo-na-karambolova-taga-12-mm71cm\/","title":{"rendered":"Javorova \u0161pice \/vr\u0161ok Buffalo na karambolov\u00e1 t\u00e1ga 12 mm\/71cm"},"content":{"rendered":"<p><strong>N\u00e1hradn\u00e1 javorov\u00e1 \u0161pica Buffalo na karambolov\u00e1 t\u00e1ga 12 mm \/71 cm\u00a0<img loading=\"lazy\" decoding=\"async\" class=\"alignright\" src=\"https:\/\/www.billiard-pro.cz\/wp-content\/uploads\/2014\/06\/buffalo.png\" alt=\"buffalo\" width=\"66\" height=\"17\" data-id=\"2412\" \/><\/strong><\/p>\n<ul>\n<li>N\u00e1hradna javorov\u00e1 karambolova \u0161pice<\/li>\n<li>Priemer 12 mm<\/li>\n<li>Ko\u017ea Le Professionel 12 mm<\/li>\n<li>D\u013a\u017eka \u0161pi\u010dky 71 cm<\/li>\n<li>Dreven\u00fd z\u00e1vit<\/li>\n<li>N\u00e1hradn\u00e9 ko\u017ee &#8211; vyberajte lepen\u00e9 \u00a0ko\u017ee o priemere 12 mm<\/li>\n<li>Hod\u00ed sa na ka\u017ed\u00e9 karambolov\u00e9 t\u00e1go s dreven\u00fdm z\u00e1vitom napr.\u00a0<a title=\"Kule\u010dn\u00edkov\u00e9 t\u00e1go karambolov\u00e9 Triton S2 No: 3\" href=\"https:\/\/www.billiard-pro.cz\/obchod\/kulecnikove-potreby\/taga\/kulecnikove-tago-karambolove-triton-s2-no-3\/\">TRITON<\/a>,\u00a0<a title=\"Kule\u010dn\u00edkov\u00e9 t\u00e1go karambolov\u00e9 Orca S2  No: 1\" href=\"https:\/\/www.billiard-pro.cz\/obchod\/kulecnikove-potreby\/kulecnikove-tago-karambolove-orca-s2-no-1\/\">ORCA<\/a>,\u00a0<a title=\"Kule\u010dn\u00edkov\u00e9 t\u00e1go karambolov\u00e9 Piranha S2 No: 2\" href=\"https:\/\/www.billiard-pro.cz\/obchod\/kulecnikove-potreby\/taga\/kulecnikove-tago-karambolove-piranha-s2-no-2\/\">PIRANHA<\/a><\/li>\n<li>Single Wooden Joint System<\/li>\n<li>Kontrola jakosti<\/li>\n<li>Ve\u013emi popul\u00e1rny n\u00e1hradn\u00e9 vr\u0161ok &#8211; \u0161pi\u010dka<\/li>\n<li>V\u00fdhodn\u00fd pomer kvality a ceny<\/li>\n<\/ul>\n<p><strong>Materi\u00e1l:<\/strong>\u00a0kanadsk\u00fd javor<\/p>\n<p><strong>V\u00fdrobca<\/strong>: Buffalo, Holandsko<\/p>\n<p><strong>Dostupnos\u0165 tovaru:<\/strong>\u00a0do\u010dasne vypredan\u00e9<\/p>\n","protected":false},"excerpt":{"rendered":"<p>N\u00e1hradn\u00e1 javorov\u00e1 \u0161pica Buffalo na karambolov\u00e1 t\u00e1ga 12 mm \/71 cm\u00a0 N\u00e1hradna javorov\u00e1 karambolova \u0161pice Priemer 12 mm Ko\u017ea Le Professionel 12 mm D\u013a\u017eka \u0161pi\u010dky 71 cm Dreven\u00fd z\u00e1vit N\u00e1hradn\u00e9 ko\u017ee &#8211; vyberajte lepen\u00e9 \u00a0ko\u017ee o priemere 12 mm Hod\u00ed sa na ka\u017ed\u00e9 karambolov\u00e9 t\u00e1go s dreven\u00fdm z\u00e1vitom napr.\u00a0TRITON,\u00a0ORCA,\u00a0PIRANHA Single Wooden Joint System Kontrola jakosti [&hellip;]<\/p>\n","protected":false},"featured_media":5302,"comment_status":"open","ping_status":"closed","template":"","meta":[],"product_brand":[],"product_cat":[371],"product_tag":[],"class_list":{"0":"post-3703","1":"product","2":"type-product","3":"status-publish","4":"has-post-thumbnail","6":"product_cat-karambolove-vrsky-spice-sk","8":"first","9":"instock","10":"shipping-taxable","11":"purchasable","12":"product-type-simple"},"_links":{"self":[{"href":"https:\/\/www.billiard-pro.cz\/sk\/wp-json\/wp\/v2\/product\/3703","targetHints":{"allow":["GET"]}}],"collection":[{"href":"https:\/\/www.billiard-pro.cz\/sk\/wp-json\/wp\/v2\/product"}],"about":[{"href":"https:\/\/www.billiard-pro.cz\/sk\/wp-json\/wp\/v2\/types\/product"}],"replies":[{"embeddable":true,"href":"https:\/\/www.billiard-pro.cz\/sk\/wp-json\/wp\/v2\/comments?post=3703"}],"wp:featuredmedia":[{"embeddable":true,"href":"https:\/\/www.billiard-pro.cz\/sk\/wp-json\/wp\/v2\/media\/5302"}],"wp:attachment":[{"href":"https:\/\/www.billiard-pro.cz\/sk\/wp-json\/wp\/v2\/media?parent=3703"}],"wp:term":[{"taxonomy":"product_brand","embeddable":true,"href":"https:\/\/www.billiard-pro.cz\/sk\/wp-json\/wp\/v2\/product_brand?post=3703"},{"taxonomy":"product_cat","embeddable":true,"href":"https:\/\/www.billiard-pro.cz\/sk\/wp-json\/wp\/v2\/product_cat?post=3703"},{"taxonomy":"product_tag","embeddable":true,"href":"https:\/\/www.billiard-pro.cz\/sk\/wp-json\/wp\/v2\/product_tag?post=3703"}],"curies":[{"name":"wp","href":"https:\/\/api.w.org\/{rel}","templated":true}]}}