{"id":3711,"date":"2015-02-04T15:39:51","date_gmt":"2015-02-04T14:39:51","guid":{"rendered":"http:\/\/localhost\/iwansimonis\/obchod\/nezerazene\/navlek-na-tago-gabriels-cierny\/"},"modified":"2015-02-04T15:39:51","modified_gmt":"2015-02-04T15:39:51","slug":"navlek-na-tago-gabriels-cierny","status":"publish","type":"product","link":"https:\/\/www.billiard-pro.cz\/sk\/obchod\/billiardove-potreby\/taga-prislusenstvo-2\/navleky-na-tago-sk\/navlek-na-tago-gabriels-cierny\/","title":{"rendered":"N\u00e1vlek na t\u00e1go Gabriels \u010dierny"},"content":{"rendered":"<p><strong>N\u00e1vlek na t\u00e1go GABRIELS &#8211; \u00fachop gumov\u00fd \u010dierny<\/strong><img loading=\"lazy\" decoding=\"async\" class=\"size-full wp-image-2608 alignright\" alt=\"logo-gabriels\" src=\"https:\/\/www.billiard-pro.cz\/wp-content\/uploads\/2014\/08\/logo-gabriels.jpg\" width=\"160\" height=\"49\" data-id=\"2608\" srcset=\"https:\/\/www.billiard-pro.cz\/wp-content\/uploads\/2014\/08\/logo-gabriels.jpg 160w, https:\/\/www.billiard-pro.cz\/wp-content\/uploads\/2014\/08\/logo-gabriels-148x45.jpg 148w, https:\/\/www.billiard-pro.cz\/wp-content\/uploads\/2014\/08\/logo-gabriels-31x9.jpg 31w, https:\/\/www.billiard-pro.cz\/wp-content\/uploads\/2014\/08\/logo-gabriels-38x11.jpg 38w\" sizes=\"auto, (max-width: 160px) 100vw, 160px\" \/><\/p>\n<ul>\n<li>Pou\u017e\u00edva sa na spodn\u00fd diel karambolov\u00fdch t\u00e1g<\/li>\n<li>D\u013a\u017eka 30 cm<\/li>\n<li>V\u00e1ha 16 gram<\/li>\n<\/ul>\n<p><strong>V\u00fdrobca:<\/strong> Gabriels, Holandsko<\/p>\n<p><strong>Dostupnos\u0165 tovaru:<\/strong> skladom s dodan\u00edm do 3 pracovn\u00fdch dn\u00ed<\/p>\n","protected":false},"excerpt":{"rendered":"<p>N\u00e1vlek na t\u00e1go GABRIELS &#8211; \u00fachop gumov\u00fd \u010dierny Pou\u017e\u00edva sa na spodn\u00fd diel karambolov\u00fdch t\u00e1g D\u013a\u017eka 30 cm V\u00e1ha 16 gram V\u00fdrobca: Gabriels, Holandsko Dostupnos\u0165 tovaru: skladom s dodan\u00edm do 3 pracovn\u00fdch dn\u00ed<\/p>\n","protected":false},"featured_media":5312,"comment_status":"open","ping_status":"closed","template":"","meta":[],"product_brand":[],"product_cat":[375,273],"product_tag":[],"class_list":{"0":"post-3711","1":"product","2":"type-product","3":"status-publish","4":"has-post-thumbnail","6":"product_cat-navleky-na-tago-sk","7":"product_cat-taga-prislusenstvo-2","9":"first","10":"instock","11":"sale","12":"shipping-taxable","13":"purchasable","14":"product-type-simple"},"_links":{"self":[{"href":"https:\/\/www.billiard-pro.cz\/sk\/wp-json\/wp\/v2\/product\/3711","targetHints":{"allow":["GET"]}}],"collection":[{"href":"https:\/\/www.billiard-pro.cz\/sk\/wp-json\/wp\/v2\/product"}],"about":[{"href":"https:\/\/www.billiard-pro.cz\/sk\/wp-json\/wp\/v2\/types\/product"}],"replies":[{"embeddable":true,"href":"https:\/\/www.billiard-pro.cz\/sk\/wp-json\/wp\/v2\/comments?post=3711"}],"wp:featuredmedia":[{"embeddable":true,"href":"https:\/\/www.billiard-pro.cz\/sk\/wp-json\/wp\/v2\/media\/5312"}],"wp:attachment":[{"href":"https:\/\/www.billiard-pro.cz\/sk\/wp-json\/wp\/v2\/media?parent=3711"}],"wp:term":[{"taxonomy":"product_brand","embeddable":true,"href":"https:\/\/www.billiard-pro.cz\/sk\/wp-json\/wp\/v2\/product_brand?post=3711"},{"taxonomy":"product_cat","embeddable":true,"href":"https:\/\/www.billiard-pro.cz\/sk\/wp-json\/wp\/v2\/product_cat?post=3711"},{"taxonomy":"product_tag","embeddable":true,"href":"https:\/\/www.billiard-pro.cz\/sk\/wp-json\/wp\/v2\/product_tag?post=3711"}],"curies":[{"name":"wp","href":"https:\/\/api.w.org\/{rel}","templated":true}]}}