{"id":3719,"date":"2015-02-06T12:40:04","date_gmt":"2015-02-06T11:40:04","guid":{"rendered":"http:\/\/localhost\/iwansimonis\/obchod\/nezerazene\/navlek-na-tago-gabriels-ibs-cerveny-kozeny-2\/"},"modified":"2015-02-06T12:40:04","modified_gmt":"2015-02-06T12:40:04","slug":"navlek-na-tago-gabriels-ibs-cerveny-kozeny-2","status":"publish","type":"product","link":"https:\/\/www.billiard-pro.cz\/sk\/obchod\/billiardove-potreby\/taga-prislusenstvo-2\/navleky-na-tago-sk\/navlek-na-tago-gabriels-ibs-cerveny-kozeny-2\/","title":{"rendered":"N\u00e1vlek na t\u00e1go Gabriels IBS \u010derven\u00fd ko\u017een\u00fd"},"content":{"rendered":"<p><strong>N\u00e1vlek na t\u00e1go GABRIELS IBS &#8211; \u00fachop ko\u017een\u00fd \u010derven\u00fd<img decoding=\"async\" class=\"alignright\" alt=\"logo-gabriels\" src=\"https:\/\/www.billiard-pro.cz\/wp-content\/uploads\/2014\/08\/logo-gabriels.jpg\" \/><\/strong><\/p>\n<ul>\n<li>Pou\u017e\u00edva sa na spodn\u00fd diel karambolov\u00fdch t\u00e1g<\/li>\n<li>Zna\u010dkov\u00fd ko\u017een\u00fd n\u00e1vlek na t\u00e1go karambol<\/li>\n<li>D\u013a\u017eka 32 cm<\/li>\n<li>V\u00e1ha 14 gramov<\/li>\n<\/ul>\n<p><strong>Postup pou\u017eitia:<\/strong><\/p>\n<ul>\n<li>Spodok t\u00e1ga a ko\u017een\u00fd n\u00e1vlek mierne navlh\u010dite<\/li>\n<li>N\u00e1vlek s\u0165ahujte dole po t\u00e1gu \u00a0na po\u017eadovan\u00e9 miesto<\/li>\n<li>Ko\u017een\u00fd n\u00e1vlek dokonale pri\u013ene k t\u00e1gu po zaschnut\u00ed a ne\u0161m\u00fdka sa<\/li>\n<li>Nutn\u00e9 na z\u00e1ver d\u00f4kladne osu\u0161i\u0165 t\u00e1go vr\u00e1tane n\u00e1vleku<\/li>\n<\/ul>\n<p><strong>V\u00fdrobca:<\/strong>\u00a0Gabriels, Holandsko<\/p>\n<p><strong>Dostupnos\u0165 tovaru:<\/strong>\u00a0skladom s dodan\u00edm do 3 pracovn\u00fdch dn\u00ed<\/p>\n<p>Produkt \u010d\u00edslo: AC3523<\/p>\n","protected":false},"excerpt":{"rendered":"<p>N\u00e1vlek na t\u00e1go GABRIELS IBS &#8211; \u00fachop ko\u017een\u00fd \u010derven\u00fd Pou\u017e\u00edva sa na spodn\u00fd diel karambolov\u00fdch t\u00e1g Zna\u010dkov\u00fd ko\u017een\u00fd n\u00e1vlek na t\u00e1go karambol D\u013a\u017eka 32 cm V\u00e1ha 14 gramov Postup pou\u017eitia: Spodok t\u00e1ga a ko\u017een\u00fd n\u00e1vlek mierne navlh\u010dite N\u00e1vlek s\u0165ahujte dole po t\u00e1gu \u00a0na po\u017eadovan\u00e9 miesto Ko\u017een\u00fd n\u00e1vlek dokonale pri\u013ene k t\u00e1gu po zaschnut\u00ed a ne\u0161m\u00fdka [&hellip;]<\/p>\n","protected":false},"featured_media":5318,"comment_status":"open","ping_status":"closed","template":"","meta":[],"product_brand":[],"product_cat":[375,273],"product_tag":[],"class_list":{"0":"post-3719","1":"product","2":"type-product","3":"status-publish","4":"has-post-thumbnail","6":"product_cat-navleky-na-tago-sk","7":"product_cat-taga-prislusenstvo-2","9":"first","10":"instock","11":"sale","12":"shipping-taxable","13":"purchasable","14":"product-type-simple"},"_links":{"self":[{"href":"https:\/\/www.billiard-pro.cz\/sk\/wp-json\/wp\/v2\/product\/3719","targetHints":{"allow":["GET"]}}],"collection":[{"href":"https:\/\/www.billiard-pro.cz\/sk\/wp-json\/wp\/v2\/product"}],"about":[{"href":"https:\/\/www.billiard-pro.cz\/sk\/wp-json\/wp\/v2\/types\/product"}],"replies":[{"embeddable":true,"href":"https:\/\/www.billiard-pro.cz\/sk\/wp-json\/wp\/v2\/comments?post=3719"}],"wp:featuredmedia":[{"embeddable":true,"href":"https:\/\/www.billiard-pro.cz\/sk\/wp-json\/wp\/v2\/media\/5318"}],"wp:attachment":[{"href":"https:\/\/www.billiard-pro.cz\/sk\/wp-json\/wp\/v2\/media?parent=3719"}],"wp:term":[{"taxonomy":"product_brand","embeddable":true,"href":"https:\/\/www.billiard-pro.cz\/sk\/wp-json\/wp\/v2\/product_brand?post=3719"},{"taxonomy":"product_cat","embeddable":true,"href":"https:\/\/www.billiard-pro.cz\/sk\/wp-json\/wp\/v2\/product_cat?post=3719"},{"taxonomy":"product_tag","embeddable":true,"href":"https:\/\/www.billiard-pro.cz\/sk\/wp-json\/wp\/v2\/product_tag?post=3719"}],"curies":[{"name":"wp","href":"https:\/\/api.w.org\/{rel}","templated":true}]}}