{"id":3721,"date":"2015-02-06T12:53:04","date_gmt":"2015-02-06T11:53:04","guid":{"rendered":"http:\/\/localhost\/iwansimonis\/obchod\/nezerazene\/navlek-na-tago-gabriels-frederic-caudron-zeleny-2\/"},"modified":"2015-02-06T12:53:04","modified_gmt":"2015-02-06T12:53:04","slug":"navlek-na-tago-gabriels-frederic-caudron-zeleny-2","status":"publish","type":"product","link":"https:\/\/www.billiard-pro.cz\/sk\/obchod\/billiardove-potreby\/taga-prislusenstvo-2\/navleky-na-tago-sk\/navlek-na-tago-gabriels-frederic-caudron-zeleny-2\/","title":{"rendered":"N\u00e1vlek na t\u00e1go Gabriels &#8211; Frederic Caudron &#8211; zelen\u00fd"},"content":{"rendered":"<p><strong>N\u00e1vlek na t\u00e1go GABRIELS Frederic Caudron \u00a0&#8211; \u00fachop gumov\u00fd zelen\u00fd\u00a0<img decoding=\"async\" class=\"alignright\" alt=\"logo-gabriels\" src=\"https:\/\/www.billiard-pro.cz\/wp-content\/uploads\/2014\/08\/logo-gabriels.jpg\" \/><\/strong><\/p>\n<ul>\n<li>Pou\u017e\u00edva sa na spodn\u00fd diel karambolov\u00fdch t\u00e1g<\/li>\n<li>Zna\u010dkov\u00fd gumov\u00fd n\u00e1vlek na t\u00e1go karambol<\/li>\n<li>D\u013a\u017eka 30 cm<\/li>\n<li>V\u00e1ha 16 gramov<\/li>\n<\/ul>\n<p><strong style=\"line-height: 1.5em;\">V\u00fdrobca:<\/strong><span style=\"line-height: 1.5em;\">\u00a0Gabriels, Holandsko<\/span><\/p>\n<p><strong>Dostupnos\u0165 tovaru:<\/strong>\u00a0skladom s dodan\u00edm do 3 pracovn\u00fdch dn\u00ed<\/p>\n<p>Produkt \u010d\u00edslo: XAC3541<\/p>\n","protected":false},"excerpt":{"rendered":"<p>N\u00e1vlek na t\u00e1go GABRIELS Frederic Caudron \u00a0&#8211; \u00fachop gumov\u00fd zelen\u00fd\u00a0 Pou\u017e\u00edva sa na spodn\u00fd diel karambolov\u00fdch t\u00e1g Zna\u010dkov\u00fd gumov\u00fd n\u00e1vlek na t\u00e1go karambol D\u013a\u017eka 30 cm V\u00e1ha 16 gramov V\u00fdrobca:\u00a0Gabriels, Holandsko Dostupnos\u0165 tovaru:\u00a0skladom s dodan\u00edm do 3 pracovn\u00fdch dn\u00ed Produkt \u010d\u00edslo: XAC3541<\/p>\n","protected":false},"featured_media":5320,"comment_status":"open","ping_status":"closed","template":"","meta":[],"product_brand":[],"product_cat":[375,273],"product_tag":[],"class_list":{"0":"post-3721","1":"product","2":"type-product","3":"status-publish","4":"has-post-thumbnail","6":"product_cat-navleky-na-tago-sk","7":"product_cat-taga-prislusenstvo-2","9":"first","10":"instock","11":"sale","12":"shipping-taxable","13":"purchasable","14":"product-type-simple"},"_links":{"self":[{"href":"https:\/\/www.billiard-pro.cz\/sk\/wp-json\/wp\/v2\/product\/3721","targetHints":{"allow":["GET"]}}],"collection":[{"href":"https:\/\/www.billiard-pro.cz\/sk\/wp-json\/wp\/v2\/product"}],"about":[{"href":"https:\/\/www.billiard-pro.cz\/sk\/wp-json\/wp\/v2\/types\/product"}],"replies":[{"embeddable":true,"href":"https:\/\/www.billiard-pro.cz\/sk\/wp-json\/wp\/v2\/comments?post=3721"}],"wp:featuredmedia":[{"embeddable":true,"href":"https:\/\/www.billiard-pro.cz\/sk\/wp-json\/wp\/v2\/media\/5320"}],"wp:attachment":[{"href":"https:\/\/www.billiard-pro.cz\/sk\/wp-json\/wp\/v2\/media?parent=3721"}],"wp:term":[{"taxonomy":"product_brand","embeddable":true,"href":"https:\/\/www.billiard-pro.cz\/sk\/wp-json\/wp\/v2\/product_brand?post=3721"},{"taxonomy":"product_cat","embeddable":true,"href":"https:\/\/www.billiard-pro.cz\/sk\/wp-json\/wp\/v2\/product_cat?post=3721"},{"taxonomy":"product_tag","embeddable":true,"href":"https:\/\/www.billiard-pro.cz\/sk\/wp-json\/wp\/v2\/product_tag?post=3721"}],"curies":[{"name":"wp","href":"https:\/\/api.w.org\/{rel}","templated":true}]}}