{"id":3737,"date":"2015-02-08T22:41:55","date_gmt":"2015-02-08T21:41:55","guid":{"rendered":"http:\/\/localhost\/iwansimonis\/obchod\/nezerazene\/gulecnikove-tago-fury-break-jump-fbj-2-brown-516x18-pool-dvoudielne\/"},"modified":"2016-09-13T22:11:43","modified_gmt":"2016-09-13T20:11:43","slug":"gulecnikove-tago-fury-break-jump-fbj-2-brown-516x18-pool-dvoudielne","status":"publish","type":"product","link":"https:\/\/www.billiard-pro.cz\/sk\/obchod\/billiardove-potreby\/taga-sk\/taga-pool-sk\/taga-jump-pool-sk\/gulecnikove-tago-fury-break-jump-fbj-2-brown-516x18-pool-dvoudielne\/","title":{"rendered":"Biliardov\u00e9 t\u00e1go Fury Break Jump FBJ-2, brown 5\/16&#215;18 -pool- dvoudielne"},"content":{"rendered":"<p><strong>T\u00e1go pool Fury Break Jump FBJ-2 , dvojdielne<\/strong><\/p>\n<ul>\n<li>Profesion\u00e1lne Break Jump\/preskakovacie billiardov\u00e9 t\u00e1go z rady Fury pre pool<\/li>\n<li>Ko\u017een\u00e1 \u0161p\u00ed\u010dka 14mm Pr\u00e9mium &#8211; ze syntetick\u00fdch vl\u00e1ken<\/li>\n<li>Phenolic ferrule<\/li>\n<li>Tru-Loc<\/li>\n<li>Speed-Lock<\/li>\n<li>Logo Fury &#8211; bezkonkuren\u010dn\u00e9 nad\u010dasov\u00e1 hodnota<\/li>\n<li>Vr\u0161ok vyroben\u00fd z v\u00fdberov\u00e9ho kanadskeho javora najvy\u0161\u0161ej kvality<\/li>\n<li>z\u00e1vit 5\/16&#215;18<\/li>\n<li>Ozdobn\u00e9 prvky &#8211; obru\u010de z vysoko le\u0161tenej nerezovej oceli<\/li>\n<li>N\u00e1dhern\u00fd dizajn a vysok\u00e1 kvalita poolov\u00fdch t\u00e1g FURY<\/li>\n<\/ul>\n<p><strong>Materi\u00e1l:<\/strong>\u00a0kanadsk\u00fd \u00a0javor, vysoko le\u0161ten\u00e1 nerezov\u00e1 oce\u013e<\/p>\n<p><strong>V\u00fdrobca:<\/strong>\u00a0Fury, Matthews, North Carolina, USA<\/p>\n<p>&nbsp;<\/p>\n","protected":false},"excerpt":{"rendered":"<p>T\u00e1go pool Fury Break Jump FBJ-2 , dvojdielne Profesion\u00e1lne Break Jump\/preskakovacie billiardov\u00e9 t\u00e1go z rady Fury pre pool Ko\u017een\u00e1 \u0161p\u00ed\u010dka 14mm Pr\u00e9mium &#8211; ze syntetick\u00fdch vl\u00e1ken Phenolic ferrule Tru-Loc Speed-Lock Logo Fury &#8211; bezkonkuren\u010dn\u00e9 nad\u010dasov\u00e1 hodnota Vr\u0161ok vyroben\u00fd z v\u00fdberov\u00e9ho kanadskeho javora najvy\u0161\u0161ej kvality z\u00e1vit 5\/16&#215;18 Ozdobn\u00e9 prvky &#8211; obru\u010de z vysoko le\u0161tenej nerezovej oceli [&hellip;]<\/p>\n","protected":false},"featured_media":5336,"comment_status":"open","ping_status":"closed","template":"","meta":[],"product_brand":[],"product_cat":[253,578,331],"product_tag":[],"class_list":{"0":"post-3737","1":"product","2":"type-product","3":"status-publish","4":"has-post-thumbnail","6":"product_cat-taga-sk","7":"product_cat-taga-jump-pool-sk","8":"product_cat-taga-pool-sk","10":"first","11":"onbackorder","12":"shipping-taxable","13":"purchasable","14":"product-type-simple"},"_links":{"self":[{"href":"https:\/\/www.billiard-pro.cz\/sk\/wp-json\/wp\/v2\/product\/3737","targetHints":{"allow":["GET"]}}],"collection":[{"href":"https:\/\/www.billiard-pro.cz\/sk\/wp-json\/wp\/v2\/product"}],"about":[{"href":"https:\/\/www.billiard-pro.cz\/sk\/wp-json\/wp\/v2\/types\/product"}],"replies":[{"embeddable":true,"href":"https:\/\/www.billiard-pro.cz\/sk\/wp-json\/wp\/v2\/comments?post=3737"}],"wp:featuredmedia":[{"embeddable":true,"href":"https:\/\/www.billiard-pro.cz\/sk\/wp-json\/wp\/v2\/media\/5336"}],"wp:attachment":[{"href":"https:\/\/www.billiard-pro.cz\/sk\/wp-json\/wp\/v2\/media?parent=3737"}],"wp:term":[{"taxonomy":"product_brand","embeddable":true,"href":"https:\/\/www.billiard-pro.cz\/sk\/wp-json\/wp\/v2\/product_brand?post=3737"},{"taxonomy":"product_cat","embeddable":true,"href":"https:\/\/www.billiard-pro.cz\/sk\/wp-json\/wp\/v2\/product_cat?post=3737"},{"taxonomy":"product_tag","embeddable":true,"href":"https:\/\/www.billiard-pro.cz\/sk\/wp-json\/wp\/v2\/product_tag?post=3737"}],"curies":[{"name":"wp","href":"https:\/\/api.w.org\/{rel}","templated":true}]}}