{"id":3739,"date":"2015-02-19T16:17:47","date_gmt":"2015-02-19T15:17:47","guid":{"rendered":"http:\/\/localhost\/iwansimonis\/obchod\/nezerazene\/biliardove-tago-karambolove-s-puzdrom-laperti-no-6\/"},"modified":"2016-05-10T13:12:14","modified_gmt":"2016-05-10T11:12:14","slug":"biliardove-tago-karambolove-s-puzdrom-laperti-no-6","status":"publish","type":"product","link":"https:\/\/www.billiard-pro.cz\/sk\/obchod\/billiardove-potreby\/taga-sk\/taga-karambol-sk\/biliardove-tago-karambolove-s-puzdrom-laperti-no-6\/","title":{"rendered":"Biliardov\u00e9 t\u00e1go karambolov\u00e9 s puzdrom Laperti No: 6"},"content":{"rendered":"<p><strong>KARAMBOLOVE T\u00c1GO S KUFR\u00cdKOM LAPERTI No: 6<\/strong><\/p>\n<ul>\n<li>Elegantn\u00e9, nad\u010dasov\u00e9 a modern\u00e9 t\u00e1go kombin\u00e1cia oran\u017eov\u00e1\/\u010dierna\/pr\u00edrodna farba<\/li>\n<li>T\u00e1go z materi\u00e1lu kanadsk\u00fd javor moren\u00fd<\/li>\n<li><strong>V cene pevn\u00fd a odoln\u00fd kufr\u00edk na t\u00e1go zna\u010dky Laperti\u00a0v kr\u00e1snom dizajne &#8211; oran\u017eov\u00e1\/\u010dierna<\/strong><\/li>\n<li>Zdobenie elegantn\u00fdmi \u010diernymi geometrick\u00fdmi mot\u00edvmi<\/li>\n<li>Vr\u0161ok z v\u00fdberov\u00e9ho kanadsk\u00e9ho javora najvy\u0161\u0161ej kvality<\/li>\n<li>Kostice Buffalo-priemer 11 mm<\/li>\n<li>Ko\u017ea Le Professionel 11mm<\/li>\n<li>V\u00e1ha t\u00e1ga 480 gr<\/li>\n<li>Nastavite\u013en\u00fd vyva\u017eovac\u00ed syst\u00e9m<\/li>\n<li>Z\u00e1vit dreven\u00fd<\/li>\n<li>Z\u00e1slepka gumov\u00e1<\/li>\n<li>D\u013a\u017eka t\u00e1ga 145 cm<\/li>\n<\/ul>\n<p>&nbsp;<\/p>\n<p><strong>K dispoz\u00edcii k nahliadnutiu a priamemu n\u00e1kupu v na\u0161ej vzorkovni:<\/strong><\/p>\n<p>BC \u0158ipsk\u00e1, \u0158ipsk\u00e1 24, Praha 3<\/p>\n<p><strong>Materi\u00e1l:<\/strong>\u00a0kanadsk\u00fd javor (AA kvalita) lakovan\u00fd, vysok\u00fd lesk a UV ochrana<\/p>\n<p><strong>V\u00fdrobca:<\/strong>\u00a0LAPERTI\/Buffalo<\/p>\n<p><strong>Dostupnos\u0165 tovaru:<\/strong>\u00a0skladom s dodan\u00edm do 3 pracovn\u00fdch dn\u00ed<\/p>\n","protected":false},"excerpt":{"rendered":"<p>KARAMBOLOVE T\u00c1GO S KUFR\u00cdKOM LAPERTI No: 6 Elegantn\u00e9, nad\u010dasov\u00e9 a modern\u00e9 t\u00e1go kombin\u00e1cia oran\u017eov\u00e1\/\u010dierna\/pr\u00edrodna farba T\u00e1go z materi\u00e1lu kanadsk\u00fd javor moren\u00fd V cene pevn\u00fd a odoln\u00fd kufr\u00edk na t\u00e1go zna\u010dky Laperti\u00a0v kr\u00e1snom dizajne &#8211; oran\u017eov\u00e1\/\u010dierna Zdobenie elegantn\u00fdmi \u010diernymi geometrick\u00fdmi mot\u00edvmi Vr\u0161ok z v\u00fdberov\u00e9ho kanadsk\u00e9ho javora najvy\u0161\u0161ej kvality Kostice Buffalo-priemer 11 mm Ko\u017ea Le Professionel 11mm [&hellip;]<\/p>\n","protected":false},"featured_media":9654,"comment_status":"open","ping_status":"closed","template":"","meta":[],"product_brand":[],"product_cat":[253,333],"product_tag":[],"class_list":{"0":"post-3739","1":"product","2":"type-product","3":"status-publish","4":"has-post-thumbnail","6":"product_cat-taga-sk","7":"product_cat-taga-karambol-sk","9":"first","10":"instock","11":"shipping-taxable","12":"purchasable","13":"product-type-simple"},"_links":{"self":[{"href":"https:\/\/www.billiard-pro.cz\/sk\/wp-json\/wp\/v2\/product\/3739","targetHints":{"allow":["GET"]}}],"collection":[{"href":"https:\/\/www.billiard-pro.cz\/sk\/wp-json\/wp\/v2\/product"}],"about":[{"href":"https:\/\/www.billiard-pro.cz\/sk\/wp-json\/wp\/v2\/types\/product"}],"replies":[{"embeddable":true,"href":"https:\/\/www.billiard-pro.cz\/sk\/wp-json\/wp\/v2\/comments?post=3739"}],"wp:featuredmedia":[{"embeddable":true,"href":"https:\/\/www.billiard-pro.cz\/sk\/wp-json\/wp\/v2\/media\/9654"}],"wp:attachment":[{"href":"https:\/\/www.billiard-pro.cz\/sk\/wp-json\/wp\/v2\/media?parent=3739"}],"wp:term":[{"taxonomy":"product_brand","embeddable":true,"href":"https:\/\/www.billiard-pro.cz\/sk\/wp-json\/wp\/v2\/product_brand?post=3739"},{"taxonomy":"product_cat","embeddable":true,"href":"https:\/\/www.billiard-pro.cz\/sk\/wp-json\/wp\/v2\/product_cat?post=3739"},{"taxonomy":"product_tag","embeddable":true,"href":"https:\/\/www.billiard-pro.cz\/sk\/wp-json\/wp\/v2\/product_tag?post=3739"}],"curies":[{"name":"wp","href":"https:\/\/api.w.org\/{rel}","templated":true}]}}