{"id":3741,"date":"2015-02-20T16:48:28","date_gmt":"2015-02-20T15:48:28","guid":{"rendered":"http:\/\/localhost\/iwansimonis\/obchod\/nezerazene\/gulecnikove-tago-karambolove-adam-professional-nigata\/"},"modified":"2024-02-14T10:54:19","modified_gmt":"2024-02-14T09:54:19","slug":"gulecnikove-tago-karambolove-adam-professional-nigata","status":"publish","type":"product","link":"https:\/\/www.billiard-pro.cz\/sk\/obchod\/billiardove-potreby\/taga-sk\/taga-karambol-sk\/gulecnikove-tago-karambolove-adam-professional-nigata\/","title":{"rendered":"Gule\u010dn\u00edkov\u00e9 t\u00e1go karambolov\u00e9 Adam Professional Nigata"},"content":{"rendered":"<p><strong>KARAMBOLOV\u00c9 T\u00c1GO ADAM PROFESSIONAL NIGATA\u00a0<img loading=\"lazy\" decoding=\"async\" class=\"size-full wp-image-5360 alignright\" src=\"https:\/\/www.billiard-pro.cz\/wp-content\/uploads\/2015\/02\/adam.png\" alt=\"adam\" width=\"66\" height=\"16\" data-id=\"3039\" \/><\/strong><\/p>\n<ul>\n<li>Dobr\u00fd pomer kvality a ceny!<\/li>\n<li>Profesion\u00e1lne karambolove t\u00e1go Adam Nigata<\/li>\n<li>Luxusn\u00e9 a dokonale ru\u010dne spracovan\u00e9 dreven\u00e9 prevedenie<\/li>\n<li>Vyroben\u00e9 z javorov\u00e9ho dreva najvy\u0161\u0161ej AAA kvality<\/li>\n<li>Origin\u00e1lny dizajn<\/li>\n<li>M\u00e4kk\u00fd zamatov\u00fd obal s logom ADAM v cene t\u00e1ga<\/li>\n<li>Ochrannn\u00e1 krytka na \u0161pi\u010dku t\u00e1ga s logom ADAM v cene<\/li>\n<li>Ochrana &#8211; protector z\u00e1vitu v cene<\/li>\n<li><strong>\u0160pi\u010dka opatren\u00e1 vrstvenou ko\u017eou Kamui Black tvrdos\u0165 M- 11mm<\/strong><\/li>\n<li><strong>Kostice Adam Cerocite 11 mm<\/strong><\/li>\n<li><strong>D\u013a\u017eka \u0161pi\u010dky: 68 cm<\/strong><\/li>\n<li><strong>D\u013a\u017eka spodku: 72 cm<\/strong><\/li>\n<li><strong>Celkov\u00e1 d\u013a\u017eka: 140 cm<\/strong><\/li>\n<li><strong>V\u00e1ha: uve\u010fte po\u017eadovanou v\u00e1hu do pozn\u00e1mky pros\u00edm (v\u00e1hy 470,480,490,500,510,520 gr)\u00a0<\/strong><\/li>\n<li>Cerocite kostice vyroben\u00e1 v Japonsku z materi\u00e1lu, ktor\u00fd je neuverite\u013ene siln\u00fd a odoln\u00fd<\/li>\n<li>T\u00e1to kostice sa pou\u017e\u00edva na vy\u0161\u0161iu triedu &#8222;high-end&#8220; Adam t\u00e1g<\/li>\n<li>Dreven\u00e1 rukov\u00e4\u0165<\/li>\n<li>Odkontrolovan\u00e9 a absol\u00fatne rovn\u00e9<\/li>\n<li>Nastavite\u013en\u00fd vyva\u017eovac\u00ed syst\u00e9m<\/li>\n<li>So z\u00e1vitom pre pred\u013a\u017eenie<\/li>\n<li>S geometrick\u00fdmi vzormi, inlay z exotick\u00fdch driev<\/li>\n<li>Spodok t\u00e1ga je vykladan\u00fd<\/li>\n<li>Z\u00e1vit dreven\u00fd &#8211; Single Wooden System<\/li>\n<li>Klasick\u00fd dreven\u00fd karambolov\u00fd z\u00e1vit poskutuje maxim\u00e1lny kontakt medzi oboma \u010das\u0165ami t\u00e1ga, a pon\u00faka tak vynikaj\u00face hern\u00e9 vlastnosti.<\/li>\n<li>Vyva\u017eovacie skrutka pre ide\u00e1lne individu\u00e1lne nastavenie a z\u00e1vit pre be\u017en\u00e9 n\u00e1stavce<\/li>\n<li>Adam Professional je najvy\u0161\u0161\u00edm radom karambolov\u00fdch t\u00e1g zna\u010dky Adam<\/li>\n<li>Kombinuje vynikaj\u00face hern\u00e9 vlastnosti a klasick\u00fd dizajn pre maxim\u00e1lne pote\u0161enie z hry, jednotliv\u00e9 modely sa l\u00ed\u0161ia iba dizajnom<\/li>\n<li>Po\u017eadovan\u00fa v\u00e1hu a priemer kostice mo\u017eno nastavi\u0165<\/li>\n<\/ul>\n<p><strong>Materi\u00e1l:<\/strong>\u00a0kanadsk\u00fd javor (AA kvalita) lakovan\u00fd, vysok\u00fd lesk a UV ochrana<\/p>\n<p><strong>V\u00fdrobca:<\/strong>\u00a0Adam cues, Japonsko<\/p>\n<p><strong>Dostupnos\u0165 tovaru:<\/strong> na objedn\u00e1vku z Holandska- dovoz o 10ti dn\u00ed<\/p>\n","protected":false},"excerpt":{"rendered":"<p>KARAMBOLOV\u00c9 T\u00c1GO ADAM PROFESSIONAL NIGATA\u00a0 Dobr\u00fd pomer kvality a ceny! Profesion\u00e1lne karambolove t\u00e1go Adam Nigata Luxusn\u00e9 a dokonale ru\u010dne spracovan\u00e9 dreven\u00e9 prevedenie Vyroben\u00e9 z javorov\u00e9ho dreva najvy\u0161\u0161ej AAA kvality Origin\u00e1lny dizajn M\u00e4kk\u00fd zamatov\u00fd obal s logom ADAM v cene t\u00e1ga Ochrannn\u00e1 krytka na \u0161pi\u010dku t\u00e1ga s logom ADAM v cene Ochrana &#8211; protector z\u00e1vitu v [&hellip;]<\/p>\n","protected":false},"featured_media":5358,"comment_status":"closed","ping_status":"closed","template":"","meta":[],"product_brand":[],"product_cat":[253,333],"product_tag":[],"class_list":{"0":"post-3741","1":"product","2":"type-product","3":"status-publish","4":"has-post-thumbnail","6":"product_cat-taga-sk","7":"product_cat-taga-karambol-sk","9":"first","10":"onbackorder","11":"sold-individually","12":"shipping-taxable","13":"purchasable","14":"product-type-simple"},"_links":{"self":[{"href":"https:\/\/www.billiard-pro.cz\/sk\/wp-json\/wp\/v2\/product\/3741","targetHints":{"allow":["GET"]}}],"collection":[{"href":"https:\/\/www.billiard-pro.cz\/sk\/wp-json\/wp\/v2\/product"}],"about":[{"href":"https:\/\/www.billiard-pro.cz\/sk\/wp-json\/wp\/v2\/types\/product"}],"replies":[{"embeddable":true,"href":"https:\/\/www.billiard-pro.cz\/sk\/wp-json\/wp\/v2\/comments?post=3741"}],"wp:featuredmedia":[{"embeddable":true,"href":"https:\/\/www.billiard-pro.cz\/sk\/wp-json\/wp\/v2\/media\/5358"}],"wp:attachment":[{"href":"https:\/\/www.billiard-pro.cz\/sk\/wp-json\/wp\/v2\/media?parent=3741"}],"wp:term":[{"taxonomy":"product_brand","embeddable":true,"href":"https:\/\/www.billiard-pro.cz\/sk\/wp-json\/wp\/v2\/product_brand?post=3741"},{"taxonomy":"product_cat","embeddable":true,"href":"https:\/\/www.billiard-pro.cz\/sk\/wp-json\/wp\/v2\/product_cat?post=3741"},{"taxonomy":"product_tag","embeddable":true,"href":"https:\/\/www.billiard-pro.cz\/sk\/wp-json\/wp\/v2\/product_tag?post=3741"}],"curies":[{"name":"wp","href":"https:\/\/api.w.org\/{rel}","templated":true}]}}