{"id":3747,"date":"2015-02-22T16:01:49","date_gmt":"2015-02-22T16:01:49","guid":{"rendered":"http:\/\/localhost\/iwansimonis\/obchod\/nezerazene\/krytka-na-spicku-taga-buffalo-11mm-2\/"},"modified":"2015-05-16T09:07:31","modified_gmt":"2015-05-16T09:07:31","slug":"krytka-na-spicku-taga-buffalo-11mm-2","status":"publish","type":"product","link":"https:\/\/www.billiard-pro.cz\/sk\/obchod\/billiardove-potreby\/taga-prislusenstvo-2\/ochrana-taga-sk\/krytka-na-spicku-taga-buffalo-11mm-2\/","title":{"rendered":"Krytka na \u0161pi\u010dku t\u00e1ga Buffalo"},"content":{"rendered":"<p><strong>Buffalo cue tip sealer &#8211; krytka na \u0161pi\u010dku t\u00e1ga\u00a0<img loading=\"lazy\" decoding=\"async\" class=\"size-full wp-image-2412 alignright\" src=\"https:\/\/www.billiard-pro.cz\/wp-content\/uploads\/2014\/06\/buffalo.png\" alt=\"buffalo\" width=\"66\" height=\"17\" data-id=\"2412\" srcset=\"https:\/\/www.billiard-pro.cz\/wp-content\/uploads\/2014\/06\/buffalo.png 66w, https:\/\/www.billiard-pro.cz\/wp-content\/uploads\/2014\/06\/buffalo-31x7.png 31w, https:\/\/www.billiard-pro.cz\/wp-content\/uploads\/2014\/06\/buffalo-38x9.png 38w\" sizes=\"auto, (max-width: 66px) 100vw, 66px\" \/><\/strong><\/p>\n<ul>\n<li>silik\u00f3nov\u00fd n\u00e1vlek na \u0161pi\u010dku t\u00e1ga<\/li>\n<li>ve\u013emi praktick\u00e1 silik\u00f3nov\u00e1 ochrana \u0161pi\u010dky t\u00e1ga v r\u016fzn\u00fdch velikostech<\/li>\n<li>logo Buffalo<\/li>\n<\/ul>\n<p><strong>Materi\u00e1l:<\/strong> silik\u00f3n<\/p>\n<p><strong>V\u00fdrobca:<\/strong> Buffalo, Holandsko<\/p>\n<p><strong>Dostupnos\u0165 tovaru:<\/strong> skladom s dodan\u00edm do 3 pracovn\u00fdch dn\u00ed<\/p>\n<p><strong>Cena za 1 ks.<\/strong><\/p>\n<p>&nbsp;<\/p>\n","protected":false},"excerpt":{"rendered":"<p>Buffalo cue tip sealer &#8211; krytka na \u0161pi\u010dku t\u00e1ga\u00a0 silik\u00f3nov\u00fd n\u00e1vlek na \u0161pi\u010dku t\u00e1ga ve\u013emi praktick\u00e1 silik\u00f3nov\u00e1 ochrana \u0161pi\u010dky t\u00e1ga v r\u016fzn\u00fdch velikostech logo Buffalo Materi\u00e1l: silik\u00f3n V\u00fdrobca: Buffalo, Holandsko Dostupnos\u0165 tovaru: skladom s dodan\u00edm do 3 pracovn\u00fdch dn\u00ed Cena za 1 ks. &nbsp;<\/p>\n","protected":false},"featured_media":5370,"comment_status":"open","ping_status":"closed","template":"","meta":[],"product_brand":[],"product_cat":[377,273],"product_tag":[],"class_list":{"0":"post-3747","1":"product","2":"type-product","3":"status-publish","4":"has-post-thumbnail","6":"product_cat-ochrana-taga-sk","7":"product_cat-taga-prislusenstvo-2","8":"pa_size-11-mm-sk","9":"pa_size-115-mm-sk","10":"pa_size-12-mm-sk","11":"pa_size-512","12":"pa_size-13-mm-sk","14":"first","15":"outofstock","16":"shipping-taxable","17":"purchasable","18":"product-type-variable","19":"has-default-attributes"},"_links":{"self":[{"href":"https:\/\/www.billiard-pro.cz\/sk\/wp-json\/wp\/v2\/product\/3747","targetHints":{"allow":["GET"]}}],"collection":[{"href":"https:\/\/www.billiard-pro.cz\/sk\/wp-json\/wp\/v2\/product"}],"about":[{"href":"https:\/\/www.billiard-pro.cz\/sk\/wp-json\/wp\/v2\/types\/product"}],"replies":[{"embeddable":true,"href":"https:\/\/www.billiard-pro.cz\/sk\/wp-json\/wp\/v2\/comments?post=3747"}],"wp:featuredmedia":[{"embeddable":true,"href":"https:\/\/www.billiard-pro.cz\/sk\/wp-json\/wp\/v2\/media\/5370"}],"wp:attachment":[{"href":"https:\/\/www.billiard-pro.cz\/sk\/wp-json\/wp\/v2\/media?parent=3747"}],"wp:term":[{"taxonomy":"product_brand","embeddable":true,"href":"https:\/\/www.billiard-pro.cz\/sk\/wp-json\/wp\/v2\/product_brand?post=3747"},{"taxonomy":"product_cat","embeddable":true,"href":"https:\/\/www.billiard-pro.cz\/sk\/wp-json\/wp\/v2\/product_cat?post=3747"},{"taxonomy":"product_tag","embeddable":true,"href":"https:\/\/www.billiard-pro.cz\/sk\/wp-json\/wp\/v2\/product_tag?post=3747"}],"curies":[{"name":"wp","href":"https:\/\/api.w.org\/{rel}","templated":true}]}}