{"id":3749,"date":"2015-02-22T17:49:18","date_gmt":"2015-02-22T16:49:18","guid":{"rendered":"http:\/\/localhost\/iwansimonis\/obchod\/nezerazene\/brusik-na-kozi-biliardove-taga-plochy\/"},"modified":"2016-04-22T08:52:53","modified_gmt":"2016-04-22T06:52:53","slug":"brusik-na-kozi-biliardove-taga-plochy","status":"publish","type":"product","link":"https:\/\/www.billiard-pro.cz\/sk\/obchod\/billiardove-potreby\/taga-prislusenstvo-2\/struhadla-brusky\/brusik-na-kozi-biliardove-taga-plochy\/","title":{"rendered":"Br\u00fasik na ko\u017ei biliardov\u00e9ho t\u00e1ga ploch\u00fd zn. Tweeten"},"content":{"rendered":"<p><strong>Br\u00fasik na ko\u017ei t\u00e1ga ploch\u00fd<img loading=\"lazy\" decoding=\"async\" class=\"size-full wp-image-720 alignright\" src=\"https:\/\/www.billiard-pro.cz\/wp-content\/uploads\/2013\/09\/tweeten-logo.jpg\" alt=\"tweeten-logo\" width=\"164\" height=\"50\" data-id=\"720\" srcset=\"https:\/\/www.billiard-pro.cz\/wp-content\/uploads\/2013\/09\/tweeten-logo.jpg 164w, https:\/\/www.billiard-pro.cz\/wp-content\/uploads\/2013\/09\/tweeten-logo-148x45.jpg 148w, https:\/\/www.billiard-pro.cz\/wp-content\/uploads\/2013\/09\/tweeten-logo-31x9.jpg 31w, https:\/\/www.billiard-pro.cz\/wp-content\/uploads\/2013\/09\/tweeten-logo-38x11.jpg 38w\" sizes=\"auto, (max-width: 164px) 100vw, 164px\" \/><\/strong><\/p>\n<ul>\n<li>R\u00fdchla a efekt\u00edvna \u00faprava ko\u017ee t\u00e1ga<\/li>\n<li>Tvaruje a br\u00fasi ko\u017eu t\u00e1ga do po\u017eadovan\u00e9ho profilu<\/li>\n<li>Umo\u017e\u0148uje v\u00e4\u010d\u0161iu kontrolu \u00fapravy ko\u017ee t\u00e1ga<\/li>\n<li>V\u00fdhodn\u00fd pomer kvality a ceny<\/li>\n<li>Jednoduch\u00e1 a r\u00fdchla v\u00fdmena br\u00fasneho papiera<\/li>\n<li>3 x n\u00e1hradn\u00fd \u0161mirg\u013eov\u00fd papier v cene<\/li>\n<li>D\u013a\u017eka 23cm<\/li>\n<\/ul>\n<p><strong> Najr\u00fdchlej\u0161\u00ed a najjednoduch\u0161\u00ed sp\u00f4sob, ako si upravi\u0165 ko\u017eu t\u00e1ga bez profi s\u00fastruhu.<\/strong><\/p>\n<p><strong>Materi\u00e1l:<\/strong> kov, br\u00fasny papier<\/p>\n<p><strong>V\u00fdrobca:<\/strong> Tweeten Fibre Co., USA<\/p>\n<p><strong>Dostupnos\u0165 tovaru:<\/strong> skladom s dodan\u00edm do 3 pracovn\u00fdch dn\u00ed<\/p>\n<p><strong>Cena za 1 ks.<\/strong><\/p>\n<p>&nbsp;<\/p>\n<p><strong>\u00a0<\/strong><\/p>\n<p>&nbsp;<\/p>\n<p>&nbsp;<\/p>\n<p>&nbsp;<\/p>\n","protected":false},"excerpt":{"rendered":"<p>Br\u00fasik na ko\u017ei t\u00e1ga ploch\u00fd R\u00fdchla a efekt\u00edvna \u00faprava ko\u017ee t\u00e1ga Tvaruje a br\u00fasi ko\u017eu t\u00e1ga do po\u017eadovan\u00e9ho profilu Umo\u017e\u0148uje v\u00e4\u010d\u0161iu kontrolu \u00fapravy ko\u017ee t\u00e1ga V\u00fdhodn\u00fd pomer kvality a ceny Jednoduch\u00e1 a r\u00fdchla v\u00fdmena br\u00fasneho papiera 3 x n\u00e1hradn\u00fd \u0161mirg\u013eov\u00fd papier v cene D\u013a\u017eka 23cm Najr\u00fdchlej\u0161\u00ed a najjednoduch\u0161\u00ed sp\u00f4sob, ako si upravi\u0165 ko\u017eu t\u00e1ga bez [&hellip;]<\/p>\n","protected":false},"featured_media":5372,"comment_status":"open","ping_status":"closed","template":"","meta":[],"product_brand":[],"product_cat":[369,273],"product_tag":[],"class_list":{"0":"post-3749","1":"product","2":"type-product","3":"status-publish","4":"has-post-thumbnail","6":"product_cat-struhadla-brusky","7":"product_cat-taga-prislusenstvo-2","9":"first","10":"instock","11":"shipping-taxable","12":"purchasable","13":"product-type-simple"},"_links":{"self":[{"href":"https:\/\/www.billiard-pro.cz\/sk\/wp-json\/wp\/v2\/product\/3749","targetHints":{"allow":["GET"]}}],"collection":[{"href":"https:\/\/www.billiard-pro.cz\/sk\/wp-json\/wp\/v2\/product"}],"about":[{"href":"https:\/\/www.billiard-pro.cz\/sk\/wp-json\/wp\/v2\/types\/product"}],"replies":[{"embeddable":true,"href":"https:\/\/www.billiard-pro.cz\/sk\/wp-json\/wp\/v2\/comments?post=3749"}],"wp:featuredmedia":[{"embeddable":true,"href":"https:\/\/www.billiard-pro.cz\/sk\/wp-json\/wp\/v2\/media\/5372"}],"wp:attachment":[{"href":"https:\/\/www.billiard-pro.cz\/sk\/wp-json\/wp\/v2\/media?parent=3749"}],"wp:term":[{"taxonomy":"product_brand","embeddable":true,"href":"https:\/\/www.billiard-pro.cz\/sk\/wp-json\/wp\/v2\/product_brand?post=3749"},{"taxonomy":"product_cat","embeddable":true,"href":"https:\/\/www.billiard-pro.cz\/sk\/wp-json\/wp\/v2\/product_cat?post=3749"},{"taxonomy":"product_tag","embeddable":true,"href":"https:\/\/www.billiard-pro.cz\/sk\/wp-json\/wp\/v2\/product_tag?post=3749"}],"curies":[{"name":"wp","href":"https:\/\/api.w.org\/{rel}","templated":true}]}}