{"id":3755,"date":"2015-03-10T09:54:35","date_gmt":"2015-03-10T08:54:35","guid":{"rendered":"http:\/\/localhost\/iwansimonis\/obchod\/nezerazene\/gulecnik-pool-biliard-gabriels-sentinel-ebony-9ft-matna-cierna\/"},"modified":"2020-06-02T12:59:31","modified_gmt":"2020-06-02T10:59:31","slug":"gulecnik-pool-biliard-gabriels-sentinel-ebony-9ft-matna-cierna","status":"publish","type":"product","link":"https:\/\/www.billiard-pro.cz\/sk\/obchod\/biliardove-stoly\/biliard-pool\/gulecnik-pool-biliard-gabriels-sentinel-ebony-9ft-matna-cierna\/","title":{"rendered":"Gule\u010dn\u00edk pool biliard GABRIELS SENTINEL Ebony 9ft, matn\u00e1 \u010dierna"},"content":{"rendered":"<p><strong>Biliard pool GABRIELS SENTINEL Ebony 9ft &#8211; \u00a0\u010dierna matna farba<img loading=\"lazy\" decoding=\"async\" class=\"size-full wp-image-2950 alignright\" src=\"https:\/\/www.billiard-pro.cz\/wp-content\/uploads\/2015\/01\/novinkaLogo-300x181.jpg\" alt=\"novinkaLogo-300x181\" width=\"300\" height=\"181\" data-id=\"2950\" srcset=\"https:\/\/www.billiard-pro.cz\/wp-content\/uploads\/2015\/01\/novinkaLogo-300x181.jpg 300w, https:\/\/www.billiard-pro.cz\/wp-content\/uploads\/2015\/01\/novinkaLogo-300x181-148x89.jpg 148w, https:\/\/www.billiard-pro.cz\/wp-content\/uploads\/2015\/01\/novinkaLogo-300x181-31x18.jpg 31w, https:\/\/www.billiard-pro.cz\/wp-content\/uploads\/2015\/01\/novinkaLogo-300x181-38x22.jpg 38w\" sizes=\"auto, (max-width: 300px) 100vw, 300px\" \/><img loading=\"lazy\" decoding=\"async\" class=\"size-full wp-image-2608 alignright\" src=\"https:\/\/www.billiard-pro.cz\/wp-content\/uploads\/2014\/08\/logo-gabriels.jpg\" alt=\"logo-gabriels\" width=\"160\" height=\"49\" data-id=\"2608\" srcset=\"https:\/\/www.billiard-pro.cz\/wp-content\/uploads\/2014\/08\/logo-gabriels.jpg 160w, https:\/\/www.billiard-pro.cz\/wp-content\/uploads\/2014\/08\/logo-gabriels-148x45.jpg 148w, https:\/\/www.billiard-pro.cz\/wp-content\/uploads\/2014\/08\/logo-gabriels-31x9.jpg 31w, https:\/\/www.billiard-pro.cz\/wp-content\/uploads\/2014\/08\/logo-gabriels-38x11.jpg 38w\" sizes=\"auto, (max-width: 160px) 100vw, 160px\" \/><\/strong><\/p>\n<p><strong>Cena stola obsahuje:<\/strong><\/p>\n<p><span style=\"color: #ff0000;\">\u00a0<\/span><\/p>\n<ul>\n<li>billiardov\u00e9 s\u00fakno<a title=\"Kule\u010dn\u00edkov\u00e9 sukno SIMONIS POOL 760 s dopravou ZDARMA\" href=\"https:\/\/www.billiard-pro.cz\/obchod\/platna-iwan-simonis\/pool-760\/\">\u00a0SIMONIS 760 &#8211;<\/a>\u00a0<a title=\"Barvy suken 2\" href=\"https:\/\/www.billiard-pro.cz\/barvy-suken-2\/\">Farby s\u00fakien<\/a><\/li>\n<li>vybran\u00fa farbu s\u00fakna\u00a0zadajte do pozn\u00e1mky objedn\u00e1vky<\/li>\n<\/ul>\n<ul>\n<li>GABRIEL SENTINEL je nov\u00e1 gener\u00e1cia Gabriels poolov\u00fdch stolov.<\/li>\n<li>Jedn\u00e1 sa o inov\u00e1ciu p\u00f4vodnej rady GABRIELS SIGNATURE PRE pool stolov, ktor\u00e1 je pova\u017eovan\u00e1 za jednu z najlep\u0161\u00edch radov poolov\u00fdch stolov v hist\u00f3rii v\u00f4bec!<\/li>\n<li>Sentinel je vybaven\u00fd origin\u00e1lnymi mas\u00edvnymi kovov\u00fdmi rohmi s vlastn\u00fdmi ko\u0161\u00edky, ktor\u00e9 maj\u00fa minim\u00e1lnu \u017eivotnos\u0165 5 rokov, a to aj v komer\u010dnom prostred\u00ed!<\/li>\n<li>SENTINEL je opatren\u00fd origin\u00e1l Astro Pre gumov\u00fdmi mantinely v K66 profile, \u010falej je vybaven\u00fd inovovan\u00fdm a dobre kon\u0161truk\u010dne rie\u0161en\u00fdm oce\u013eov\u00fdm r\u00e1mom z najkvalitnej\u0161ej ocele s 20 origin\u00e1lnymi nivela\u010dn\u00fdmi skrutkami.<\/li>\n<li>Na prianie z\u00e1kazn\u00edka mo\u017eno prisp\u00f4sobi\u0165 aj ve\u013ekos\u0165 vreciek.<\/li>\n<li>SENTINEL stoj\u00ed na 4 mas\u00edvnych \u017eulov\u00fdch podstavcoch<\/li>\n<li>3-dielna bridlicov\u00e1 doska o sile 30 mm<\/li>\n<li>hracia plocha: 254 x 127 cm<\/li>\n<li>celkov\u00e1 ve\u013ekos\u0165 stola: 289x162x83 cm<\/li>\n<li>ide\u00e1lny priestor pre gule\u010dn\u00edk: 564 x 437 cm<\/li>\n<li>v\u00e1ha 534kg<\/li>\n<li>TOP verzia stola SENTINEL je povrchov\u00e1 \u00faprava mantinelov tzv. Diania &#8222;\u00faprava, ktor\u00e1 zaru\u010duje maxim\u00e1lnu odolnos\u0165 proti prelia\u010diny, po\u0161kriabaniu a pop\u00e1leniu cigaretou (s pr\u00edplatkom 15.000 CZK)<\/li>\n<li>Sentinel stoly sp\u013a\u0148aj\u00fa a prekra\u010duj\u00fa po\u017eiadavky stanoven\u00e9 EPBF a WPA.<\/li>\n<\/ul>\n<p><strong>Dostupnos\u0165 tovaru:<\/strong>\u00a0 externe skladom s dodan\u00edm do 15tich pracovn\u00fdch dn\u00ed<\/p>\n<p><strong>V\u00fdrobca:<\/strong>\u00a0Gabriels, Netherlands<\/p>\n<p><strong>Objedn\u00e1va\u0165 m\u00f4\u017eete telefonicky, E-mailom na info@billiard-pro.cz alebo prostredn\u00edctvom E-shopu. Po obdr\u017ean\u00ed va\u0161ej objedn\u00e1vky v\u00e1s v\u017edy budeme kontaktova\u0165 telefonicky alebo e-mailom pre upresnenie va\u0161ich po\u017eiadaviek na term\u00edn dodania a v\u00fdber farby s\u00fakna SIMONIS.<\/strong><\/p>\n","protected":false},"excerpt":{"rendered":"<p>Biliard pool GABRIELS SENTINEL Ebony 9ft &#8211; \u00a0\u010dierna matna farba Cena stola obsahuje: \u00a0 billiardov\u00e9 s\u00fakno\u00a0SIMONIS 760 &#8211;\u00a0Farby s\u00fakien vybran\u00fa farbu s\u00fakna\u00a0zadajte do pozn\u00e1mky objedn\u00e1vky GABRIEL SENTINEL je nov\u00e1 gener\u00e1cia Gabriels poolov\u00fdch stolov. Jedn\u00e1 sa o inov\u00e1ciu p\u00f4vodnej rady GABRIELS SIGNATURE PRE pool stolov, ktor\u00e1 je pova\u017eovan\u00e1 za jednu z najlep\u0161\u00edch radov poolov\u00fdch stolov v [&hellip;]<\/p>\n","protected":false},"featured_media":5378,"comment_status":"closed","ping_status":"closed","template":"","meta":[],"product_brand":[],"product_cat":[341,339],"product_tag":[],"class_list":{"0":"post-3755","1":"product","2":"type-product","3":"status-publish","4":"has-post-thumbnail","6":"product_cat-biliard-pool","7":"product_cat-biliardove-stoly","9":"first","10":"instock","11":"shipping-taxable","12":"purchasable","13":"product-type-simple"},"_links":{"self":[{"href":"https:\/\/www.billiard-pro.cz\/sk\/wp-json\/wp\/v2\/product\/3755","targetHints":{"allow":["GET"]}}],"collection":[{"href":"https:\/\/www.billiard-pro.cz\/sk\/wp-json\/wp\/v2\/product"}],"about":[{"href":"https:\/\/www.billiard-pro.cz\/sk\/wp-json\/wp\/v2\/types\/product"}],"replies":[{"embeddable":true,"href":"https:\/\/www.billiard-pro.cz\/sk\/wp-json\/wp\/v2\/comments?post=3755"}],"wp:featuredmedia":[{"embeddable":true,"href":"https:\/\/www.billiard-pro.cz\/sk\/wp-json\/wp\/v2\/media\/5378"}],"wp:attachment":[{"href":"https:\/\/www.billiard-pro.cz\/sk\/wp-json\/wp\/v2\/media?parent=3755"}],"wp:term":[{"taxonomy":"product_brand","embeddable":true,"href":"https:\/\/www.billiard-pro.cz\/sk\/wp-json\/wp\/v2\/product_brand?post=3755"},{"taxonomy":"product_cat","embeddable":true,"href":"https:\/\/www.billiard-pro.cz\/sk\/wp-json\/wp\/v2\/product_cat?post=3755"},{"taxonomy":"product_tag","embeddable":true,"href":"https:\/\/www.billiard-pro.cz\/sk\/wp-json\/wp\/v2\/product_tag?post=3755"}],"curies":[{"name":"wp","href":"https:\/\/api.w.org\/{rel}","templated":true}]}}