{"id":6154,"date":"2015-05-17T16:42:12","date_gmt":"2015-05-17T14:42:12","guid":{"rendered":""},"modified":"2021-07-12T13:33:45","modified_gmt":"2021-07-12T11:33:45","slug":"biliardove-gule-snooker-tournament-champion-pro-1g-luxusne-kufrik-524-mm","status":"publish","type":"product","link":"https:\/\/www.billiard-pro.cz\/sk\/obchod\/biliardove-gule-aramith\/snooker-sk\/biliardove-gule-snooker-tournament-champion-pro-1g-luxusne-kufrik-524-mm\/","title":{"rendered":"Biliardov\u00e9 gule Aramith Snooker Tournament Champion Pro1G (luxusn\u00fd kufr\u00edk) 52,4 mm"},"content":{"rendered":"<p><strong>Snooker 1G &#8211; ARAMITH &#8220; V\u00ed\u0165azi turnaja SUPER PRO \u00a01 G &#8222;<\/strong><img decoding=\"async\" class=\"alignright\" src=\"https:\/\/www.billiard-pro.cz\/wp-content\/uploads\/2013\/09\/aramith-logo.jpg\" alt=\"Aramith\" \/><\/p>\n<p>T\u00e1to sada obsahuje bielu gu\u013eu \u010disto bez \u010derven\u00fdch bodek.<\/p>\n<p>Balen\u00e9 v robustnom elegantnom hlin\u00edkovom kufr\u00edku tvrdenom . \u0160pecifick\u00e1 sada turnajov\u00fdch snookerov\u00fdch gu\u013e\u00ed , ktor\u00fa spolo\u010dnos\u0165 Saluc dod\u00e1va na svetov\u00fd \u0161ampion\u00e1t uz 40 rokov ! Teraz dod\u00e1van\u00fd taktie\u017e na I.B.S.F. ( Medzin\u00e1rodn\u00e1 gule\u010dn\u00edkov\u00e1 feder\u00e1cia ) .<\/p>\n<p>Toto je \u00a0ofici\u00e1lne schv\u00e1len\u00e1 sada pre \u00a0turnaje IBSF . Pocas posledn\u00e9ho majstrovstv\u00e1 sveta usporiadanom v Damasku v. roku \u00a02010 dosiahol v\u00ed\u0165az turnaja skore 147 pr\u00e1ve s t\u00fdmito gu\u013eami .<\/p>\n<p>Toto je v\u00fdnimo\u010dn\u00e1 sada , l\u00ed\u0161iaci sa od be\u017en\u00fdch ARAMITH snookerov\u00fdch gu\u013e\u00ed. . Hoci dizajn , farby, \u00a0balenie je ve\u013emi podobn\u00e9 \u0161tandardn\u00fdm snookerov\u00fdm guliam &#8220; V\u00ed\u0165azi \u0161ampion\u00e1tu &#8220; , su ve \u00a0skuto\u010dnosti v\u00fdrazne odli\u0161n\u00e9 a \u00a0umo\u017e\u0148uj\u00fa WSA profesion\u00e1lnym hr\u00e1\u010dom dosiahnu\u0165 \u010do najvy\u0161\u0161ieho sk\u00f3re po\u010das WSA s\u00fa\u0165a\u017e\u00ed . Hlavn\u00fdm rysom tieto sady je maxim\u00e1lna povolen\u00e1 tolerancia hmotnosti len 1 gram !<\/p>\n<p>K\u00fdm u be\u017en\u00fdch snooker gul\u00ed &#8211; napr\u00edklad Super Snooker Crystalate je \u00a0maxim\u00e1lna ofici\u00e1lne deklarovan\u00e1 odch\u00fdlka v hmotnosti jednotliv\u00fdch gu\u013e\u00ed setu 3 g , v tomto \u0161peci\u00e1lnom setu je len 1 gram !<\/p>\n<p>Teraz k dispoz\u00edcii \u0161irokej verejnosti ! Kvalitn\u00fd elegantn\u00fd hlin\u00edkov\u00fd kufr\u00edk s prest\u00ed\u017enym logom WSA I.B.S.F. !<\/p>\n<p><strong>K tieto \u00a0zak\u00fapen\u00e9 sade snookerov\u00fdch \u00a0gu\u013e\u00ed ARAMITH dostanete ARAMITH Cleaner &#8211; zna\u010dkov\u00fd \u010distiaci roztok na \u00fadr\u017ebu gul\u00ed ZADARMO!<\/strong><\/p>\n<p><strong>V\u00fdrobca:<\/strong> SALUC\/ARAMITH, Belgicko<\/p>\n<p><span style=\"line-height: 1.5em;\"><strong>Z\u00e1ru\u010dn\u00e1 doba<\/strong>: 24 mesiacov\u00a0<\/span><\/p>\n<p><span style=\"line-height: 1.5em;\"><strong>Dostupnos\u0165 tovaru :<\/strong> skladom u dod\u00e1vatela &#8211; dod\u00e1n\u00ed z Belgicka 15 dn\u00ed<\/span><\/p>\n","protected":false},"excerpt":{"rendered":"<p>Snooker 1G &#8211; ARAMITH &#8220; V\u00ed\u0165azi turnaja SUPER PRO \u00a01 G &#8222; T\u00e1to sada obsahuje bielu gu\u013eu \u010disto bez \u010derven\u00fdch bodek. Balen\u00e9 v robustnom elegantnom hlin\u00edkovom kufr\u00edku tvrdenom . \u0160pecifick\u00e1 sada turnajov\u00fdch snookerov\u00fdch gu\u013e\u00ed , ktor\u00fa spolo\u010dnos\u0165 Saluc dod\u00e1va na svetov\u00fd \u0161ampion\u00e1t uz 40 rokov ! Teraz dod\u00e1van\u00fd taktie\u017e na I.B.S.F. ( Medzin\u00e1rodn\u00e1 gule\u010dn\u00edkov\u00e1 feder\u00e1cia [&hellip;]<\/p>\n","protected":false},"featured_media":4496,"comment_status":"open","ping_status":"closed","template":"","meta":[],"product_brand":[],"product_cat":[277,229],"product_tag":[],"class_list":{"0":"post-6154","1":"product","2":"type-product","3":"status-publish","4":"has-post-thumbnail","6":"product_cat-biliardove-gule-aramith","7":"product_cat-snooker-sk","9":"first","10":"onbackorder","11":"sold-individually","12":"shipping-taxable","13":"purchasable","14":"product-type-simple"},"_links":{"self":[{"href":"https:\/\/www.billiard-pro.cz\/sk\/wp-json\/wp\/v2\/product\/6154","targetHints":{"allow":["GET"]}}],"collection":[{"href":"https:\/\/www.billiard-pro.cz\/sk\/wp-json\/wp\/v2\/product"}],"about":[{"href":"https:\/\/www.billiard-pro.cz\/sk\/wp-json\/wp\/v2\/types\/product"}],"replies":[{"embeddable":true,"href":"https:\/\/www.billiard-pro.cz\/sk\/wp-json\/wp\/v2\/comments?post=6154"}],"wp:featuredmedia":[{"embeddable":true,"href":"https:\/\/www.billiard-pro.cz\/sk\/wp-json\/wp\/v2\/media\/4496"}],"wp:attachment":[{"href":"https:\/\/www.billiard-pro.cz\/sk\/wp-json\/wp\/v2\/media?parent=6154"}],"wp:term":[{"taxonomy":"product_brand","embeddable":true,"href":"https:\/\/www.billiard-pro.cz\/sk\/wp-json\/wp\/v2\/product_brand?post=6154"},{"taxonomy":"product_cat","embeddable":true,"href":"https:\/\/www.billiard-pro.cz\/sk\/wp-json\/wp\/v2\/product_cat?post=6154"},{"taxonomy":"product_tag","embeddable":true,"href":"https:\/\/www.billiard-pro.cz\/sk\/wp-json\/wp\/v2\/product_tag?post=6154"}],"curies":[{"name":"wp","href":"https:\/\/api.w.org\/{rel}","templated":true}]}}