{"id":6767,"date":"2015-05-27T08:51:23","date_gmt":"2015-05-27T06:51:23","guid":{"rendered":""},"modified":"2019-10-30T18:23:23","modified_gmt":"2019-10-30T17:23:23","slug":"kryci-ochranny-potah-na-biliardovy-stol-9ft-pool-kopirovat","status":"publish","type":"product","link":"https:\/\/www.billiard-pro.cz\/sk\/obchod\/biliardove-stoly\/ochranny-potah-stola\/kryci-ochranny-potah-na-biliardovy-stol-9ft-pool-kopirovat\/","title":{"rendered":"Kryc\u00ed ochrann\u00fd po\u0165ah na biliardov\u00fd st\u00f4l 8ft pool"},"content":{"rendered":"<p><strong>Kryc\u00ed ochrann\u00fd po\u0165ah na biliardov\u00fd st\u00f4l 8ft pool s elastick\u00fdm lemom<img loading=\"lazy\" decoding=\"async\" class=\"size-full wp-image-4872 alignright\" src=\"https:\/\/www.billiard-pro.cz\/wp-content\/uploads\/2014\/06\/buffalo.png\" alt=\"buffalo\" width=\"66\" height=\"17\" data-id=\"2412\" \/><\/strong><\/p>\n<ul>\n<li>Ochrann\u00fd po\u0165ah doplnen\u00fd v rohoch o elastick\u00fa gumu, ktor\u00e1 po\u0165ah stiahne na\u00a0st\u00f4l<\/li>\n<li>Po\u0165ah je ur\u010den\u00fd pre poolbiliard 8ft<\/li>\n<li>Rozmer po\u0165ahu 236 x 123 cm<\/li>\n<li>Chr\u00e1ni s\u00fakno aj st\u00f4l pred prachom, rozliat\u00edm tekut\u00edn, slne\u010dn\u00fdm svitom a &#8222;vy\u0161isovan\u00edm&#8220; dreva stola<\/li>\n<li>Predl\u017euje \u017eivotnos\u0165 s\u00fakna aj stola<\/li>\n<\/ul>\n<p><strong>Materi\u00e1l:<\/strong>\u00a0extr\u00e9mne odoln\u00e9 a tenk\u00e9 PVC- farba zelen\u00e1- yellowgreen<\/p>\n<p><strong>V\u00fdrobca:<\/strong>\u00a0Dynamic, N\u011bmecko<\/p>\n<p><strong>Dostupnos\u0165 tovaru:<\/strong>\u00a0skladom s dodan\u00edm do 3 pracovn\u00fdch dn\u00ed<\/p>\n<p><strong>Cena za 1 kus.<\/strong><\/p>\n","protected":false},"excerpt":{"rendered":"<p>Kryc\u00ed ochrann\u00fd po\u0165ah na biliardov\u00fd st\u00f4l 8ft pool s elastick\u00fdm lemom Ochrann\u00fd po\u0165ah doplnen\u00fd v rohoch o elastick\u00fa gumu, ktor\u00e1 po\u0165ah stiahne na\u00a0st\u00f4l Po\u0165ah je ur\u010den\u00fd pre poolbiliard 8ft Rozmer po\u0165ahu 236 x 123 cm Chr\u00e1ni s\u00fakno aj st\u00f4l pred prachom, rozliat\u00edm tekut\u00edn, slne\u010dn\u00fdm svitom a &#8222;vy\u0161isovan\u00edm&#8220; dreva stola Predl\u017euje \u017eivotnos\u0165 s\u00fakna aj stola Materi\u00e1l:\u00a0extr\u00e9mne [&hellip;]<\/p>\n","protected":false},"featured_media":6770,"comment_status":"closed","ping_status":"closed","template":"","meta":[],"product_brand":[],"product_cat":[339,359],"product_tag":[],"class_list":{"0":"post-6767","1":"product","2":"type-product","3":"status-publish","4":"has-post-thumbnail","6":"product_cat-biliardove-stoly","7":"product_cat-ochranny-potah-stola","9":"first","10":"instock","11":"shipping-taxable","12":"purchasable","13":"product-type-simple"},"_links":{"self":[{"href":"https:\/\/www.billiard-pro.cz\/sk\/wp-json\/wp\/v2\/product\/6767","targetHints":{"allow":["GET"]}}],"collection":[{"href":"https:\/\/www.billiard-pro.cz\/sk\/wp-json\/wp\/v2\/product"}],"about":[{"href":"https:\/\/www.billiard-pro.cz\/sk\/wp-json\/wp\/v2\/types\/product"}],"replies":[{"embeddable":true,"href":"https:\/\/www.billiard-pro.cz\/sk\/wp-json\/wp\/v2\/comments?post=6767"}],"wp:featuredmedia":[{"embeddable":true,"href":"https:\/\/www.billiard-pro.cz\/sk\/wp-json\/wp\/v2\/media\/6770"}],"wp:attachment":[{"href":"https:\/\/www.billiard-pro.cz\/sk\/wp-json\/wp\/v2\/media?parent=6767"}],"wp:term":[{"taxonomy":"product_brand","embeddable":true,"href":"https:\/\/www.billiard-pro.cz\/sk\/wp-json\/wp\/v2\/product_brand?post=6767"},{"taxonomy":"product_cat","embeddable":true,"href":"https:\/\/www.billiard-pro.cz\/sk\/wp-json\/wp\/v2\/product_cat?post=6767"},{"taxonomy":"product_tag","embeddable":true,"href":"https:\/\/www.billiard-pro.cz\/sk\/wp-json\/wp\/v2\/product_tag?post=6767"}],"curies":[{"name":"wp","href":"https:\/\/api.w.org\/{rel}","templated":true}]}}