{"id":6843,"date":"2015-05-27T13:02:38","date_gmt":"2015-05-27T11:02:38","guid":{"rendered":""},"modified":"2018-03-08T13:33:49","modified_gmt":"2018-03-08T12:33:49","slug":"kamui-original-vrstvene-nalepovacie-koze-na-tago-medium-13mm-kopirovat","status":"publish","type":"product","link":"https:\/\/www.billiard-pro.cz\/sk\/obchod\/billiardove-potreby\/koze-na-tago\/kamui-original-vrstvene-nalepovacie-koze-na-tago-medium-13mm-kopirovat\/","title":{"rendered":"Kamui Original Medium 14 mm vrstven\u00e9 nalepovacie ko\u017ee na t\u00e1go"},"content":{"rendered":"<p><strong>Kamui Original &#8211; p\u0159\u00edrodn\u00ed \u00a0zna\u010dkov\u00e1 nalepovacie ko\u017ee \u00a0Medium &#8211; 14 mm.<\/strong><\/p>\n<ul>\n<li>10tich vrstvov\u00e1 kvalitnej ko\u017ee na t\u00e1go japonskej v\u00fdroby.<\/li>\n<li>Ko\u017ea je zlo\u017een\u00e1 z desiatich vrstiev, \u0161peci\u00e1lna spodn\u00e1 vrstva neprep\u00fa\u0161\u0165a lepidlo.<\/li>\n<li>T\u00e1to ko\u017ea Kamui Original v\u010faka svojej \u0161peci\u00e1lnej \u00faprave a vysokej mikro p\u00f3rovitosti dok\u00e1\u017ee prij\u00edma\u0165 viac kriedy ne\u017e porovnate\u013en\u00e9 ko\u017ee in\u00fdch v\u00fdrobcov.<\/li>\n<li>Ko\u017ea sa po \u0165a\u017ekom \u00fadere dok\u00e1\u017ee r\u00fdchlo vr\u00e1ti\u0165 do svojho p\u00f4vodn\u00e9ho tvaru a op\u00e4\u0165 je pripraven\u00e1 na \u010fal\u0161\u00ed \u00fader.<\/li>\n<li>Ko\u017ea Kamui Original pro p\u0159esn\u00fd \u00fader !<\/li>\n<li>Ko\u017eu Kamui pou\u017e\u00edvaj\u00fa profesion\u00e1lni hr\u00e1\u010di pool aj karambol.<\/li>\n<li>Lepi\u0165 na strane ozna\u010denej GLUE.<\/li>\n<li>Po nalepen\u00ed opatrne oreza\u0165 (nepo\u0161kodi\u0165 kost\u00edc) a jemn\u00fdm \u0161mirg\u013eom doupravi\u0165.<\/li>\n<li>Odpor\u00fa\u010dame lepi\u0165 kvalitn\u00fdm lepidlom\u00a0<a title=\"Tweeten desetiminutov\u00e9 lepidlo na k\u016f\u017ee-20 gram\u016f\" href=\"https:\/\/www.billiard-pro.cz\/obchod\/kulecnikove-potreby\/tweeten\/tweeten-desetiminutove-lepidlo-na-kuze\/\">Tweeten Ten Minute Cement<\/a>\u00a0&#8211; n\u00e1jdete v na\u0161ej ponuke<\/li>\n<\/ul>\n<p><strong>Rozl\u00ed\u0161enie tvrdosti ko\u017ee Kamui:<\/strong>\u00a0(SS) Super Soft, (S) Soft, (M) Medium<\/p>\n<p>Viac o Kamui ko\u017eiach n\u00e1jdete v sekcii\u00a0<a title=\"N\u00e1vody\" href=\"https:\/\/www.billiard-pro.cz\/navody\/\">n\u00e1vody.<\/a><\/p>\n<p><strong>V\u00fdrobca:<\/strong>\u00a0Kamui Tips, Japonsko<\/p>\n<p><strong>Materi\u00e1l:<\/strong>\u00a0100% brav\u010dovina ko\u017ea<\/p>\n<p><strong>Cena za 1 kus.<\/strong><\/p>\n<p><strong>Dostupnos\u0165 tovaru:<\/strong>\u00a0vypredan\u00e9<\/p>\n","protected":false},"excerpt":{"rendered":"<p>Kamui Original &#8211; p\u0159\u00edrodn\u00ed \u00a0zna\u010dkov\u00e1 nalepovacie ko\u017ee \u00a0Medium &#8211; 14 mm. 10tich vrstvov\u00e1 kvalitnej ko\u017ee na t\u00e1go japonskej v\u00fdroby. Ko\u017ea je zlo\u017een\u00e1 z desiatich vrstiev, \u0161peci\u00e1lna spodn\u00e1 vrstva neprep\u00fa\u0161\u0165a lepidlo. T\u00e1to ko\u017ea Kamui Original v\u010faka svojej \u0161peci\u00e1lnej \u00faprave a vysokej mikro p\u00f3rovitosti dok\u00e1\u017ee prij\u00edma\u0165 viac kriedy ne\u017e porovnate\u013en\u00e9 ko\u017ee in\u00fdch v\u00fdrobcov. Ko\u017ea sa po \u0165a\u017ekom [&hellip;]<\/p>\n","protected":false},"featured_media":6846,"comment_status":"open","ping_status":"closed","template":"","meta":[],"product_brand":[],"product_cat":[251,311],"product_tag":[410,424],"class_list":{"0":"post-6843","1":"product","2":"type-product","3":"status-publish","4":"has-post-thumbnail","6":"product_cat-billiardove-potreby","7":"product_cat-koze-na-tago","8":"product_tag-kamui-kuze-sk","9":"product_tag-kuze-na-tago-sk","11":"first","12":"instock","13":"shipping-taxable","14":"purchasable","15":"product-type-simple"},"_links":{"self":[{"href":"https:\/\/www.billiard-pro.cz\/sk\/wp-json\/wp\/v2\/product\/6843","targetHints":{"allow":["GET"]}}],"collection":[{"href":"https:\/\/www.billiard-pro.cz\/sk\/wp-json\/wp\/v2\/product"}],"about":[{"href":"https:\/\/www.billiard-pro.cz\/sk\/wp-json\/wp\/v2\/types\/product"}],"replies":[{"embeddable":true,"href":"https:\/\/www.billiard-pro.cz\/sk\/wp-json\/wp\/v2\/comments?post=6843"}],"wp:featuredmedia":[{"embeddable":true,"href":"https:\/\/www.billiard-pro.cz\/sk\/wp-json\/wp\/v2\/media\/6846"}],"wp:attachment":[{"href":"https:\/\/www.billiard-pro.cz\/sk\/wp-json\/wp\/v2\/media?parent=6843"}],"wp:term":[{"taxonomy":"product_brand","embeddable":true,"href":"https:\/\/www.billiard-pro.cz\/sk\/wp-json\/wp\/v2\/product_brand?post=6843"},{"taxonomy":"product_cat","embeddable":true,"href":"https:\/\/www.billiard-pro.cz\/sk\/wp-json\/wp\/v2\/product_cat?post=6843"},{"taxonomy":"product_tag","embeddable":true,"href":"https:\/\/www.billiard-pro.cz\/sk\/wp-json\/wp\/v2\/product_tag?post=6843"}],"curies":[{"name":"wp","href":"https:\/\/api.w.org\/{rel}","templated":true}]}}