{"id":7216,"date":"2015-07-16T22:17:08","date_gmt":"2015-07-16T20:17:08","guid":{"rendered":""},"modified":"2021-01-06T10:36:37","modified_gmt":"2021-01-06T09:36:37","slug":"gulecnikove-tago-snooker-cuetec","status":"publish","type":"product","link":"https:\/\/www.billiard-pro.cz\/sk\/obchod\/billiardove-potreby\/taga-sk\/taga-snooker-sk\/gulecnikove-tago-snooker-cuetec\/","title":{"rendered":"Gule\u010dn\u00edkov\u00e9 t\u00e1go snooker Cuetec"},"content":{"rendered":"<p><strong>Biliardov\u00e9 t\u00e1go snooker Cuetec ned\u011blen\u00e9<img loading=\"lazy\" decoding=\"async\" class=\"size-full wp-image-4868 alignright\" src=\"https:\/\/www.billiard-pro.cz\/wp-content\/uploads\/2014\/06\/images-1.jpg\" alt=\"images (1)\" width=\"95\" height=\"62\" \/><\/strong><\/p>\n<ul>\n<li>Ve\u013emi pekn\u00e9 jednoduch\u00e9 nedelen\u00e9 snookerov\u00e9 t\u00e1go zna\u010dky Cuetec<\/li>\n<li>Mosadzn\u00e1 kostice priemer 10 mm<\/li>\n<li>Ko\u017ea nalepovacie 10 mm<\/li>\n<li>Dobr\u00fd pomer kvality a ceny<\/li>\n<li>Farba \u010diernomodr\u00e1<\/li>\n<li>Lakovan\u00fd spodok t\u00e1ga<\/li>\n<li>Bez omot\u00e1vky<\/li>\n<li>Typ hry Snooker<\/li>\n<\/ul>\n<p><strong>K dispoz\u00edcii k nahliadnutiu a priamemu n\u00e1kupu v na\u0161ej vzorkovni:<\/strong><\/p>\n<p>BC \u0158ipsk\u00e1, \u0158ipsk\u00e1 24, Praha 3<\/p>\n<p><strong>Materi\u00e1l:<\/strong>\u00a0pr\u00edrodn\u00fd severoamerick\u00fd jase\u0148 &#8211; 4x lakovan\u00e9<\/p>\n<p><strong>V\u00fdrobca:<\/strong>\u00a0Cuetec, USA<\/p>\n<p><strong>Dostupnos\u0165 tovaru<\/strong>: skladom s dodan\u00edm do 3 pracovn\u00fdch dn\u00ed<\/p>\n","protected":false},"excerpt":{"rendered":"<p>Biliardov\u00e9 t\u00e1go snooker Cuetec ned\u011blen\u00e9 Ve\u013emi pekn\u00e9 jednoduch\u00e9 nedelen\u00e9 snookerov\u00e9 t\u00e1go zna\u010dky Cuetec Mosadzn\u00e1 kostice priemer 10 mm Ko\u017ea nalepovacie 10 mm Dobr\u00fd pomer kvality a ceny Farba \u010diernomodr\u00e1 Lakovan\u00fd spodok t\u00e1ga Bez omot\u00e1vky Typ hry Snooker K dispoz\u00edcii k nahliadnutiu a priamemu n\u00e1kupu v na\u0161ej vzorkovni: BC \u0158ipsk\u00e1, \u0158ipsk\u00e1 24, Praha 3 Materi\u00e1l:\u00a0pr\u00edrodn\u00fd severoamerick\u00fd [&hellip;]<\/p>\n","protected":false},"featured_media":11073,"comment_status":"closed","ping_status":"closed","template":"","meta":[],"product_brand":[],"product_cat":[253,345],"product_tag":[],"class_list":{"0":"post-7216","1":"product","2":"type-product","3":"status-publish","4":"has-post-thumbnail","6":"product_cat-taga-sk","7":"product_cat-taga-snooker-sk","9":"first","10":"onbackorder","11":"shipping-taxable","12":"purchasable","13":"product-type-simple"},"_links":{"self":[{"href":"https:\/\/www.billiard-pro.cz\/sk\/wp-json\/wp\/v2\/product\/7216","targetHints":{"allow":["GET"]}}],"collection":[{"href":"https:\/\/www.billiard-pro.cz\/sk\/wp-json\/wp\/v2\/product"}],"about":[{"href":"https:\/\/www.billiard-pro.cz\/sk\/wp-json\/wp\/v2\/types\/product"}],"replies":[{"embeddable":true,"href":"https:\/\/www.billiard-pro.cz\/sk\/wp-json\/wp\/v2\/comments?post=7216"}],"wp:featuredmedia":[{"embeddable":true,"href":"https:\/\/www.billiard-pro.cz\/sk\/wp-json\/wp\/v2\/media\/11073"}],"wp:attachment":[{"href":"https:\/\/www.billiard-pro.cz\/sk\/wp-json\/wp\/v2\/media?parent=7216"}],"wp:term":[{"taxonomy":"product_brand","embeddable":true,"href":"https:\/\/www.billiard-pro.cz\/sk\/wp-json\/wp\/v2\/product_brand?post=7216"},{"taxonomy":"product_cat","embeddable":true,"href":"https:\/\/www.billiard-pro.cz\/sk\/wp-json\/wp\/v2\/product_cat?post=7216"},{"taxonomy":"product_tag","embeddable":true,"href":"https:\/\/www.billiard-pro.cz\/sk\/wp-json\/wp\/v2\/product_tag?post=7216"}],"curies":[{"name":"wp","href":"https:\/\/api.w.org\/{rel}","templated":true}]}}