{"id":7534,"date":"2015-07-30T10:48:21","date_gmt":"2015-07-30T08:48:21","guid":{"rendered":""},"modified":"2023-07-28T10:41:05","modified_gmt":"2023-07-28T08:41:05","slug":"biliardove-sukno-simonis-pool-920-sirka-195-cm","status":"publish","type":"product","link":"https:\/\/www.billiard-pro.cz\/sk\/obchod\/biliardova-sukna-simonis\/pool-sk\/biliardove-sukno-simonis-pool-920-sirka-195-cm\/","title":{"rendered":"Biliardov\u00e9 s\u00fakno SIMONIS POOL 920 &#8211; \u0161\u00edrka 195 cm"},"content":{"rendered":"<h3>SIMONIS POOL 920<img loading=\"lazy\" decoding=\"async\" class=\"size-full wp-image-4380 alignright\" src=\"https:\/\/www.billiard-pro.cz\/wp-content\/uploads\/2013\/09\/simonis-logo.jpg\" alt=\"simonis-logo (Duplicate)\" width=\"140\" height=\"50\" \/><\/h3>\n<p>Perfektn\u00e9 \u013eah\u0161\u00ed polyvalentn\u00e9 s\u00fakno zna\u010dky Iwan Simonis \u00a0aj pre dom\u00e1ce poolov\u00e9 stoly , ale aj na biliardov\u00e9 stoly pre rusku pyramidu.Vysoce kvalitn\u00e9 s\u00fakno \u00a0NIELEN pre rusk\u00fd biliard za ve\u013emi prijate\u013en\u00fa cenu.<\/p>\n<p><strong>Dobr\u00fd pomer kvality a ceny!<\/strong><\/p>\n<p>Cena za be\u017en\u00fd meter zvolenej \u0161\u00edrky vr\u00e1tane DPH.<\/p>\n<p><strong>Zlo\u017eenie:<\/strong> 85% vlna, 15% nylon<\/p>\n<p><strong>Spotreba s\u00fakna 920\/195 (\u0161\u00edrka 195 cm):<\/strong><br \/>\nSpotreba na pool 6 &#8222;- 2,0 b.m.<br \/>\nSpotreba na pool 7 &#8222;- 2.2 b.m.<br \/>\nSpotreba na pool 8 &#8222;- 2.5 b.m.<br \/>\nSpotreba na pool 9 &#8222;- 2.9 b.m.<\/p>\n<p><strong>Dostupnost tovara:<\/strong> skladom s dodan\u00edm do 3 pracovn\u00fdch dn\u00ed<\/p>\n","protected":false},"excerpt":{"rendered":"<p>SIMONIS POOL 920 Perfektn\u00e9 \u013eah\u0161\u00ed polyvalentn\u00e9 s\u00fakno zna\u010dky Iwan Simonis \u00a0aj pre dom\u00e1ce poolov\u00e9 stoly , ale aj na biliardov\u00e9 stoly pre rusku pyramidu.Vysoce kvalitn\u00e9 s\u00fakno \u00a0NIELEN pre rusk\u00fd biliard za ve\u013emi prijate\u013en\u00fa cenu. Dobr\u00fd pomer kvality a ceny! Cena za be\u017en\u00fd meter zvolenej \u0161\u00edrky vr\u00e1tane DPH. Zlo\u017eenie: 85% vlna, 15% nylon Spotreba s\u00fakna 920\/195 [&hellip;]<\/p>\n","protected":false},"featured_media":4000,"comment_status":"closed","ping_status":"closed","template":"","meta":[],"product_brand":[],"product_cat":[269,225],"product_tag":[],"class_list":{"0":"post-7534","1":"product","2":"type-product","3":"status-publish","4":"has-post-thumbnail","6":"product_cat-biliardova-sukna-simonis","7":"product_cat-pool-sk","8":"pa_colour-blue-green-sk","9":"pa_colour-burgundy-sk-2","10":"pa_colour-chocolate-sk","11":"pa_colour-electric-blue-sk-2","12":"pa_colour-empire-green-sk-2","13":"pa_colour-english-green-sk-2","14":"pa_colour-powder-blue-sk","15":"pa_colour-purple-sk","16":"pa_colour-red-sk-2","17":"pa_colour-royal-blue-sk","18":"pa_colour-taupe-sk","19":"pa_colour-yellow-green-sk","21":"first","22":"instock","23":"shipping-taxable","24":"purchasable","25":"product-type-variable"},"_links":{"self":[{"href":"https:\/\/www.billiard-pro.cz\/sk\/wp-json\/wp\/v2\/product\/7534","targetHints":{"allow":["GET"]}}],"collection":[{"href":"https:\/\/www.billiard-pro.cz\/sk\/wp-json\/wp\/v2\/product"}],"about":[{"href":"https:\/\/www.billiard-pro.cz\/sk\/wp-json\/wp\/v2\/types\/product"}],"replies":[{"embeddable":true,"href":"https:\/\/www.billiard-pro.cz\/sk\/wp-json\/wp\/v2\/comments?post=7534"}],"wp:featuredmedia":[{"embeddable":true,"href":"https:\/\/www.billiard-pro.cz\/sk\/wp-json\/wp\/v2\/media\/4000"}],"wp:attachment":[{"href":"https:\/\/www.billiard-pro.cz\/sk\/wp-json\/wp\/v2\/media?parent=7534"}],"wp:term":[{"taxonomy":"product_brand","embeddable":true,"href":"https:\/\/www.billiard-pro.cz\/sk\/wp-json\/wp\/v2\/product_brand?post=7534"},{"taxonomy":"product_cat","embeddable":true,"href":"https:\/\/www.billiard-pro.cz\/sk\/wp-json\/wp\/v2\/product_cat?post=7534"},{"taxonomy":"product_tag","embeddable":true,"href":"https:\/\/www.billiard-pro.cz\/sk\/wp-json\/wp\/v2\/product_tag?post=7534"}],"curies":[{"name":"wp","href":"https:\/\/api.w.org\/{rel}","templated":true}]}}