{"id":7813,"date":"2015-10-12T15:53:11","date_gmt":"2015-10-12T13:53:11","guid":{"rendered":""},"modified":"2019-10-24T10:47:27","modified_gmt":"2019-10-24T08:47:27","slug":"koza-na-tago-aramith-soft-12-mm-nalepovacie","status":"publish","type":"product","link":"https:\/\/www.billiard-pro.cz\/sk\/obchod\/billiardove-potreby\/koze-na-tago\/koza-na-tago-aramith-soft-12-mm-nalepovacie\/","title":{"rendered":"Ko\u017ea na t\u00e1go ARAMITH Soft &#8211; 12 mm-nalepovacie"},"content":{"rendered":"<ul>\n<li><strong>ARAMITH Soft \u00a012 mm ko\u017ea na t\u00e1go &#8211; 9-tich vrstvov\u00e1<\/strong><img decoding=\"async\" class=\"alignright\" src=\"https:\/\/www.billiard-pro.cz\/wp-content\/uploads\/2013\/09\/aramith-logo.jpg\" alt=\"Aramith\" \/><\/li>\n<li>Ko\u017ea na t\u00e1go z prasacej ko\u017ee<\/li>\n<li>\u0160peci\u00e1lna technol\u00f3gia<\/li>\n<li>Dobre pri\u013enav\u00e1<\/li>\n<li>Cena je za 1 ks<\/li>\n<\/ul>\n<p><strong>V\u00fdrobca:<\/strong> SALUC S.A., Belgicko<\/p>\n<p><strong>Dostupnsot tovara<\/strong>: skladom s dodan\u00edm do 3 pracovn\u00fdch dn\u00ed<\/p>\n","protected":false},"excerpt":{"rendered":"<p>ARAMITH Soft \u00a012 mm ko\u017ea na t\u00e1go &#8211; 9-tich vrstvov\u00e1 Ko\u017ea na t\u00e1go z prasacej ko\u017ee \u0160peci\u00e1lna technol\u00f3gia Dobre pri\u013enav\u00e1 Cena je za 1 ks V\u00fdrobca: SALUC S.A., Belgicko Dostupnsot tovara: skladom s dodan\u00edm do 3 pracovn\u00fdch dn\u00ed<\/p>\n","protected":false},"featured_media":4374,"comment_status":"open","ping_status":"closed","template":"","meta":[],"product_brand":[],"product_cat":[251,311],"product_tag":[],"class_list":{"0":"post-7813","1":"product","2":"type-product","3":"status-publish","4":"has-post-thumbnail","6":"product_cat-billiardove-potreby","7":"product_cat-koze-na-tago","9":"first","10":"instock","11":"shipping-taxable","12":"purchasable","13":"product-type-simple"},"_links":{"self":[{"href":"https:\/\/www.billiard-pro.cz\/sk\/wp-json\/wp\/v2\/product\/7813","targetHints":{"allow":["GET"]}}],"collection":[{"href":"https:\/\/www.billiard-pro.cz\/sk\/wp-json\/wp\/v2\/product"}],"about":[{"href":"https:\/\/www.billiard-pro.cz\/sk\/wp-json\/wp\/v2\/types\/product"}],"replies":[{"embeddable":true,"href":"https:\/\/www.billiard-pro.cz\/sk\/wp-json\/wp\/v2\/comments?post=7813"}],"wp:featuredmedia":[{"embeddable":true,"href":"https:\/\/www.billiard-pro.cz\/sk\/wp-json\/wp\/v2\/media\/4374"}],"wp:attachment":[{"href":"https:\/\/www.billiard-pro.cz\/sk\/wp-json\/wp\/v2\/media?parent=7813"}],"wp:term":[{"taxonomy":"product_brand","embeddable":true,"href":"https:\/\/www.billiard-pro.cz\/sk\/wp-json\/wp\/v2\/product_brand?post=7813"},{"taxonomy":"product_cat","embeddable":true,"href":"https:\/\/www.billiard-pro.cz\/sk\/wp-json\/wp\/v2\/product_cat?post=7813"},{"taxonomy":"product_tag","embeddable":true,"href":"https:\/\/www.billiard-pro.cz\/sk\/wp-json\/wp\/v2\/product_tag?post=7813"}],"curies":[{"name":"wp","href":"https:\/\/api.w.org\/{rel}","templated":true}]}}