{"id":8075,"date":"2016-01-15T10:27:27","date_gmt":"2016-01-15T09:27:27","guid":{"rendered":""},"modified":"2018-01-18T17:44:07","modified_gmt":"2018-01-18T16:44:07","slug":"biliardove-gule-karambol-super-aramith-pro-cup-prestige-615-mm","status":"publish","type":"product","link":"https:\/\/www.billiard-pro.cz\/sk\/obchod\/biliardove-gule-aramith\/krambou\/biliardove-gule-karambol-super-aramith-pro-cup-prestige-615-mm\/","title":{"rendered":"Biliardov\u00e9 gule KARAMBOL Super Aramith Pro-Cup Prestige , 61,5 mm"},"content":{"rendered":"<p><strong>SUPER ARAMITH PRO CUP PRESTIGE<img loading=\"lazy\" decoding=\"async\" class=\"size-full wp-image-3912 alignright\" src=\"https:\/\/www.billiard-pro.cz\/wp-content\/uploads\/2013\/09\/aramith-logo.jpg\" alt=\"Aramith\" width=\"112\" height=\"50\" \/><\/strong><\/p>\n<p><span style=\"text-decoration: underline;\"><strong>NOVINKA na trhu od 1.1.2016<\/strong><\/span><\/p>\n<ul>\n<li>Spolo\u010dnos\u0165 SALUC uviedla na trh inov\u00e1ciu karambolov\u00fdch gu\u013e\u00ed Super Aramith Pro Cup 61,5 mm<\/li>\n<li>T\u00e1to sada pon\u00faka 3 gule kvality Pre Cup \u0161tandardn\u00fdch farieb s t\u00fdm rozdielom, \u017ee v\u0161etky 3 hracie gule s\u00fa bodkovan\u00e9.<\/li>\n<li>T\u00e1to inov\u00e1cia umo\u017e\u0148uje lep\u0161iu preh\u013eadnos\u0165 hry, hr\u00e1\u010di i div\u00e1ci v\u010faka bodkovan\u00fdm guliam \u010faleko lep\u0161ie sleduj\u00fa rot\u00e1ciu gule a zahran\u00e9 fal\u0161e.<\/li>\n<li><span style=\"text-decoration: underline;\"><strong>Sada umo\u017e\u0148uje \u010falej roz\u0161\u00edrenie hrac\u00edch mo\u017enost\u00ed na hru pre 3 hr\u00e1\u010dov!<\/strong><\/span><\/li>\n<\/ul>\n<p><strong>Materi\u00e1l:<\/strong> ARAMITH Phenolic.<\/p>\n<p>Na \u010distenie gul\u00ed ARAMITH pou\u017eite <a href=\"https:\/\/www.billiard-pro.cz\/sk\/obchod\/biliardove-gule-aramith\/cistic-guli-aramith-ball-cleaner-roztok-na-cistenie-biliardovych-guli-1-lahev-250-ml\/\">ARAMITH Cleaner<\/a> &#8211; zna\u010dkov\u00fd \u010distiaci roztok na \u00fadr\u017ebu gul\u00ed.<\/p>\n<p><strong>Dostupnos\u0165 tovaru: <\/strong>skladom<\/p>\n","protected":false},"excerpt":{"rendered":"<p>SUPER ARAMITH PRO CUP PRESTIGE NOVINKA na trhu od 1.1.2016 Spolo\u010dnos\u0165 SALUC uviedla na trh inov\u00e1ciu karambolov\u00fdch gu\u013e\u00ed Super Aramith Pro Cup 61,5 mm T\u00e1to sada pon\u00faka 3 gule kvality Pre Cup \u0161tandardn\u00fdch farieb s t\u00fdm rozdielom, \u017ee v\u0161etky 3 hracie gule s\u00fa bodkovan\u00e9. T\u00e1to inov\u00e1cia umo\u017e\u0148uje lep\u0161iu preh\u013eadnos\u0165 hry, hr\u00e1\u010di i div\u00e1ci v\u010faka bodkovan\u00fdm [&hellip;]<\/p>\n","protected":false},"featured_media":8078,"comment_status":"open","ping_status":"closed","template":"","meta":[],"product_brand":[],"product_cat":[277,386],"product_tag":[],"class_list":{"0":"post-8075","1":"product","2":"type-product","3":"status-publish","4":"has-post-thumbnail","6":"product_cat-biliardove-gule-aramith","7":"product_cat-krambou","9":"first","10":"instock","11":"shipping-taxable","12":"purchasable","13":"product-type-simple"},"_links":{"self":[{"href":"https:\/\/www.billiard-pro.cz\/sk\/wp-json\/wp\/v2\/product\/8075","targetHints":{"allow":["GET"]}}],"collection":[{"href":"https:\/\/www.billiard-pro.cz\/sk\/wp-json\/wp\/v2\/product"}],"about":[{"href":"https:\/\/www.billiard-pro.cz\/sk\/wp-json\/wp\/v2\/types\/product"}],"replies":[{"embeddable":true,"href":"https:\/\/www.billiard-pro.cz\/sk\/wp-json\/wp\/v2\/comments?post=8075"}],"wp:featuredmedia":[{"embeddable":true,"href":"https:\/\/www.billiard-pro.cz\/sk\/wp-json\/wp\/v2\/media\/8078"}],"wp:attachment":[{"href":"https:\/\/www.billiard-pro.cz\/sk\/wp-json\/wp\/v2\/media?parent=8075"}],"wp:term":[{"taxonomy":"product_brand","embeddable":true,"href":"https:\/\/www.billiard-pro.cz\/sk\/wp-json\/wp\/v2\/product_brand?post=8075"},{"taxonomy":"product_cat","embeddable":true,"href":"https:\/\/www.billiard-pro.cz\/sk\/wp-json\/wp\/v2\/product_cat?post=8075"},{"taxonomy":"product_tag","embeddable":true,"href":"https:\/\/www.billiard-pro.cz\/sk\/wp-json\/wp\/v2\/product_tag?post=8075"}],"curies":[{"name":"wp","href":"https:\/\/api.w.org\/{rel}","templated":true}]}}