{"id":8089,"date":"2016-01-15T15:18:15","date_gmt":"2016-01-15T14:18:15","guid":{"rendered":""},"modified":"2019-10-28T17:22:55","modified_gmt":"2019-10-28T16:22:55","slug":"biliardove-gule-pool-aramith-stone-granite-look-572-mm","status":"publish","type":"product","link":"https:\/\/www.billiard-pro.cz\/sk\/obchod\/biliardove-gule-aramith\/pool-sk-3\/biliardove-gule-pool-aramith-stone-granite-look-572-mm\/","title":{"rendered":"Biliardov\u00e9  gule Pool Aramith Stone Granite look, 57,2 mm"},"content":{"rendered":"<p><strong>POOL ARAMITH STONE 57,2 mm &#8211; GRANITE LOOK<\/strong><\/p>\n<ul>\n<li>Sada z kolekcie &#8222;Fun&#8220;<\/li>\n<li>Billiardov\u00e9 sada unik\u00e1tneho atrakt\u00edvneho vzh\u013eadu kame\u0148 &#8211; \u017eula<\/li>\n<li>T\u00e1to sada v\u00e1s vr\u00e1ti sp\u00e4\u0165 v \u010dase do doby kamennej &#8211; doby &#8222;Flintstonov\u00fdch&#8220;<\/li>\n<li>Gu\u013ea ur\u010den\u00e9 pre rekrea\u010dn\u00e9 hru pre dom\u00e1ce pou\u017eitie pre z\u00e1bavu det\u00ed, ale aj dospel\u00fdch<\/li>\n<li>T\u00e1to sada zv\u00fd\u0161i atraktivitu va\u0161ej dom\u00e1cej hry a gu\u013ea sa stan\u00fa ozdobou v\u00e1\u0161ho stola<\/li>\n<li>Garantovan\u00e1 rovnak\u00e1 hmotnos\u0165 gul\u00ed a kvalita, na ktor\u00fa sme u\u017e u gu\u013eou Aramith zvyknut\u00ed<\/li>\n<li>Gule s\u00fa ve\u013emi prec\u00edzne vyv\u00e1\u017een\u00e9<\/li>\n<li>Gu\u013ea maj\u00fa 5x dlh\u0161iu \u017eivotnos\u0165 ako oby\u010dajn\u00e9 polyesterov\u00e9 gu\u013ee<\/li>\n<li>Odoln\u00e9 proti opotrebeniu<\/li>\n<li>Nesp\u00f4sobuj\u00fa &#8222;sp\u00e1len\u00e9&#8220; stopy na biliardovom sukne a zvy\u0161uj\u00fa t\u00fdm jeho \u017eivotnos\u0165<\/li>\n<li>Odpor\u00fa\u010dame pre rekrea\u010dn\u00e9 hru billiardov\u00e9 biliardov\u00e9 s\u00fakno ekonomickej rady Simonis 920<\/li>\n<li>Vyroben\u00e9 z fenolovej \u017eivice<\/li>\n<li>Dobr\u00fd pomer kvality a ceny<\/li>\n<li>Na \u010distenie gul\u00ed ARAMITH pou\u017eite <a href=\"https:\/\/www.billiard-pro.cz\/sk\/obchod\/biliardove-gule-aramith\/cistic-guli-aramith-ball-cleaner-roztok-na-cistenie-biliardovych-guli-1-lahev-250-ml\/\">ARAMITH Cleaner<\/a> &#8211; zna\u010dkov\u00fd \u010distiaci roztok na \u00fadr\u017ebu gul\u00ed.<\/li>\n<li>Pre rekrea\u010dn\u00e9 hru odpor\u00fa\u010dame cenovo v\u00fdhodn\u00e9 poolov\u00e9 biliardov\u00e9 s\u00fakno radu <a href=\"https:\/\/www.billiard-pro.cz\/sk\/obchod\/biliardova-sukna-simonis\/biliardove-sukno-simonis-pool-920-sirka-195-cm\/\">Simonis 920<\/a>.<\/li>\n<\/ul>\n<p><strong>V\u00fdrobca:<\/strong> SALUC S.A. \/ ARAMITH, Belgicko<\/p>\n<p><strong>Dostupnos\u0165 tovaru:<\/strong> skladom s dodan\u00edm do 3 pracovn\u00fdch dn\u00ed<\/p>\n","protected":false},"excerpt":{"rendered":"<p>POOL ARAMITH STONE 57,2 mm &#8211; GRANITE LOOK Sada z kolekcie &#8222;Fun&#8220; Billiardov\u00e9 sada unik\u00e1tneho atrakt\u00edvneho vzh\u013eadu kame\u0148 &#8211; \u017eula T\u00e1to sada v\u00e1s vr\u00e1ti sp\u00e4\u0165 v \u010dase do doby kamennej &#8211; doby &#8222;Flintstonov\u00fdch&#8220; Gu\u013ea ur\u010den\u00e9 pre rekrea\u010dn\u00e9 hru pre dom\u00e1ce pou\u017eitie pre z\u00e1bavu det\u00ed, ale aj dospel\u00fdch T\u00e1to sada zv\u00fd\u0161i atraktivitu va\u0161ej dom\u00e1cej hry a [&hellip;]<\/p>\n","protected":false},"featured_media":8092,"comment_status":"open","ping_status":"closed","template":"","meta":[],"product_brand":[],"product_cat":[277,390],"product_tag":[],"class_list":{"0":"post-8089","1":"product","2":"type-product","3":"status-publish","4":"has-post-thumbnail","6":"product_cat-biliardove-gule-aramith","7":"product_cat-pool-sk-3","9":"first","10":"outofstock","11":"shipping-taxable","12":"purchasable","13":"product-type-simple"},"_links":{"self":[{"href":"https:\/\/www.billiard-pro.cz\/sk\/wp-json\/wp\/v2\/product\/8089","targetHints":{"allow":["GET"]}}],"collection":[{"href":"https:\/\/www.billiard-pro.cz\/sk\/wp-json\/wp\/v2\/product"}],"about":[{"href":"https:\/\/www.billiard-pro.cz\/sk\/wp-json\/wp\/v2\/types\/product"}],"replies":[{"embeddable":true,"href":"https:\/\/www.billiard-pro.cz\/sk\/wp-json\/wp\/v2\/comments?post=8089"}],"wp:featuredmedia":[{"embeddable":true,"href":"https:\/\/www.billiard-pro.cz\/sk\/wp-json\/wp\/v2\/media\/8092"}],"wp:attachment":[{"href":"https:\/\/www.billiard-pro.cz\/sk\/wp-json\/wp\/v2\/media?parent=8089"}],"wp:term":[{"taxonomy":"product_brand","embeddable":true,"href":"https:\/\/www.billiard-pro.cz\/sk\/wp-json\/wp\/v2\/product_brand?post=8089"},{"taxonomy":"product_cat","embeddable":true,"href":"https:\/\/www.billiard-pro.cz\/sk\/wp-json\/wp\/v2\/product_cat?post=8089"},{"taxonomy":"product_tag","embeddable":true,"href":"https:\/\/www.billiard-pro.cz\/sk\/wp-json\/wp\/v2\/product_tag?post=8089"}],"curies":[{"name":"wp","href":"https:\/\/api.w.org\/{rel}","templated":true}]}}