{"id":8152,"date":"2016-01-19T15:11:18","date_gmt":"2016-01-19T14:11:18","guid":{"rendered":""},"modified":"2016-12-01T14:28:17","modified_gmt":"2016-12-01T13:28:17","slug":"gulecnikove-tago-karambolove-triton-no-2-blue","status":"publish","type":"product","link":"https:\/\/www.billiard-pro.cz\/sk\/obchod\/billiardove-potreby\/taga-sk\/taga-karambol-sk\/gulecnikove-tago-karambolove-triton-no-2-blue\/","title":{"rendered":"Gule\u010dn\u00edkov\u00e9 t\u00e1go karambolov\u00e9 Triton No: 2 &#8211; blue"},"content":{"rendered":"<p><strong>KARAMBOLOV\u00c9 T\u00c1GO TRITON \u00a0NO.2 BLUE<img loading=\"lazy\" decoding=\"async\" class=\"alignright size-full wp-image-2412\" src=\"https:\/\/www.billiard-pro.cz\/wp-content\/uploads\/2014\/06\/buffalo.png\" alt=\"buffalo\" width=\"66\" height=\"17\" data-id=\"2412\" srcset=\"https:\/\/www.billiard-pro.cz\/wp-content\/uploads\/2014\/06\/buffalo.png 66w, https:\/\/www.billiard-pro.cz\/wp-content\/uploads\/2014\/06\/buffalo-31x7.png 31w, https:\/\/www.billiard-pro.cz\/wp-content\/uploads\/2014\/06\/buffalo-38x9.png 38w\" sizes=\"auto, (max-width: 66px) 100vw, 66px\" \/><\/strong><\/p>\n<ul>\n<li>Jednoduch\u00e9, ale \u0161t\u00fdlov\u00e9 dvojdielne t\u00e1go<\/li>\n<li>Vr\u0161ok z v\u00fdberov\u00e9ho kanadsk\u00e9ho javora najvy\u0161\u0161ej kvality<\/li>\n<li>Vybaven\u00fd zosilnenou javorovou \u0161pi\u010dkou, ktor\u00e1 d\u00e1va t\u00e1gu zvl\u00e1\u0161tnu silu<\/li>\n<li>Spodn\u00e1 \u010das\u0165 v modro\u010diernej farbe<\/li>\n<li>Vrchn\u00e1 \u010das\u0165 pr\u00edrodn\u00e1 farba<\/li>\n<li>Omot\u00e1vka \u010dierna<\/li>\n<li>Kostice Buffalo-priemer 11,5 mm<\/li>\n<li>Ko\u017ea Laperti 11,5 mm<\/li>\n<li>V\u00e1ha t\u00e1ga 470-530 g<\/li>\n<li>Nastavite\u013en\u00fd vyva\u017eovac\u00ed syst\u00e9m<\/li>\n<li>Z\u00e1vit dreven\u00fd<\/li>\n<li>Z\u00e1slepka gumov\u00e1<\/li>\n<li>D\u013a\u017eka t\u00e1ga 142 cm<\/li>\n<\/ul>\n<p><strong>K dispoz\u00edcii k nahliadnutiu a priamemu n\u00e1kupu v na\u0161ej vzorkovni:<\/strong><\/p>\n<p>BC \u0158ipsk\u00e1, \u0158ipsk\u00e1 24, Praha 3<\/p>\n<p><strong>Materi\u00e1l:<\/strong>\u00a0kanadsk\u00fd javor (AA kvalita) lakovan\u00fd, vysok\u00fd lesk a UV ochrana<\/p>\n<p><strong>V\u00fdrobca:<\/strong>\u00a0TRITON\/Buffalo<\/p>\n<p><strong>Dostupnos\u0165 tovaru:<\/strong>\u00a0skladom s dodan\u00edm do 3 pracovn\u00fdch dn\u00ed<\/p>\n","protected":false},"excerpt":{"rendered":"<p>KARAMBOLOV\u00c9 T\u00c1GO TRITON \u00a0NO.2 BLUE Jednoduch\u00e9, ale \u0161t\u00fdlov\u00e9 dvojdielne t\u00e1go Vr\u0161ok z v\u00fdberov\u00e9ho kanadsk\u00e9ho javora najvy\u0161\u0161ej kvality Vybaven\u00fd zosilnenou javorovou \u0161pi\u010dkou, ktor\u00e1 d\u00e1va t\u00e1gu zvl\u00e1\u0161tnu silu Spodn\u00e1 \u010das\u0165 v modro\u010diernej farbe Vrchn\u00e1 \u010das\u0165 pr\u00edrodn\u00e1 farba Omot\u00e1vka \u010dierna Kostice Buffalo-priemer 11,5 mm Ko\u017ea Laperti 11,5 mm V\u00e1ha t\u00e1ga 470-530 g Nastavite\u013en\u00fd vyva\u017eovac\u00ed syst\u00e9m Z\u00e1vit dreven\u00fd Z\u00e1slepka [&hellip;]<\/p>\n","protected":false},"featured_media":8155,"comment_status":"open","ping_status":"closed","template":"","meta":[],"product_brand":[],"product_cat":[251,253,333],"product_tag":[],"class_list":{"0":"post-8152","1":"product","2":"type-product","3":"status-publish","4":"has-post-thumbnail","6":"product_cat-billiardove-potreby","7":"product_cat-taga-sk","8":"product_cat-taga-karambol-sk","10":"first","11":"instock","12":"shipping-taxable","13":"purchasable","14":"product-type-simple"},"_links":{"self":[{"href":"https:\/\/www.billiard-pro.cz\/sk\/wp-json\/wp\/v2\/product\/8152","targetHints":{"allow":["GET"]}}],"collection":[{"href":"https:\/\/www.billiard-pro.cz\/sk\/wp-json\/wp\/v2\/product"}],"about":[{"href":"https:\/\/www.billiard-pro.cz\/sk\/wp-json\/wp\/v2\/types\/product"}],"replies":[{"embeddable":true,"href":"https:\/\/www.billiard-pro.cz\/sk\/wp-json\/wp\/v2\/comments?post=8152"}],"wp:featuredmedia":[{"embeddable":true,"href":"https:\/\/www.billiard-pro.cz\/sk\/wp-json\/wp\/v2\/media\/8155"}],"wp:attachment":[{"href":"https:\/\/www.billiard-pro.cz\/sk\/wp-json\/wp\/v2\/media?parent=8152"}],"wp:term":[{"taxonomy":"product_brand","embeddable":true,"href":"https:\/\/www.billiard-pro.cz\/sk\/wp-json\/wp\/v2\/product_brand?post=8152"},{"taxonomy":"product_cat","embeddable":true,"href":"https:\/\/www.billiard-pro.cz\/sk\/wp-json\/wp\/v2\/product_cat?post=8152"},{"taxonomy":"product_tag","embeddable":true,"href":"https:\/\/www.billiard-pro.cz\/sk\/wp-json\/wp\/v2\/product_tag?post=8152"}],"curies":[{"name":"wp","href":"https:\/\/api.w.org\/{rel}","templated":true}]}}