{"id":8439,"date":"2016-04-06T14:55:52","date_gmt":"2016-04-06T12:55:52","guid":{"rendered":""},"modified":"2016-04-06T15:01:28","modified_gmt":"2016-04-06T13:01:28","slug":"biliardovy-uterak-adam-kopirovat","status":"publish","type":"product","link":"https:\/\/www.billiard-pro.cz\/sk\/obchod\/billiardove-potreby\/taga-prislusenstvo-2\/ochrana-taga-sk\/biliardovy-uterak-adam-kopirovat\/","title":{"rendered":"Biliardov\u00fd uter\u00e1k BUFFALO"},"content":{"rendered":"<p><strong>Zna\u010dkov\u00fd biliardov\u00fd uter\u00e1k BUFFALO<\/strong><\/p>\n<ul>\n<li>D\u00f4myseln\u00fd uter\u00e1\u010dik ide\u00e1lny do v\u00e1\u0161ho p\u00fazdra na t\u00e1go<\/li>\n<li>Rozmer 33 x 15 cm<\/li>\n<li>Modr\u00fd uter\u00e1k s vy\u0161\u00edvan\u00fdm logom Buffalo<\/li>\n<li>Dvojit\u00fd pre\u0161\u00edvan\u00fd uter\u00e1k pre utretie potu z r\u00fak, cela, tv\u00e1re i taga<\/li>\n<li>Pre\u0161\u00edvan\u00fd z\u00fa\u017een\u00fd prievlak \/ ruk\u00e1v pre utret\u00ed t\u00e1ga<\/li>\n<li>Pr\u00edjemn\u00fd bavlnen\u00fd materi\u00e1l frot\u00e9<\/li>\n<\/ul>\n<p><strong>Dostupnos\u0165:<\/strong> skladom<\/p>\n<p><strong>V\u00fdrobca:<\/strong>\u00a0Buffalo, Holandsko<\/p>\n","protected":false},"excerpt":{"rendered":"<p>Zna\u010dkov\u00fd biliardov\u00fd uter\u00e1k BUFFALO D\u00f4myseln\u00fd uter\u00e1\u010dik ide\u00e1lny do v\u00e1\u0161ho p\u00fazdra na t\u00e1go Rozmer 33 x 15 cm Modr\u00fd uter\u00e1k s vy\u0161\u00edvan\u00fdm logom Buffalo Dvojit\u00fd pre\u0161\u00edvan\u00fd uter\u00e1k pre utretie potu z r\u00fak, cela, tv\u00e1re i taga Pre\u0161\u00edvan\u00fd z\u00fa\u017een\u00fd prievlak \/ ruk\u00e1v pre utret\u00ed t\u00e1ga Pr\u00edjemn\u00fd bavlnen\u00fd materi\u00e1l frot\u00e9 Dostupnos\u0165: skladom V\u00fdrobca:\u00a0Buffalo, Holandsko<\/p>\n","protected":false},"featured_media":8442,"comment_status":"closed","ping_status":"closed","template":"","meta":[],"product_brand":[],"product_cat":[377,273],"product_tag":[],"class_list":{"0":"post-8439","1":"product","2":"type-product","3":"status-publish","4":"has-post-thumbnail","6":"product_cat-ochrana-taga-sk","7":"product_cat-taga-prislusenstvo-2","9":"first","10":"instock","11":"shipping-taxable","12":"purchasable","13":"product-type-simple"},"_links":{"self":[{"href":"https:\/\/www.billiard-pro.cz\/sk\/wp-json\/wp\/v2\/product\/8439","targetHints":{"allow":["GET"]}}],"collection":[{"href":"https:\/\/www.billiard-pro.cz\/sk\/wp-json\/wp\/v2\/product"}],"about":[{"href":"https:\/\/www.billiard-pro.cz\/sk\/wp-json\/wp\/v2\/types\/product"}],"replies":[{"embeddable":true,"href":"https:\/\/www.billiard-pro.cz\/sk\/wp-json\/wp\/v2\/comments?post=8439"}],"wp:featuredmedia":[{"embeddable":true,"href":"https:\/\/www.billiard-pro.cz\/sk\/wp-json\/wp\/v2\/media\/8442"}],"wp:attachment":[{"href":"https:\/\/www.billiard-pro.cz\/sk\/wp-json\/wp\/v2\/media?parent=8439"}],"wp:term":[{"taxonomy":"product_brand","embeddable":true,"href":"https:\/\/www.billiard-pro.cz\/sk\/wp-json\/wp\/v2\/product_brand?post=8439"},{"taxonomy":"product_cat","embeddable":true,"href":"https:\/\/www.billiard-pro.cz\/sk\/wp-json\/wp\/v2\/product_cat?post=8439"},{"taxonomy":"product_tag","embeddable":true,"href":"https:\/\/www.billiard-pro.cz\/sk\/wp-json\/wp\/v2\/product_tag?post=8439"}],"curies":[{"name":"wp","href":"https:\/\/api.w.org\/{rel}","templated":true}]}}