{"id":8506,"date":"2016-04-13T11:23:04","date_gmt":"2016-04-13T09:23:04","guid":{"rendered":"http:\/\/www.billiard-pro.cz\/sk\/obchod\/biliardove-gule-aramith\/gula-karambol-aramith-premier-603-mm-modra-kopirovat\/"},"modified":"2024-10-22T11:40:32","modified_gmt":"2024-10-22T09:40:32","slug":"gula-karambol-aramith-premier-603-mm-biela","status":"publish","type":"product","link":"https:\/\/www.billiard-pro.cz\/sk\/obchod\/biliardove-gule-aramith\/pool-sk-3\/gula-karambol-aramith-premier-603-mm-biela\/","title":{"rendered":"Gu\u013ea single pool Aramith Premier 57,2 mm biela"},"content":{"rendered":"<p><strong>Gu\u013ea biela Aramith Premier 57,2 mm<img decoding=\"async\" class=\"alignright\" src=\"https:\/\/www.billiard-pro.cz\/wp-content\/uploads\/2013\/09\/aramith-logo.jpg\" alt=\"Aramith\" \/><\/strong><\/p>\n<p>&nbsp;<\/p>\n<ul>\n<li>Aramith unik\u00e1tna Fenolov\u00e1 \u017eivica<\/li>\n<li>Vysok\u00e1 odolnos\u0165<\/li>\n<li>Dokonal\u00e9 okr\u00fahle vybalancovan\u00e9<\/li>\n<li>Pred\u013a\u017een\u00e1 \u017eivotnos\u0165<\/li>\n<li>Predl\u017euje \u017eivotnos\u0165 s\u00fakna<\/li>\n<li>Vysok\u00e9 \u0161tandardy kvality<\/li>\n<li>V\u00fdhodn\u00fd pomer kvalita a ceny<\/li>\n<li>N\u00e1hradn\u00e9 Aramith gule s\u00fa vyroben\u00e9 z unik\u00e1tnej fenolovej \u017eivice<\/li>\n<li>Navrhnut\u00e9 v laborat\u00f3ri\u00e1ch Aramith<\/li>\n<li>Zni\u017euje obrus a opotrebenie s\u00fakna<\/li>\n<li>Testy ukazuj\u00fa, \u017ee Aramith fenolov\u00e9 \u00a0gule s\u00fa viac ako 50 x odolnej\u0161ie ne\u017e polyesterove gule<\/li>\n<li>Aramith gule s\u00fa tie\u017e dvakr\u00e1t odolnej\u0161ie proti po\u0161kriabaniu!<\/li>\n<\/ul>\n<p>Na \u010distenie gul\u00ed ARAMITH pou\u017eite\u00a0<a title=\"\u010cisti\u010d kule\u010dn\u00edkov\u00fdch koul\u00ed Aramith ball cleaner \u2013 1 lahev \u2013 250 ml\" href=\"https:\/\/www.billiard-pro.cz\/obchod\/koule-aramith\/aramith-ball-cleaner-roztok-na-cisteni-kouli-1-lahev-250-ml\/\">ARAMITH Cleaner<\/a>\u00a0&#8211; zna\u010dkov\u00fd \u010distiaci roztok<\/p>\n<p><strong>V\u00fdrobca:<\/strong>\u00a0SALUC \/ ARAMITH, Belgicko<\/p>\n<p><strong>Dostupnos\u0165 tovaru:<\/strong>\u00a0skladom s dodan\u00edm 3 pracovn\u00fdch dn\u00ed<\/p>\n","protected":false},"excerpt":{"rendered":"<p>Gu\u013ea biela Aramith Premier 57,2 mm &nbsp; Aramith unik\u00e1tna Fenolov\u00e1 \u017eivica Vysok\u00e1 odolnos\u0165 Dokonal\u00e9 okr\u00fahle vybalancovan\u00e9 Pred\u013a\u017een\u00e1 \u017eivotnos\u0165 Predl\u017euje \u017eivotnos\u0165 s\u00fakna Vysok\u00e9 \u0161tandardy kvality V\u00fdhodn\u00fd pomer kvalita a ceny N\u00e1hradn\u00e9 Aramith gule s\u00fa vyroben\u00e9 z unik\u00e1tnej fenolovej \u017eivice Navrhnut\u00e9 v laborat\u00f3ri\u00e1ch Aramith Zni\u017euje obrus a opotrebenie s\u00fakna Testy ukazuj\u00fa, \u017ee Aramith fenolov\u00e9 \u00a0gule s\u00fa viac [&hellip;]<\/p>\n","protected":false},"featured_media":14545,"comment_status":"closed","ping_status":"closed","template":"","meta":[],"product_brand":[],"product_cat":[277,390],"product_tag":[],"class_list":{"0":"post-8506","1":"product","2":"type-product","3":"status-publish","4":"has-post-thumbnail","6":"product_cat-biliardove-gule-aramith","7":"product_cat-pool-sk-3","9":"first","10":"instock","11":"shipping-taxable","12":"purchasable","13":"product-type-simple"},"_links":{"self":[{"href":"https:\/\/www.billiard-pro.cz\/sk\/wp-json\/wp\/v2\/product\/8506","targetHints":{"allow":["GET"]}}],"collection":[{"href":"https:\/\/www.billiard-pro.cz\/sk\/wp-json\/wp\/v2\/product"}],"about":[{"href":"https:\/\/www.billiard-pro.cz\/sk\/wp-json\/wp\/v2\/types\/product"}],"replies":[{"embeddable":true,"href":"https:\/\/www.billiard-pro.cz\/sk\/wp-json\/wp\/v2\/comments?post=8506"}],"wp:featuredmedia":[{"embeddable":true,"href":"https:\/\/www.billiard-pro.cz\/sk\/wp-json\/wp\/v2\/media\/14545"}],"wp:attachment":[{"href":"https:\/\/www.billiard-pro.cz\/sk\/wp-json\/wp\/v2\/media?parent=8506"}],"wp:term":[{"taxonomy":"product_brand","embeddable":true,"href":"https:\/\/www.billiard-pro.cz\/sk\/wp-json\/wp\/v2\/product_brand?post=8506"},{"taxonomy":"product_cat","embeddable":true,"href":"https:\/\/www.billiard-pro.cz\/sk\/wp-json\/wp\/v2\/product_cat?post=8506"},{"taxonomy":"product_tag","embeddable":true,"href":"https:\/\/www.billiard-pro.cz\/sk\/wp-json\/wp\/v2\/product_tag?post=8506"}],"curies":[{"name":"wp","href":"https:\/\/api.w.org\/{rel}","templated":true}]}}