{"id":8645,"date":"2016-04-17T17:23:38","date_gmt":"2016-04-17T15:23:38","guid":{"rendered":"http:\/\/www.billiard-pro.cz\/sk\/obchod\/sipky-a-terce-sk\/sipky-karella-soft-blister-16-gr-3-ks-kopirovat\/"},"modified":"2016-04-17T17:36:19","modified_gmt":"2016-04-17T15:36:19","slug":"sipky-karella-k1-3pcs","status":"publish","type":"product","link":"https:\/\/www.billiard-pro.cz\/sk\/obchod\/terce-sipky-sk\/sipky-soft-sk\/sipky-karella-k1-3pcs\/","title":{"rendered":"\u0160\u00edpky Karella K1 Soft 18 gr &#8211; 3 ks"},"content":{"rendered":"<p><strong>\u0160\u00edpky Karella K1 Soft 18 gr &#8211; 3 ks<img loading=\"lazy\" decoding=\"async\" class=\"size-full wp-image-8636 alignright\" src=\"https:\/\/www.billiard-pro.cz\/wp-content\/uploads\/2016\/04\/Logo_Karella.jpg\" alt=\"Logo_Karella\" width=\"120\" height=\"75\" \/><\/strong><\/p>\n<ul>\n<li>\u0160\u00edpky Karella K1 Soft 18 gram &#8211; s\u00faprava 3 \u0161\u00edpok<\/li>\n<li>Sada 3 ks plastov\u00fdch soft \u0161\u00edpok v plastovom puzdre<\/li>\n<li>Plastov\u00fd hrot 18 gramov<\/li>\n<li>Z\u00e1vit 2BA<\/li>\n<\/ul>\n<p><strong>V\u00fdrobca:<\/strong> Karella, Nemecko<br \/>\n<strong>Dostupnos\u0165:<\/strong> skladom<\/p>\n<p>&nbsp;<\/p>\n","protected":false},"excerpt":{"rendered":"<p>\u0160\u00edpky Karella K1 Soft 18 gr &#8211; 3 ks \u0160\u00edpky Karella K1 Soft 18 gram &#8211; s\u00faprava 3 \u0161\u00edpok Sada 3 ks plastov\u00fdch soft \u0161\u00edpok v plastovom puzdre Plastov\u00fd hrot 18 gramov Z\u00e1vit 2BA V\u00fdrobca: Karella, Nemecko Dostupnos\u0165: skladom &nbsp;<\/p>\n","protected":false},"featured_media":8648,"comment_status":"closed","ping_status":"closed","template":"","meta":[],"product_brand":[],"product_cat":[587,581],"product_tag":[],"class_list":{"0":"post-8645","1":"product","2":"type-product","3":"status-publish","4":"has-post-thumbnail","6":"product_cat-sipky-soft-sk","7":"product_cat-terce-sipky-sk","9":"first","10":"instock","11":"shipping-taxable","12":"purchasable","13":"product-type-simple"},"_links":{"self":[{"href":"https:\/\/www.billiard-pro.cz\/sk\/wp-json\/wp\/v2\/product\/8645","targetHints":{"allow":["GET"]}}],"collection":[{"href":"https:\/\/www.billiard-pro.cz\/sk\/wp-json\/wp\/v2\/product"}],"about":[{"href":"https:\/\/www.billiard-pro.cz\/sk\/wp-json\/wp\/v2\/types\/product"}],"replies":[{"embeddable":true,"href":"https:\/\/www.billiard-pro.cz\/sk\/wp-json\/wp\/v2\/comments?post=8645"}],"wp:featuredmedia":[{"embeddable":true,"href":"https:\/\/www.billiard-pro.cz\/sk\/wp-json\/wp\/v2\/media\/8648"}],"wp:attachment":[{"href":"https:\/\/www.billiard-pro.cz\/sk\/wp-json\/wp\/v2\/media?parent=8645"}],"wp:term":[{"taxonomy":"product_brand","embeddable":true,"href":"https:\/\/www.billiard-pro.cz\/sk\/wp-json\/wp\/v2\/product_brand?post=8645"},{"taxonomy":"product_cat","embeddable":true,"href":"https:\/\/www.billiard-pro.cz\/sk\/wp-json\/wp\/v2\/product_cat?post=8645"},{"taxonomy":"product_tag","embeddable":true,"href":"https:\/\/www.billiard-pro.cz\/sk\/wp-json\/wp\/v2\/product_tag?post=8645"}],"curies":[{"name":"wp","href":"https:\/\/api.w.org\/{rel}","templated":true}]}}