{"id":8702,"date":"2016-04-18T12:40:24","date_gmt":"2016-04-18T10:40:24","guid":{"rendered":"http:\/\/www.billiard-pro.cz\/sk\/obchod\/sipky-a-terce-sk\/sipky-karella-steel-st-1-21-gram-suprava-3-sipok\/"},"modified":"2016-04-18T13:10:08","modified_gmt":"2016-04-18T11:10:08","slug":"sipky-karella-steel-st-1-21-gram-suprava-3-sipok","status":"publish","type":"product","link":"https:\/\/www.billiard-pro.cz\/sk\/obchod\/terce-sipky-sk\/sipky-steel-sk\/sipky-karella-steel-st-1-21-gram-suprava-3-sipok\/","title":{"rendered":"\u0160\u00edpky Karella Steel ST-1-21 gram &#8211; s\u00faprava 3 \u0161\u00edpok"},"content":{"rendered":"<p><strong>\u0160\u00edpky Karella Steel ST-1-21<\/strong><strong> gram &#8211; s\u00faprava 3 \u0161\u00edpok<br \/>\n<img loading=\"lazy\" decoding=\"async\" class=\"size-full wp-image-8634 alignright\" src=\"https:\/\/www.billiard-pro.cz\/wp-content\/uploads\/2016\/04\/Logo_Karella.jpg\" alt=\"Logo_Karella\" width=\"120\" height=\"75\" \/><\/strong><\/p>\n<ul>\n<li>Sada 3 ks ob\u013e\u00faben\u00fdch steelov\u00fdch \u0161\u00edpok karell v plastovom puzdre<\/li>\n<li>Oce\u013eov\u00fd hrot 21 gramov<\/li>\n<li>Nylonov\u00fd shaft<\/li>\n<li>Stabiln\u00e9 letky Amazon<\/li>\n<li>Pochr\u00f3movan\u00fd mosadzn\u00fd barrel<\/li>\n<li>Dobr\u00fd pomer kvality a ceny!<\/li>\n<\/ul>\n<p><strong>V\u00fdrobca:<\/strong> Karella, Nemecko<br \/>\n<strong>Dostupnos\u0165:<\/strong> skladom<\/p>\n<p>&nbsp;<\/p>\n","protected":false},"excerpt":{"rendered":"<p>\u0160\u00edpky Karella Steel ST-1-21 gram &#8211; s\u00faprava 3 \u0161\u00edpok Sada 3 ks ob\u013e\u00faben\u00fdch steelov\u00fdch \u0161\u00edpok karell v plastovom puzdre Oce\u013eov\u00fd hrot 21 gramov Nylonov\u00fd shaft Stabiln\u00e9 letky Amazon Pochr\u00f3movan\u00fd mosadzn\u00fd barrel Dobr\u00fd pomer kvality a ceny! V\u00fdrobca: Karella, Nemecko Dostupnos\u0165: skladom &nbsp;<\/p>\n","protected":false},"featured_media":8705,"comment_status":"closed","ping_status":"closed","template":"","meta":[],"product_brand":[],"product_cat":[590,581],"product_tag":[],"class_list":{"0":"post-8702","1":"product","2":"type-product","3":"status-publish","4":"has-post-thumbnail","6":"product_cat-sipky-steel-sk","7":"product_cat-terce-sipky-sk","9":"first","10":"instock","11":"shipping-taxable","12":"purchasable","13":"product-type-simple"},"_links":{"self":[{"href":"https:\/\/www.billiard-pro.cz\/sk\/wp-json\/wp\/v2\/product\/8702","targetHints":{"allow":["GET"]}}],"collection":[{"href":"https:\/\/www.billiard-pro.cz\/sk\/wp-json\/wp\/v2\/product"}],"about":[{"href":"https:\/\/www.billiard-pro.cz\/sk\/wp-json\/wp\/v2\/types\/product"}],"replies":[{"embeddable":true,"href":"https:\/\/www.billiard-pro.cz\/sk\/wp-json\/wp\/v2\/comments?post=8702"}],"wp:featuredmedia":[{"embeddable":true,"href":"https:\/\/www.billiard-pro.cz\/sk\/wp-json\/wp\/v2\/media\/8705"}],"wp:attachment":[{"href":"https:\/\/www.billiard-pro.cz\/sk\/wp-json\/wp\/v2\/media?parent=8702"}],"wp:term":[{"taxonomy":"product_brand","embeddable":true,"href":"https:\/\/www.billiard-pro.cz\/sk\/wp-json\/wp\/v2\/product_brand?post=8702"},{"taxonomy":"product_cat","embeddable":true,"href":"https:\/\/www.billiard-pro.cz\/sk\/wp-json\/wp\/v2\/product_cat?post=8702"},{"taxonomy":"product_tag","embeddable":true,"href":"https:\/\/www.billiard-pro.cz\/sk\/wp-json\/wp\/v2\/product_tag?post=8702"}],"curies":[{"name":"wp","href":"https:\/\/api.w.org\/{rel}","templated":true}]}}