{"id":8715,"date":"2016-04-18T17:18:07","date_gmt":"2016-04-18T15:18:07","guid":{"rendered":"http:\/\/www.billiard-pro.cz\/sk\/?post_type=product&#038;p=8715"},"modified":"2016-12-01T14:56:15","modified_gmt":"2016-12-01T13:56:15","slug":"hroty-nasipky-maly-zavit2ba","status":"publish","type":"product","link":"https:\/\/www.billiard-pro.cz\/sk\/obchod\/terce-sipky-sk\/hroty-nasipky-maly-zavit2ba\/","title":{"rendered":"Hroty na \u0161\u00edpky soft InnerGames \u010dierne mal\u00fd z\u00e1vit 2BA"},"content":{"rendered":"<p><strong>Hroty soft InnerGames \u010dierne mal\u00fd z\u00e1vit 2BA<img loading=\"lazy\" decoding=\"async\" class=\"size-full wp-image-4950 alignright\" src=\"https:\/\/www.billiard-pro.cz\/wp-content\/uploads\/2014\/07\/innergames.png\" alt=\"innergames\" width=\"66\" height=\"15\" \/><\/strong><\/p>\n<ul>\n<li>Darttip Black 2BA<\/li>\n<li>N\u00e1hradny hrot soft \u0161\u00edpky<\/li>\n<li>Ve\u013ekos\u0165 2BA &#8211; mal\u00fd z\u00e1vit<\/li>\n<\/ul>\n<p><strong>V\u00fdrobca:<\/strong> Innergames \/ Buffalo, Holandsko<br \/>\n<strong>Dostupnos\u0165:<\/strong> skladom<\/p>\n","protected":false},"excerpt":{"rendered":"<p>Hroty soft InnerGames \u010dierne mal\u00fd z\u00e1vit 2BA Darttip Black 2BA N\u00e1hradny hrot soft \u0161\u00edpky Ve\u013ekos\u0165 2BA &#8211; mal\u00fd z\u00e1vit V\u00fdrobca: Innergames \/ Buffalo, Holandsko Dostupnos\u0165: skladom<\/p>\n","protected":false},"featured_media":8733,"comment_status":"closed","ping_status":"closed","template":"","meta":[],"product_brand":[],"product_cat":[581],"product_tag":[],"class_list":{"0":"post-8715","1":"product","2":"type-product","3":"status-publish","4":"has-post-thumbnail","6":"product_cat-terce-sipky-sk","8":"first","9":"instock","10":"shipping-taxable","11":"purchasable","12":"product-type-simple"},"_links":{"self":[{"href":"https:\/\/www.billiard-pro.cz\/sk\/wp-json\/wp\/v2\/product\/8715","targetHints":{"allow":["GET"]}}],"collection":[{"href":"https:\/\/www.billiard-pro.cz\/sk\/wp-json\/wp\/v2\/product"}],"about":[{"href":"https:\/\/www.billiard-pro.cz\/sk\/wp-json\/wp\/v2\/types\/product"}],"replies":[{"embeddable":true,"href":"https:\/\/www.billiard-pro.cz\/sk\/wp-json\/wp\/v2\/comments?post=8715"}],"wp:featuredmedia":[{"embeddable":true,"href":"https:\/\/www.billiard-pro.cz\/sk\/wp-json\/wp\/v2\/media\/8733"}],"wp:attachment":[{"href":"https:\/\/www.billiard-pro.cz\/sk\/wp-json\/wp\/v2\/media?parent=8715"}],"wp:term":[{"taxonomy":"product_brand","embeddable":true,"href":"https:\/\/www.billiard-pro.cz\/sk\/wp-json\/wp\/v2\/product_brand?post=8715"},{"taxonomy":"product_cat","embeddable":true,"href":"https:\/\/www.billiard-pro.cz\/sk\/wp-json\/wp\/v2\/product_cat?post=8715"},{"taxonomy":"product_tag","embeddable":true,"href":"https:\/\/www.billiard-pro.cz\/sk\/wp-json\/wp\/v2\/product_tag?post=8715"}],"curies":[{"name":"wp","href":"https:\/\/api.w.org\/{rel}","templated":true}]}}