{"id":9268,"date":"2016-06-03T14:14:49","date_gmt":"2016-06-03T12:14:49","guid":{"rendered":"http:\/\/www.billiard-pro.cz\/sk\/?post_type=product&#038;p=9268"},"modified":"2016-06-07T17:31:47","modified_gmt":"2016-06-07T15:31:47","slug":"karella-vypichovak-zalomenych-hrotov-soft-sipok-z-tercov","status":"publish","type":"product","link":"https:\/\/www.billiard-pro.cz\/sk\/obchod\/terce-sipky-sk\/sipky-prislusenstvo\/karella-vypichovak-zalomenych-hrotov-soft-sipok-z-tercov\/","title":{"rendered":"Karella vypichov\u00e1k zalomen\u00fdch hrotov soft \u0161\u00edpok z ter\u010dov"},"content":{"rendered":"<p><strong>Karella vypichov\u00e1k zalomen\u00fdch hrotov soft \u0161\u00edpok z ter\u010dov<img decoding=\"async\" class=\"alignright\" src=\"https:\/\/www.billiard-pro.cz\/wp-content\/uploads\/2016\/04\/Logo_Karella.jpg\" alt=\"Logo_Karella\" \/><\/strong><\/p>\n<ul>\n<li>&#8222;Karella Metal Dart Tip Remover&#8220;<\/li>\n<li>Ve\u013emi d\u00f4myseln\u00e1 pom\u00f4cka pre vypichovanie zalomen\u00fdch hrotov z ter\u010dov<\/li>\n<li>Vyvinut\u00e9 \u0161peci\u00e1lne pre &#8222;softtip &#8211; m\u00e4kk\u00e9 softov\u00e9 \u0161\u00edpky<\/li>\n<li>S t\u00fdmto pevn\u00fdm oce\u013eov\u00fdm softtip odstra\u0148ova\u010dom ve\u013emi r\u00fdchlo a efekt\u00edvne odstr\u00e1nite m\u00e4kk\u00e9 tipy \/ hroty, ktor\u00e9 zost\u00e1vaj\u00fa zabodnut\u00e9 v ter\u010di.<\/li>\n<\/ul>\n<p><strong>Materi\u00e1l<\/strong>: pevn\u00e1 oce\u013eov\u00e1 zliatina<\/p>\n<p><strong>V\u00fdrobca:<\/strong> Karella, Nemecko<\/p>\n<p><strong>Dostupnos\u0165:<\/strong> skladom<\/p>\n","protected":false},"excerpt":{"rendered":"<p>Karella vypichov\u00e1k zalomen\u00fdch hrotov soft \u0161\u00edpok z ter\u010dov &#8222;Karella Metal Dart Tip Remover&#8220; Ve\u013emi d\u00f4myseln\u00e1 pom\u00f4cka pre vypichovanie zalomen\u00fdch hrotov z ter\u010dov Vyvinut\u00e9 \u0161peci\u00e1lne pre &#8222;softtip &#8211; m\u00e4kk\u00e9 softov\u00e9 \u0161\u00edpky S t\u00fdmto pevn\u00fdm oce\u013eov\u00fdm softtip odstra\u0148ova\u010dom ve\u013emi r\u00fdchlo a efekt\u00edvne odstr\u00e1nite m\u00e4kk\u00e9 tipy \/ hroty, ktor\u00e9 zost\u00e1vaj\u00fa zabodnut\u00e9 v ter\u010di. Materi\u00e1l: pevn\u00e1 oce\u013eov\u00e1 zliatina V\u00fdrobca: [&hellip;]<\/p>\n","protected":false},"featured_media":9265,"comment_status":"closed","ping_status":"closed","template":"","meta":[],"product_brand":[],"product_cat":[601,581],"product_tag":[],"class_list":{"0":"post-9268","1":"product","2":"type-product","3":"status-publish","4":"has-post-thumbnail","6":"product_cat-sipky-prislusenstvo","7":"product_cat-terce-sipky-sk","9":"first","10":"instock","11":"shipping-taxable","12":"purchasable","13":"product-type-simple"},"_links":{"self":[{"href":"https:\/\/www.billiard-pro.cz\/sk\/wp-json\/wp\/v2\/product\/9268","targetHints":{"allow":["GET"]}}],"collection":[{"href":"https:\/\/www.billiard-pro.cz\/sk\/wp-json\/wp\/v2\/product"}],"about":[{"href":"https:\/\/www.billiard-pro.cz\/sk\/wp-json\/wp\/v2\/types\/product"}],"replies":[{"embeddable":true,"href":"https:\/\/www.billiard-pro.cz\/sk\/wp-json\/wp\/v2\/comments?post=9268"}],"wp:featuredmedia":[{"embeddable":true,"href":"https:\/\/www.billiard-pro.cz\/sk\/wp-json\/wp\/v2\/media\/9265"}],"wp:attachment":[{"href":"https:\/\/www.billiard-pro.cz\/sk\/wp-json\/wp\/v2\/media?parent=9268"}],"wp:term":[{"taxonomy":"product_brand","embeddable":true,"href":"https:\/\/www.billiard-pro.cz\/sk\/wp-json\/wp\/v2\/product_brand?post=9268"},{"taxonomy":"product_cat","embeddable":true,"href":"https:\/\/www.billiard-pro.cz\/sk\/wp-json\/wp\/v2\/product_cat?post=9268"},{"taxonomy":"product_tag","embeddable":true,"href":"https:\/\/www.billiard-pro.cz\/sk\/wp-json\/wp\/v2\/product_tag?post=9268"}],"curies":[{"name":"wp","href":"https:\/\/api.w.org\/{rel}","templated":true}]}}