{"id":9488,"date":"2016-08-05T17:22:15","date_gmt":"2016-08-05T15:22:15","guid":{"rendered":"http:\/\/www.billiard-pro.cz\/sk\/?post_type=product&#038;p=9488"},"modified":"2018-04-16T11:08:05","modified_gmt":"2018-04-16T09:08:05","slug":"snookerova-treningova-gula-nic-barrow-524-mm","status":"publish","type":"product","link":"https:\/\/www.billiard-pro.cz\/sk\/obchod\/biliardove-gule-aramith\/snooker-sk\/snookerova-treningova-gula-nic-barrow-524-mm\/","title":{"rendered":"Snookerov\u00e1 tr\u00e9ningov\u00e1 gu\u013ea Nic Barrow 52,4 mm"},"content":{"rendered":"<p><strong>Nic Barrow&#8217;s Ultimate snookerov\u00e1 tr\u00e9ningov\u00e1 gu\u013ea 52,4 mm<img loading=\"lazy\" decoding=\"async\" class=\"size-full wp-image-3912 alignright\" src=\"https:\/\/www.billiard-pro.cz\/wp-content\/uploads\/2013\/09\/aramith-logo.jpg\" alt=\"Aramith\" width=\"112\" height=\"50\" \/><\/strong><\/p>\n<p><strong>NOVINKA od ARAMITH &#8211; SALUC IBA U N\u00c1S!<\/strong><\/p>\n<ul>\n<li>Tr\u00e9ningov\u00e1 gu\u013ea\u00a0pre snooker hr\u00e1\u010dov pod\u013ea vysk\u00fa\u0161an\u00fdch met\u00f3d<\/li>\n<li>Gu\u013ea navrhnut\u00e1 svetozn\u00e1mym tr\u00e9nerom snookerov\u00e9 hry Nicom Barrow<\/li>\n<li>Zlep\u0161ite svoje hern\u00e9 schopnosti &#8222;Potting&#8220; v 3 krokoch<\/li>\n<li>Majte kontrolu nad gu\u013eou a jej bo\u010dnou rot\u00e1ciou<\/li>\n<li>Ur\u010den\u00e9 pre za\u010diato\u010dn\u00edkov i pokro\u010dil\u00fdch<\/li>\n<li>Obsahuje tr\u00e9ningov\u00fd n\u00e1vod v angli\u010dtine<\/li>\n<\/ul>\n<p><strong>T\u00e1to tr\u00e9ningov\u00e1 gu\u013ea v\u00e1s nau\u010d\u00ed tajomstvo \u00faspechu top svetov\u00fdch hr\u00e1\u010dov!<\/strong><br \/>\n1<strong>. Cue Ball &#8211; Pozi\u010dn\u00e1 hra \/ Cue Action<\/strong><br \/>\nT\u00e1to strana zobrazuje ment\u00e1lnu mapu, ktor\u00fa profesion\u00e1lni snooker hr\u00e1\u010di a odborn\u00edci pou\u017e\u00edvaj\u00fa pri pl\u00e1novan\u00ed ich kontroly nad gu\u013eou v ka\u017edom z\u00e1b\u011bru. Gu\u013ea\u00a0je rozdelen\u00e1 na zelenej stredovej \u010diare pre za\u010diato\u010dn\u00edkov, \u010derven\u00e1 plocha pre pokro\u010dil\u00fdch a tr\u00e9ning pre bo\u010dn\u00fa rot\u00e1ciu.<\/p>\n<p><strong>2.Object Ball &#8211; Zacielenie, Mierenie a \u00fader<\/strong><br \/>\nT\u00e1to strana ukazuje jednoduch\u00fa dvojstup\u0148ovou met\u00f3du pre n\u00e1jdenie spr\u00e1vneho kontaktn\u00e9ho miesta \u00faderu na gu\u013eu. Tr\u00e9nujte svoje o\u010di tak, aby v\u017edy na\u0161li ten spr\u00e1vny bod \u00e2 \u20ac ~ Potting point \u20ac &#x2122; na gu\u013ee, \u010do je z\u00e1sadn\u00e9 pre presn\u00e9 cielenie, mierenie a nastavenie spr\u00e1vneho uhla \u00faderu.<\/p>\n<p><strong>3. Cue ball calculator &#8211; Break Building<\/strong><br \/>\nUmiestnite tento vo\u013en\u00fd kot\u00fa\u010d na svojom tr\u00e9ningovom stole tam, kde chcete, aby sa dostala koule.Kot\u00fa\u010d sl\u00fa\u017ei ako vizu\u00e1lna vod\u00edtko. Tieto tri jednoduch\u00e9 kroky vp\u00edsane na kruhovom kot\u00fa\u010di v\u00e1s don\u00fati pl\u00e1nova\u0165 svoju pozi\u010dn\u00fa hru ako profesion\u00e1li. T\u00fdm sa v\u00fdrazne zvy\u0161uje r\u00fdchlos\u0165, ktorou sa u\u010d\u00edte a zlep\u0161ujete svoju pozi\u010dn\u00fa hru.<\/p>\n<p><strong>V\u00fdrobca:<\/strong> SALUC \/ ARAMITH, Belgicko<\/p>\n<p><strong>Dostupnos\u0165:<\/strong> skladom<\/p>\n<p><strong>Nic Barrow tr\u00e9ningov\u00e1 videa:<\/strong><\/p>\n<p><iframe loading=\"lazy\" title=\"Positional Play | AimFrame Bonus Video 11: Knowing The 9 Cue Ball Heights\" width=\"500\" height=\"281\" src=\"https:\/\/www.youtube.com\/embed\/jvitu7adib8?feature=oembed\" frameborder=\"0\" allow=\"accelerometer; autoplay; clipboard-write; encrypted-media; gyroscope; picture-in-picture; web-share\" referrerpolicy=\"strict-origin-when-cross-origin\" allowfullscreen><\/iframe><\/p>\n<p><iframe loading=\"lazy\" title=\"Cue Action Trainer | Video 1.2\/31 | Line Of Aim, Cue Ball Height &amp; Speed\" width=\"500\" height=\"281\" src=\"https:\/\/www.youtube.com\/embed\/HtXQBkO2jgA?feature=oembed\" frameborder=\"0\" allow=\"accelerometer; autoplay; clipboard-write; encrypted-media; gyroscope; picture-in-picture; web-share\" referrerpolicy=\"strict-origin-when-cross-origin\" allowfullscreen><\/iframe><\/p>\n","protected":false},"excerpt":{"rendered":"<p>Nic Barrow&#8217;s Ultimate snookerov\u00e1 tr\u00e9ningov\u00e1 gu\u013ea 52,4 mm NOVINKA od ARAMITH &#8211; SALUC IBA U N\u00c1S! Tr\u00e9ningov\u00e1 gu\u013ea\u00a0pre snooker hr\u00e1\u010dov pod\u013ea vysk\u00fa\u0161an\u00fdch met\u00f3d Gu\u013ea navrhnut\u00e1 svetozn\u00e1mym tr\u00e9nerom snookerov\u00e9 hry Nicom Barrow Zlep\u0161ite svoje hern\u00e9 schopnosti &#8222;Potting&#8220; v 3 krokoch Majte kontrolu nad gu\u013eou a jej bo\u010dnou rot\u00e1ciou Ur\u010den\u00e9 pre za\u010diato\u010dn\u00edkov i pokro\u010dil\u00fdch Obsahuje tr\u00e9ningov\u00fd n\u00e1vod [&hellip;]<\/p>\n","protected":false},"featured_media":9472,"comment_status":"closed","ping_status":"closed","template":"","meta":[],"product_brand":[],"product_cat":[277,229],"product_tag":[],"class_list":{"0":"post-9488","1":"product","2":"type-product","3":"status-publish","4":"has-post-thumbnail","6":"product_cat-biliardove-gule-aramith","7":"product_cat-snooker-sk","9":"first","10":"instock","11":"shipping-taxable","12":"purchasable","13":"product-type-simple"},"_links":{"self":[{"href":"https:\/\/www.billiard-pro.cz\/sk\/wp-json\/wp\/v2\/product\/9488","targetHints":{"allow":["GET"]}}],"collection":[{"href":"https:\/\/www.billiard-pro.cz\/sk\/wp-json\/wp\/v2\/product"}],"about":[{"href":"https:\/\/www.billiard-pro.cz\/sk\/wp-json\/wp\/v2\/types\/product"}],"replies":[{"embeddable":true,"href":"https:\/\/www.billiard-pro.cz\/sk\/wp-json\/wp\/v2\/comments?post=9488"}],"wp:featuredmedia":[{"embeddable":true,"href":"https:\/\/www.billiard-pro.cz\/sk\/wp-json\/wp\/v2\/media\/9472"}],"wp:attachment":[{"href":"https:\/\/www.billiard-pro.cz\/sk\/wp-json\/wp\/v2\/media?parent=9488"}],"wp:term":[{"taxonomy":"product_brand","embeddable":true,"href":"https:\/\/www.billiard-pro.cz\/sk\/wp-json\/wp\/v2\/product_brand?post=9488"},{"taxonomy":"product_cat","embeddable":true,"href":"https:\/\/www.billiard-pro.cz\/sk\/wp-json\/wp\/v2\/product_cat?post=9488"},{"taxonomy":"product_tag","embeddable":true,"href":"https:\/\/www.billiard-pro.cz\/sk\/wp-json\/wp\/v2\/product_tag?post=9488"}],"curies":[{"name":"wp","href":"https:\/\/api.w.org\/{rel}","templated":true}]}}