{"id":9504,"date":"2016-08-10T12:43:49","date_gmt":"2016-08-10T10:43:49","guid":{"rendered":"http:\/\/www.billiard-pro.cz\/sk\/?post_type=product&#038;p=9504"},"modified":"2020-01-24T19:17:10","modified_gmt":"2020-01-24T18:17:10","slug":"mostik-swan-neck-labuti-krk-snooker","status":"publish","type":"product","link":"https:\/\/www.billiard-pro.cz\/sk\/obchod\/billiardove-potreby\/taga-prislusenstvo-2\/podpery-na-tago-2\/mostik-swan-neck-labuti-krk-snooker\/","title":{"rendered":"Most\u00edk Swan Neck &#8211; &#8222;labut\u00ed krk&#8220; &#8211; snooker"},"content":{"rendered":"<p><strong>Most\u00edk Swan Neck &#8211; &#8222;labut\u00ed krk&#8220; &#8211; snooker\u00a0<img loading=\"lazy\" decoding=\"async\" class=\"size-full wp-image-2551 alignright\" src=\"https:\/\/www.billiard-pro.cz\/wp-content\/uploads\/2014\/07\/dynamic_billiard-obchodni-zastoupeni-CR.png\" alt=\"dynamic_billiard obchodni zastoupeni CR\" width=\"160\" height=\"59\" srcset=\"https:\/\/www.billiard-pro.cz\/wp-content\/uploads\/2014\/07\/dynamic_billiard-obchodni-zastoupeni-CR.png 160w, https:\/\/www.billiard-pro.cz\/wp-content\/uploads\/2014\/07\/dynamic_billiard-obchodni-zastoupeni-CR-148x54.png 148w, https:\/\/www.billiard-pro.cz\/wp-content\/uploads\/2014\/07\/dynamic_billiard-obchodni-zastoupeni-CR-31x11.png 31w, https:\/\/www.billiard-pro.cz\/wp-content\/uploads\/2014\/07\/dynamic_billiard-obchodni-zastoupeni-CR-38x14.png 38w\" sizes=\"auto, (max-width: 160px) 100vw, 160px\" \/><\/strong><\/p>\n<ul>\n<li>Podpera t\u00e1ga snooker<\/li>\n<li>Most\u00edk je vysok\u00fd a dostato\u010dne dlh\u00fd<\/li>\n<li>Ide\u00e1lne most\u00edk pri hran\u00ed cez gule (pou\u017e\u00edva sa naj\u010dastej\u0161ie pri snookri)<\/li>\n<li>Tento most\u00edk &#8211; podpera t\u00e1ga sa nasadzuje a skrutkuje na r\u00f4zne d\u013a\u017eky n\u00e1stavcov<\/li>\n<\/ul>\n<p><strong>Materi\u00e1l:<\/strong> mas\u00edvna mosadz<\/p>\n<p><strong>V\u00fdrobca:<\/strong> Dynamic, Nemecko<\/p>\n<p><strong>Dostupnos\u0165:<\/strong> skladom<\/p>\n","protected":false},"excerpt":{"rendered":"<p>Most\u00edk Swan Neck &#8211; &#8222;labut\u00ed krk&#8220; &#8211; snooker\u00a0 Podpera t\u00e1ga snooker Most\u00edk je vysok\u00fd a dostato\u010dne dlh\u00fd Ide\u00e1lne most\u00edk pri hran\u00ed cez gule (pou\u017e\u00edva sa naj\u010dastej\u0161ie pri snookri) Tento most\u00edk &#8211; podpera t\u00e1ga sa nasadzuje a skrutkuje na r\u00f4zne d\u013a\u017eky n\u00e1stavcov Materi\u00e1l: mas\u00edvna mosadz V\u00fdrobca: Dynamic, Nemecko Dostupnos\u0165: skladom<\/p>\n","protected":false},"featured_media":9497,"comment_status":"closed","ping_status":"closed","template":"","meta":[],"product_brand":[],"product_cat":[363,273],"product_tag":[],"class_list":{"0":"post-9504","1":"product","2":"type-product","3":"status-publish","4":"has-post-thumbnail","6":"product_cat-podpery-na-tago-2","7":"product_cat-taga-prislusenstvo-2","9":"first","10":"instock","11":"shipping-taxable","12":"purchasable","13":"product-type-simple"},"_links":{"self":[{"href":"https:\/\/www.billiard-pro.cz\/sk\/wp-json\/wp\/v2\/product\/9504","targetHints":{"allow":["GET"]}}],"collection":[{"href":"https:\/\/www.billiard-pro.cz\/sk\/wp-json\/wp\/v2\/product"}],"about":[{"href":"https:\/\/www.billiard-pro.cz\/sk\/wp-json\/wp\/v2\/types\/product"}],"replies":[{"embeddable":true,"href":"https:\/\/www.billiard-pro.cz\/sk\/wp-json\/wp\/v2\/comments?post=9504"}],"wp:featuredmedia":[{"embeddable":true,"href":"https:\/\/www.billiard-pro.cz\/sk\/wp-json\/wp\/v2\/media\/9497"}],"wp:attachment":[{"href":"https:\/\/www.billiard-pro.cz\/sk\/wp-json\/wp\/v2\/media?parent=9504"}],"wp:term":[{"taxonomy":"product_brand","embeddable":true,"href":"https:\/\/www.billiard-pro.cz\/sk\/wp-json\/wp\/v2\/product_brand?post=9504"},{"taxonomy":"product_cat","embeddable":true,"href":"https:\/\/www.billiard-pro.cz\/sk\/wp-json\/wp\/v2\/product_cat?post=9504"},{"taxonomy":"product_tag","embeddable":true,"href":"https:\/\/www.billiard-pro.cz\/sk\/wp-json\/wp\/v2\/product_tag?post=9504"}],"curies":[{"name":"wp","href":"https:\/\/api.w.org\/{rel}","templated":true}]}}