{"id":9510,"date":"2016-08-10T13:29:08","date_gmt":"2016-08-10T11:29:08","guid":{"rendered":"http:\/\/www.billiard-pro.cz\/sk\/?post_type=product&#038;p=9510"},"modified":"2016-08-10T17:09:51","modified_gmt":"2016-08-10T15:09:51","slug":"podpera-taga-mostik-rest-head-power-od-dynamic","status":"publish","type":"product","link":"https:\/\/www.billiard-pro.cz\/sk\/obchod\/billiardove-potreby\/taga-prislusenstvo-2\/podpery-na-tago-2\/podpera-taga-mostik-rest-head-power-od-dynamic\/","title":{"rendered":"Podpera t\u00e1ga &#8211; most\u00edk Rest Head Power od Dynamic"},"content":{"rendered":"<p><strong>Plastov\u00e1 podpera t\u00e1ga \/ most\u00edk &#8222;Rest head Power&#8220;\u00a0<\/strong><\/p>\n<ul>\n<li>Podopiera t\u00e1go<\/li>\n<li>V\u00fdhodou tohto most\u00edka je mo\u017enos\u0165 priskrutkova\u0165 podperu k n\u00e1stavcu<\/li>\n<li>Podpera Power sa nasadzuje a skrutkuje na r\u00f4zne d\u013a\u017eky n\u00e1stavcov napr\u00edklad:<\/li>\n<li><a href=\"https:\/\/www.billiard-pro.cz\/sk\/obchod\/billiardove-potreby\/taga-prislusenstvo-2\/nastavec-k-podperam-mostikom-zn-classic-black\/\">Rest shaft Classic Black 145 cm\u00a0<\/a><\/li>\n<\/ul>\n<p><strong>Materi\u00e1l:<\/strong> Tvrden\u00fd plast \/ PVC v \u010diernej farbe<\/p>\n<p><strong>V\u00fdrobca:<\/strong> Dynamic, Nemecko<\/p>\n<p><strong>Dostupnos\u0165:<\/strong> skladom<\/p>\n","protected":false},"excerpt":{"rendered":"<p>Plastov\u00e1 podpera t\u00e1ga \/ most\u00edk &#8222;Rest head Power&#8220;\u00a0 Podopiera t\u00e1go V\u00fdhodou tohto most\u00edka je mo\u017enos\u0165 priskrutkova\u0165 podperu k n\u00e1stavcu Podpera Power sa nasadzuje a skrutkuje na r\u00f4zne d\u013a\u017eky n\u00e1stavcov napr\u00edklad: Rest shaft Classic Black 145 cm\u00a0 Materi\u00e1l: Tvrden\u00fd plast \/ PVC v \u010diernej farbe V\u00fdrobca: Dynamic, Nemecko Dostupnos\u0165: skladom<\/p>\n","protected":false},"featured_media":9509,"comment_status":"closed","ping_status":"closed","template":"","meta":[],"product_brand":[],"product_cat":[363,273],"product_tag":[],"class_list":{"0":"post-9510","1":"product","2":"type-product","3":"status-publish","4":"has-post-thumbnail","6":"product_cat-podpery-na-tago-2","7":"product_cat-taga-prislusenstvo-2","9":"first","10":"instock","11":"shipping-taxable","12":"purchasable","13":"product-type-simple"},"_links":{"self":[{"href":"https:\/\/www.billiard-pro.cz\/sk\/wp-json\/wp\/v2\/product\/9510","targetHints":{"allow":["GET"]}}],"collection":[{"href":"https:\/\/www.billiard-pro.cz\/sk\/wp-json\/wp\/v2\/product"}],"about":[{"href":"https:\/\/www.billiard-pro.cz\/sk\/wp-json\/wp\/v2\/types\/product"}],"replies":[{"embeddable":true,"href":"https:\/\/www.billiard-pro.cz\/sk\/wp-json\/wp\/v2\/comments?post=9510"}],"wp:featuredmedia":[{"embeddable":true,"href":"https:\/\/www.billiard-pro.cz\/sk\/wp-json\/wp\/v2\/media\/9509"}],"wp:attachment":[{"href":"https:\/\/www.billiard-pro.cz\/sk\/wp-json\/wp\/v2\/media?parent=9510"}],"wp:term":[{"taxonomy":"product_brand","embeddable":true,"href":"https:\/\/www.billiard-pro.cz\/sk\/wp-json\/wp\/v2\/product_brand?post=9510"},{"taxonomy":"product_cat","embeddable":true,"href":"https:\/\/www.billiard-pro.cz\/sk\/wp-json\/wp\/v2\/product_cat?post=9510"},{"taxonomy":"product_tag","embeddable":true,"href":"https:\/\/www.billiard-pro.cz\/sk\/wp-json\/wp\/v2\/product_tag?post=9510"}],"curies":[{"name":"wp","href":"https:\/\/api.w.org\/{rel}","templated":true}]}}