{"id":9518,"date":"2016-08-10T16:37:20","date_gmt":"2016-08-10T14:37:20","guid":{"rendered":"http:\/\/www.billiard-pro.cz\/sk\/?post_type=product&#038;p=9518"},"modified":"2016-08-10T17:07:34","modified_gmt":"2016-08-10T15:07:34","slug":"nastavec-k-podperam-mostikom-zn-classic-black","status":"publish","type":"product","link":"https:\/\/www.billiard-pro.cz\/sk\/obchod\/billiardove-potreby\/taga-prislusenstvo-2\/podpery-na-tago-2\/nastavec-k-podperam-mostikom-zn-classic-black\/","title":{"rendered":"N\u00e1stavec k podper\u00e1m &#8211; most\u00edkom zn. Classic Black"},"content":{"rendered":"<p><strong>N\u00e1stavec k podper\u00e1m &#8211; most\u00edkom zn. Classic Black<img loading=\"lazy\" decoding=\"async\" class=\"size-medium wp-image-9517 alignright\" src=\"https:\/\/www.billiard-pro.cz\/wp-content\/uploads\/2016\/08\/classic-billiards-logo-300x108.png\" alt=\"classic-billiards-logo\" width=\"300\" height=\"108\" srcset=\"https:\/\/www.billiard-pro.cz\/wp-content\/uploads\/2016\/08\/classic-billiards-logo-300x108.png 300w, https:\/\/www.billiard-pro.cz\/wp-content\/uploads\/2016\/08\/classic-billiards-logo.png 363w\" sizes=\"auto, (max-width: 300px) 100vw, 300px\" \/><\/strong><\/p>\n<ul>\n<li>\u0160peci\u00e1lny n\u00e1stavec k podper\u00e1m \/ most\u00edkom t\u00e1g z jase\u0148ov\u00e9ho dreva<\/li>\n<li>N\u00e1stavec \/ shaft k most\u00edkom sl\u00fa\u017eiace ako pred\u013a\u017eenie podpery pod biliardov\u00e9 t\u00e1ga<\/li>\n<li>D\u013a\u017eka 145 cm, priemer zakon\u010denie 12 mm<\/li>\n<li>Most\u00edky, podstavce, kr\u00ed\u017ee a \u010fal\u0161ie podpery sa na tento nadstavec skrutkuj\u00fa alebo nasadzuj\u00fa<\/li>\n<li>Hodiaci sa podpera \/ most\u00edk napr\u00edklad: \u00a0&#8211; <a href=\"https:\/\/www.billiard-pro.cz\/sk\/obchod\/billiardove-potreby\/taga-prislusenstvo-2\/podpera-taga-mostik-rest-head-power-od-dynamic\/\">Most\u00edk Power Black<\/a><\/li>\n<\/ul>\n<p><strong>Materi\u00e1l: jase\u0148ov\u00e9 drevo moren\u00e9 do \u010diernej, lakovan\u00e9<\/strong><\/p>\n<p><strong>V\u00fdrobca:<\/strong> Classic Biliard<\/p>\n<p><strong>Dostupnos\u0165:<\/strong> skladom<\/p>\n","protected":false},"excerpt":{"rendered":"<p>N\u00e1stavec k podper\u00e1m &#8211; most\u00edkom zn. Classic Black \u0160peci\u00e1lny n\u00e1stavec k podper\u00e1m \/ most\u00edkom t\u00e1g z jase\u0148ov\u00e9ho dreva N\u00e1stavec \/ shaft k most\u00edkom sl\u00fa\u017eiace ako pred\u013a\u017eenie podpery pod biliardov\u00e9 t\u00e1ga D\u013a\u017eka 145 cm, priemer zakon\u010denie 12 mm Most\u00edky, podstavce, kr\u00ed\u017ee a \u010fal\u0161ie podpery sa na tento nadstavec skrutkuj\u00fa alebo nasadzuj\u00fa Hodiaci sa podpera \/ most\u00edk [&hellip;]<\/p>\n","protected":false},"featured_media":9521,"comment_status":"closed","ping_status":"closed","template":"","meta":[],"product_brand":[],"product_cat":[363,273],"product_tag":[],"class_list":{"0":"post-9518","1":"product","2":"type-product","3":"status-publish","4":"has-post-thumbnail","6":"product_cat-podpery-na-tago-2","7":"product_cat-taga-prislusenstvo-2","9":"first","10":"instock","11":"shipping-taxable","12":"purchasable","13":"product-type-simple"},"_links":{"self":[{"href":"https:\/\/www.billiard-pro.cz\/sk\/wp-json\/wp\/v2\/product\/9518","targetHints":{"allow":["GET"]}}],"collection":[{"href":"https:\/\/www.billiard-pro.cz\/sk\/wp-json\/wp\/v2\/product"}],"about":[{"href":"https:\/\/www.billiard-pro.cz\/sk\/wp-json\/wp\/v2\/types\/product"}],"replies":[{"embeddable":true,"href":"https:\/\/www.billiard-pro.cz\/sk\/wp-json\/wp\/v2\/comments?post=9518"}],"wp:featuredmedia":[{"embeddable":true,"href":"https:\/\/www.billiard-pro.cz\/sk\/wp-json\/wp\/v2\/media\/9521"}],"wp:attachment":[{"href":"https:\/\/www.billiard-pro.cz\/sk\/wp-json\/wp\/v2\/media?parent=9518"}],"wp:term":[{"taxonomy":"product_brand","embeddable":true,"href":"https:\/\/www.billiard-pro.cz\/sk\/wp-json\/wp\/v2\/product_brand?post=9518"},{"taxonomy":"product_cat","embeddable":true,"href":"https:\/\/www.billiard-pro.cz\/sk\/wp-json\/wp\/v2\/product_cat?post=9518"},{"taxonomy":"product_tag","embeddable":true,"href":"https:\/\/www.billiard-pro.cz\/sk\/wp-json\/wp\/v2\/product_tag?post=9518"}],"curies":[{"name":"wp","href":"https:\/\/api.w.org\/{rel}","templated":true}]}}