{"id":9558,"date":"2016-09-02T13:50:46","date_gmt":"2016-09-02T11:50:46","guid":{"rendered":"http:\/\/www.billiard-pro.cz\/sk\/?post_type=product&#038;p=9558"},"modified":"2016-09-02T13:54:28","modified_gmt":"2016-09-02T11:54:28","slug":"tvarovac-koze-na-tago-teflonovy-znacky-buffalo","status":"publish","type":"product","link":"https:\/\/www.billiard-pro.cz\/sk\/obchod\/billiardove-potreby\/taga-prislusenstvo-2\/struhadla-brusky\/tvarovac-koze-na-tago-teflonovy-znacky-buffalo\/","title":{"rendered":"Tvarova\u010d ko\u017ee na t\u00e1go teflonov\u00fd zna\u010dky Buffalo"},"content":{"rendered":"<p><strong>Teflon Tip Shaper Buffalo<img loading=\"lazy\" decoding=\"async\" class=\"size-full wp-image-4872 alignright\" src=\"https:\/\/www.billiard-pro.cz\/wp-content\/uploads\/2014\/06\/buffalo.png\" alt=\"buffalo\" width=\"66\" height=\"17\" \/><\/strong><\/p>\n<ul>\n<li>Tefl\u00f3nov\u00fd tvarova\u010d-upravova\u010d ko\u017ee na t\u00e1go<\/li>\n<li>Vynikaj\u00faca pom\u00f4cka na \u00fapravu ko\u017ee t\u00e1ga<\/li>\n<li>Tefl\u00f3nov\u00fd tvarova\u010d ko\u017ee, s ktor\u00e9ho pomocou je mo\u017en\u00e9 upravova\u0165 ko\u017ee a\u017e do priemeru 16 mm<\/li>\n<\/ul>\n<p>&nbsp;<\/p>\n<p><strong>V\u00fdrobca:<\/strong> Buffalo, Holandsko<\/p>\n","protected":false},"excerpt":{"rendered":"<p>Teflon Tip Shaper Buffalo Tefl\u00f3nov\u00fd tvarova\u010d-upravova\u010d ko\u017ee na t\u00e1go Vynikaj\u00faca pom\u00f4cka na \u00fapravu ko\u017ee t\u00e1ga Tefl\u00f3nov\u00fd tvarova\u010d ko\u017ee, s ktor\u00e9ho pomocou je mo\u017en\u00e9 upravova\u0165 ko\u017ee a\u017e do priemeru 16 mm &nbsp; V\u00fdrobca: Buffalo, Holandsko<\/p>\n","protected":false},"featured_media":9557,"comment_status":"closed","ping_status":"closed","template":"","meta":[],"product_brand":[],"product_cat":[251,369,273],"product_tag":[],"class_list":{"0":"post-9558","1":"product","2":"type-product","3":"status-publish","4":"has-post-thumbnail","6":"product_cat-billiardove-potreby","7":"product_cat-struhadla-brusky","8":"product_cat-taga-prislusenstvo-2","10":"first","11":"instock","12":"shipping-taxable","13":"purchasable","14":"product-type-simple"},"_links":{"self":[{"href":"https:\/\/www.billiard-pro.cz\/sk\/wp-json\/wp\/v2\/product\/9558","targetHints":{"allow":["GET"]}}],"collection":[{"href":"https:\/\/www.billiard-pro.cz\/sk\/wp-json\/wp\/v2\/product"}],"about":[{"href":"https:\/\/www.billiard-pro.cz\/sk\/wp-json\/wp\/v2\/types\/product"}],"replies":[{"embeddable":true,"href":"https:\/\/www.billiard-pro.cz\/sk\/wp-json\/wp\/v2\/comments?post=9558"}],"wp:featuredmedia":[{"embeddable":true,"href":"https:\/\/www.billiard-pro.cz\/sk\/wp-json\/wp\/v2\/media\/9557"}],"wp:attachment":[{"href":"https:\/\/www.billiard-pro.cz\/sk\/wp-json\/wp\/v2\/media?parent=9558"}],"wp:term":[{"taxonomy":"product_brand","embeddable":true,"href":"https:\/\/www.billiard-pro.cz\/sk\/wp-json\/wp\/v2\/product_brand?post=9558"},{"taxonomy":"product_cat","embeddable":true,"href":"https:\/\/www.billiard-pro.cz\/sk\/wp-json\/wp\/v2\/product_cat?post=9558"},{"taxonomy":"product_tag","embeddable":true,"href":"https:\/\/www.billiard-pro.cz\/sk\/wp-json\/wp\/v2\/product_tag?post=9558"}],"curies":[{"name":"wp","href":"https:\/\/api.w.org\/{rel}","templated":true}]}}