{"id":9787,"date":"2016-11-07T17:52:16","date_gmt":"2016-11-07T16:52:16","guid":{"rendered":"http:\/\/www.billiard-pro.cz\/sk\/?post_type=product&#038;p=9787"},"modified":"2024-10-23T10:30:00","modified_gmt":"2024-10-23T08:30:00","slug":"strachan-snookerove-sukno-strachan-6811-gold-tournament-30oz","status":"publish","type":"product","link":"https:\/\/www.billiard-pro.cz\/sk\/obchod\/biliardova-sukna-simonis\/snooker-strachan-sk\/strachan-snookerove-sukno-strachan-6811-gold-tournament-30oz\/","title":{"rendered":"Snookerov\u00e9 s\u00fakno Strachan 6811 Gold Tournament 30\u00b4oz"},"content":{"rendered":"<p><strong>Strachan 6811 Gold Tournament 30\u00b4oz West of England<img loading=\"lazy\" decoding=\"async\" class=\"size-medium wp-image-9765 alignright\" src=\"https:\/\/www.billiard-pro.cz\/wp-content\/uploads\/2016\/11\/product_8620-300x101.jpg\" alt=\"product_8620\" width=\"300\" height=\"101\" srcset=\"https:\/\/www.billiard-pro.cz\/wp-content\/uploads\/2016\/11\/product_8620-300x101.jpg 300w, https:\/\/www.billiard-pro.cz\/wp-content\/uploads\/2016\/11\/product_8620-150x50.jpg 150w, https:\/\/www.billiard-pro.cz\/wp-content\/uploads\/2016\/11\/product_8620.jpg 387w\" sizes=\"auto, (max-width: 300px) 100vw, 300px\" \/><br \/>\n<\/strong><\/p>\n<ul>\n<li>Nejpopul\u00e1rn\u011bj\u0161\u00ed a nej\u017e\u00e1dan\u011bj\u0161\u00ed snookerov\u00e9 sukno na sv\u011bt\u011b ze 100% kvalitn\u00ed vlny.<\/li>\n<li>Rychl\u00e9, p\u0159esn\u00e9, s vysokou kontrolou.<\/li>\n<li>Toto sukno se pou\u017e\u00edv\u00e1 v\u00fdhradn\u011b na IBSF mistrovstv\u00edch sv\u011bta, asijsk\u00fdch a evropsk\u00fdch \u0161ampion\u00e1tech.<\/li>\n<li>V sou\u010dasn\u00e9 dob\u011b se na tomto suknu hraj\u00ed v\u0161echna Mistrovstv\u00ed v\u010detn\u011b Master Tour<img loading=\"lazy\" decoding=\"async\" class=\"size-full wp-image-9764 alignright\" src=\"https:\/\/www.billiard-pro.cz\/wp-content\/uploads\/2016\/11\/World-snooker-logo.png\" alt=\"world-snooker-logo\" width=\"75\" height=\"65\" \/><\/li>\n<li>Origin\u00e1ln\u00ed sukno Strachan ve \u0161pi\u010dkov\u00e9 kvalit\u011b<\/li>\n<li>Ka\u017ed\u00fd vlastn\u00edk snookerov\u00e9ho stolu a\u0165 v klubu nebo doma ocen\u00ed vynikaj\u00edc\u00ed hern\u00ed vlastnosti a vysokou trvanlivost sukna Strachan<\/li>\n<li>Barva klasick\u00e1 snookerov\u00e1 zelen\u00e1<\/li>\n<li><strong>Strachan 6811 Tournament \u2013 200 cm \u0161\u00ed\u0159e &#8211; 30oz \u2013 931 gram\/na b\u011b\u017en\u00fd metr<\/strong><\/li>\n<\/ul>\n<ul>\n<li>Spole\u010dnost WSP Textiles Ltd. tradi\u010dn\u00ed anglick\u00fd v\u00fdrobce snookerov\u00e9 sukna Strachan se od 1.5.2016 st\u00e1v\u00e1 ned\u00edlnou sou\u010d\u00e1st\u00ed a nov\u00fdm \u010dlenem skupiny Peltzer &amp; Fils za\u0161ti\u0165uj\u00edc\u00ed 3 v\u00fdznamn\u00e9 v\u00fdrobce kule\u010dn\u00edkov\u00fdch suken a koul\u00ed.<\/li>\n<\/ul>\n<ul>\n<li><strong>1. Iwan Simonis S.A. \u2013 belgick\u00fd v\u00fdrobce suken Simonis<\/strong><\/li>\n<li><strong>2. Saluc\/Aramith S.A. \u2013 belgick\u00fd v\u00fdrobce koul\u00ed Aramith<\/strong><\/li>\n<li><strong>3. WSP Textiels Ltd. \u2013 anglick\u00fd v\u00fdrobce suken Strachan\u00a0<\/strong><\/li>\n<\/ul>\n<p><img loading=\"lazy\" decoding=\"async\" class=\"size-medium wp-image-9768 aligncenter\" src=\"https:\/\/www.billiard-pro.cz\/wp-content\/uploads\/2016\/11\/Screen-Shot-2016-01-26-at-11.58.03-PM-300x127.png\" alt=\"screen-shot-2016-01-26-at-11-58-03-pm\" width=\"300\" height=\"127\" srcset=\"https:\/\/www.billiard-pro.cz\/wp-content\/uploads\/2016\/11\/Screen-Shot-2016-01-26-at-11.58.03-PM-300x127.png 300w, https:\/\/www.billiard-pro.cz\/wp-content\/uploads\/2016\/11\/Screen-Shot-2016-01-26-at-11.58.03-PM-150x64.png 150w, https:\/\/www.billiard-pro.cz\/wp-content\/uploads\/2016\/11\/Screen-Shot-2016-01-26-at-11.58.03-PM.png 471w\" sizes=\"auto, (max-width: 300px) 100vw, 300px\" \/><\/p>\n<p><strong>Barva: <\/strong>English Green<\/p>\n<p><strong>V\u00fdrobce:<\/strong> WSP Textiles Ltd, Anglie<\/p>\n<p><strong>Dostupnost zbo\u017e\u00ed:<\/strong> skladem<\/p>\n","protected":false},"excerpt":{"rendered":"<p>Strachan 6811 Gold Tournament 30\u00b4oz West of England Nejpopul\u00e1rn\u011bj\u0161\u00ed a nej\u017e\u00e1dan\u011bj\u0161\u00ed snookerov\u00e9 sukno na sv\u011bt\u011b ze 100% kvalitn\u00ed vlny. Rychl\u00e9, p\u0159esn\u00e9, s vysokou kontrolou. Toto sukno se pou\u017e\u00edv\u00e1 v\u00fdhradn\u011b na IBSF mistrovstv\u00edch sv\u011bta, asijsk\u00fdch a evropsk\u00fdch \u0161ampion\u00e1tech. V sou\u010dasn\u00e9 dob\u011b se na tomto suknu hraj\u00ed v\u0161echna Mistrovstv\u00ed v\u010detn\u011b Master Tour Origin\u00e1ln\u00ed sukno Strachan ve \u0161pi\u010dkov\u00e9 [&hellip;]<\/p>\n","protected":false},"featured_media":9773,"comment_status":"closed","ping_status":"closed","template":"","meta":[],"product_brand":[],"product_cat":[269,271],"product_tag":[],"class_list":{"0":"post-9787","1":"product","2":"type-product","3":"status-publish","4":"has-post-thumbnail","6":"product_cat-biliardova-sukna-simonis","7":"product_cat-snooker-strachan-sk","8":"pa_width-200-cm-sk","10":"first","11":"instock","12":"shipping-taxable","13":"product-type-variable"},"_links":{"self":[{"href":"https:\/\/www.billiard-pro.cz\/sk\/wp-json\/wp\/v2\/product\/9787","targetHints":{"allow":["GET"]}}],"collection":[{"href":"https:\/\/www.billiard-pro.cz\/sk\/wp-json\/wp\/v2\/product"}],"about":[{"href":"https:\/\/www.billiard-pro.cz\/sk\/wp-json\/wp\/v2\/types\/product"}],"replies":[{"embeddable":true,"href":"https:\/\/www.billiard-pro.cz\/sk\/wp-json\/wp\/v2\/comments?post=9787"}],"wp:featuredmedia":[{"embeddable":true,"href":"https:\/\/www.billiard-pro.cz\/sk\/wp-json\/wp\/v2\/media\/9773"}],"wp:attachment":[{"href":"https:\/\/www.billiard-pro.cz\/sk\/wp-json\/wp\/v2\/media?parent=9787"}],"wp:term":[{"taxonomy":"product_brand","embeddable":true,"href":"https:\/\/www.billiard-pro.cz\/sk\/wp-json\/wp\/v2\/product_brand?post=9787"},{"taxonomy":"product_cat","embeddable":true,"href":"https:\/\/www.billiard-pro.cz\/sk\/wp-json\/wp\/v2\/product_cat?post=9787"},{"taxonomy":"product_tag","embeddable":true,"href":"https:\/\/www.billiard-pro.cz\/sk\/wp-json\/wp\/v2\/product_tag?post=9787"}],"curies":[{"name":"wp","href":"https:\/\/api.w.org\/{rel}","templated":true}]}}