{"id":9803,"date":"2016-11-10T15:18:39","date_gmt":"2016-11-10T14:18:39","guid":{"rendered":"http:\/\/www.billiard-pro.cz\/sk\/?post_type=product&#038;p=9803"},"modified":"2016-12-05T21:53:47","modified_gmt":"2016-12-05T20:53:47","slug":"karambolove-sukno-simonis-precishot-mantinelove-sirka-16-cm","status":"publish","type":"product","link":"https:\/\/www.billiard-pro.cz\/sk\/obchod\/biliardova-sukna-simonis\/karambol-sk\/karambolove-sukno-simonis-precishot-mantinelove-sirka-16-cm\/","title":{"rendered":"Karambolov\u00e9 s\u00fakno SIMONIS PRECISHOT\u00ae  mantinelov\u00e9 \u0161\u00edrka 16 cm"},"content":{"rendered":"<p><strong>SIMONIS PRECISHOT\u00ae &#8211; karambolov\u00e9 s\u00fakno na mantinely v \u0161\u00edrke 16 cm<\/strong><br \/>\n<img decoding=\"async\" class=\"alignright\" src=\"https:\/\/www.billiard-pro.cz\/wp-content\/uploads\/2013\/09\/simonis-logo.jpg\" alt=\"simonis-logo\" \/><\/p>\n<p><strong>S\u00fakno Iwan Simonis \u00a0\u0161peci\u00e1lne vhodn\u00e9 na potiahnutie mantinelov karambolov\u00fdch stolov.<\/strong><\/p>\n<p><strong>NOVINKA!<\/strong><\/p>\n<p><strong>Od 1.11.2016 skladom novo v \u0161\u00edrke 16 cm pre \u013eah\u0161iu manipul\u00e1ciu pri po\u0165ahovan\u00ed mantinelov karambolov\u00fdch stolov !<\/strong><\/p>\n<p>Spolo\u010dnos\u0165 Iwan Simonis uviedla v J\u00fani 2015 na trh nov\u00e9 karambolov\u00e9 mantinelov\u00e9 s\u00fakno Simonis PRECISHOT\u00ae!<br \/>\nPokia\u013e je \u00fadr\u017eba s\u00fakna Simonis 300 Rapide a Simonis 3000 na mantineloch zanedban\u00e1, doch\u00e1dza logicky rovnako ako u in\u00fdch zna\u010diek suken vyroben\u00fdch preva\u017ene z vlny k tomu, \u017ee sa v\u00fdkon na mantineloch postupne zni\u017euje (s\u00fakno kr\u00e1ti).<br \/>\nZ tohto d\u00f4vodu spolo\u010dnos\u0165 Iwan Simonis predstavila nov\u00e9 \u0161pecifick\u00e9 mantinelov\u00e9 s\u00fakno na karambol, ktor\u00e9 zlo\u017een\u00edm bez obsahu vlny umo\u017e\u0148uje kon\u0161tantn\u00fd v\u00fdkon a trval\u00e9 udr\u017eanie odrazu a rot\u00e1cie na mantineloch a to aj v pr\u00edpade, \u017ee je tu nedostatok \u00fadr\u017eby a starostlivosti.<br \/>\nTento prototyp s\u00fakna na mantinely bol viac ako rok vyv\u00edjan\u00fd a teraz testovan\u00fd v priebehu nieko\u013ek\u00fdch mesiacov profesion\u00e1lnymi hr\u00e1\u010dmi, v\u017edy v spojen\u00ed so Simonis 300 Rapide na doske stola.<br \/>\n<strong>V\u00fdsledky t\u00fdchto testov s\u00fa vynikaj\u00face, jednotn\u00e9 a preukazn\u00e9!<\/strong><\/p>\n<p><strong>Jedn\u00e1 sa o dokonal\u00fa kombin\u00e1ciu Simonis 300 RAPIDE pr\u00edp. Simonis 3000 v kombin\u00e1cii so Simonis PRECISHOT\u00ae!<\/strong><\/p>\n<p><strong>Spotreba pri pou\u017eit\u00ed s\u00fakna SIMONIS 300RAPIDE \/ 3000 na cel\u00fd st\u00f4l doska vr. mantinelov:<\/strong><\/p>\n<p>Karambol 210 x 105 &#8211; spotreba cel\u00fd st\u00f4l 2,70 m<br \/>\nKarambol 284 x 142 &#8211; spotreba cel\u00fd st\u00f4l 3,40 m<\/p>\n<p><strong>Spotreba pri pou\u017eit\u00ed kombin\u00e1cie SIMONIS 300 RAPIDE \/ 3000 doska a PRECISHOT\u00ae na mantinely:<\/strong><\/p>\n<p>Karambol 210 x 105 &#8211; doska 2,50 m SIMONIS 300\/3000 + mantinely 7,10 m PRECISHOT\u00ae<br \/>\nKarambol 284 x 142 &#8211; doska 3,12 m SIMONIS 300\/3000 + mantinely 9,70 m PRECISHOT\u00ae<\/p>\n<p>S\u00fakno PRECISHOT\u00ae v\u00e1m dod\u00e1me pod\u013ea priania u\u017e nastrihan\u00e9 na mantinely pod\u013ea ve\u013ekosti stola a v rovnakej farbe ako s\u00fakno SIMONIS 300 RAPIDE alebo SIMONIS 3000.<\/p>\n<p>Cena za be\u017en\u00fd meter \u0161\u00edrky 16 cm vr\u00e1tane DPH. Klubom SBIZ poskytujeme z\u013eavy!<\/p>\n<p><strong>Dostupnos\u0165 tovaru:<\/strong> skladom s dodan\u00edm do 3 pracovn\u00fdch dn\u00ed.<\/p>\n","protected":false},"excerpt":{"rendered":"<p>SIMONIS PRECISHOT\u00ae &#8211; karambolov\u00e9 s\u00fakno na mantinely v \u0161\u00edrke 16 cm S\u00fakno Iwan Simonis \u00a0\u0161peci\u00e1lne vhodn\u00e9 na potiahnutie mantinelov karambolov\u00fdch stolov. NOVINKA! Od 1.11.2016 skladom novo v \u0161\u00edrke 16 cm pre \u013eah\u0161iu manipul\u00e1ciu pri po\u0165ahovan\u00ed mantinelov karambolov\u00fdch stolov ! Spolo\u010dnos\u0165 Iwan Simonis uviedla v J\u00fani 2015 na trh nov\u00e9 karambolov\u00e9 mantinelov\u00e9 s\u00fakno Simonis PRECISHOT\u00ae! Pokia\u013e [&hellip;]<\/p>\n","protected":false},"featured_media":9798,"comment_status":"closed","ping_status":"closed","template":"","meta":[],"product_brand":[],"product_cat":[269,227],"product_tag":[],"class_list":{"0":"post-9803","1":"product","2":"type-product","3":"status-publish","4":"has-post-thumbnail","6":"product_cat-biliardova-sukna-simonis","7":"product_cat-karambol-sk","8":"pa_colour-delsa-blue-sk","9":"pa_colour-prestige-sk","10":"pa_colour-yellow-green-sk","12":"first","13":"instock","14":"shipping-taxable","15":"purchasable","16":"product-type-variable"},"_links":{"self":[{"href":"https:\/\/www.billiard-pro.cz\/sk\/wp-json\/wp\/v2\/product\/9803","targetHints":{"allow":["GET"]}}],"collection":[{"href":"https:\/\/www.billiard-pro.cz\/sk\/wp-json\/wp\/v2\/product"}],"about":[{"href":"https:\/\/www.billiard-pro.cz\/sk\/wp-json\/wp\/v2\/types\/product"}],"replies":[{"embeddable":true,"href":"https:\/\/www.billiard-pro.cz\/sk\/wp-json\/wp\/v2\/comments?post=9803"}],"wp:featuredmedia":[{"embeddable":true,"href":"https:\/\/www.billiard-pro.cz\/sk\/wp-json\/wp\/v2\/media\/9798"}],"wp:attachment":[{"href":"https:\/\/www.billiard-pro.cz\/sk\/wp-json\/wp\/v2\/media?parent=9803"}],"wp:term":[{"taxonomy":"product_brand","embeddable":true,"href":"https:\/\/www.billiard-pro.cz\/sk\/wp-json\/wp\/v2\/product_brand?post=9803"},{"taxonomy":"product_cat","embeddable":true,"href":"https:\/\/www.billiard-pro.cz\/sk\/wp-json\/wp\/v2\/product_cat?post=9803"},{"taxonomy":"product_tag","embeddable":true,"href":"https:\/\/www.billiard-pro.cz\/sk\/wp-json\/wp\/v2\/product_tag?post=9803"}],"curies":[{"name":"wp","href":"https:\/\/api.w.org\/{rel}","templated":true}]}}